{"id":1325,"date":"2018-08-27T12:18:41","date_gmt":"2018-08-27T12:18:41","guid":{"rendered":"http:\/\/booklovers.ancorathemes.com\/?page_id=1325"},"modified":"2020-10-02T15:15:22","modified_gmt":"2020-10-02T15:15:22","slug":"privacy-policy","status":"publish","type":"page","link":"https:\/\/www.spaziointeriore.com\/casaeditrice\/privacy-policy\/","title":{"rendered":"Privacy Policy"},"content":{"rendered":"\n<h2 class=\"wp-block-heading\">PRIVACY POLICY<\/h2>\n\n\n\n<h2 class=\"wp-block-heading\">Ai sensi degli Artt. 12-23 e dei Considerando 58-73 del Regolamento UE 2016\/679<\/h2>\n\n\n\n<p>Ai sensi dell&#8217;articolo 13 del Regolamento UE 679\/2016 in materia di dati personali si informa che il trattamento dei dati personali forniti in sede di compilazione dei form e\/o nella richiesta contatto presenti nei siti web www.spaziointeriore.com e www.spazionagual.it verr\u00e0 effettuato nel rispetto del Regolamento UE 679\/2016, nonch\u00e9 delle Direttive UE nn. 58\/2002 e 136\/2009.li utenti che lo consultano.<\/p>\n\n\n\n<p>Il titolare del trattamento dei dati personali \u00e8 la <strong>SPAZIO INTERIORE Soc. Coop.<\/strong>, con sede in 00176 Roma (RM) in via Vincenzo Coronelli, 46, P.IVA 11401571002, e-mail privacy@spaziointeriore.com<\/p>\n\n\n\n<p>I trattamenti connessi ai dati personali raccolti mediante la compilazione dei form hanno luogo prevalentemente presso la predetta sede e sono svolti dal titolare del trattamento.<\/p>\n\n\n\n<p>I form messi a disposizione sul sito web hanno lo scopo di consentire ai visitatori del sito di contattare, qualora lo desiderino, il gestore del sito stesso, inviando tramite i suddetti form una e-mail al gestore, quello di consentire al gestore del sito stesso di raccogliere i dati personali e di contatto dei visitatori ai fini di aggiornamenti tramite newsletter nonch\u00e9 quello di consentire al gestore di inviare e-mail periodiche di marketing contenenti servizi ed offerte commerciali (cd. marketing), nonch\u00e9 quella dell&#8217;utilizzo dei dati per il retargeting e la creazione di un pubblico personalizzato attraverso Facebook ads relativo alle pagine Casa Olistica Spazio Interiore, Edizioni Spazio Interiore e Spazio Nagual.<\/p>\n\n\n\n<p>I dati personali saranno trattati nel rispetto delle modalit\u00e0 indicate nell&#8217;art. 5 del GDPR 679\/2016 il quale prevede che siano trattati in modo lecito, corretto e trasparente nei confronti dell&#8217;interessato; raccolti per finalit\u00e0 determinate esplicite e legittime e successivamente trattati in modo che non sia incompatibile con tali finalit\u00e0; adeguati, pertinenti e limitati a quanto necessario rispetto alle finalit\u00e0 per le quali sono trattati; esatti e, se necessario, aggiornati; conservati in una forma che consenta l&#8217;identificazione degli interessati per un arco di tempo non superiore al conseguimento delle finalit\u00e0 per le quali sono trattati; trattati in maniera da garantire un&#8217;adeguata sicurezza dei dati personali, compresa la protezione, mediante misure tecniche e organizzative adeguate, da trattamenti non autorizzati o illeciti e dalla perdita, dalla distruzione o dal danno accidentali.<\/p>\n\n\n\n<p>Il conferimento dei dati si basa sul consenso dell&#8217;interessato che \u00e8 libero e facoltativo. Il mancato consenso comporter\u00e0 l&#8217;impossibilit\u00e0 di inviare i vostri dati e la vostra richiesta e l&#8217;impossibilit\u00e0 da parte nostra di fornirvi il riscontro. Questi dati non verranno registrati su altri supporti o dispositivi, n\u00e9 verranno registrati altri dati derivanti dalla sua navigazione sul sito.<\/p>\n\n\n\n<p>La finalit\u00e0 della raccolta e del trattamento dei dati personali \u00e8 quella di poter eventualmente ricontattare l\u2019utente&nbsp;tramite i riferimenti inviati tramite i form contatti, per evadere eventuali richieste contenute nel messaggio inviato dall\u2019utente, quella di consentire al gestore del sito di raccogliere, organizzare e profilare i dati personali e di contatto dei visitatori ai fini di comunicazioni e aggiornamenti su eventi, promozioni e novit\u00e0 tramite newsletter, telefono e instant messaging, nonch\u00e9 quella di consentire al gestore di inviare e-mail periodiche e comunicazioni telefoniche e per messaggi (SMS e instant messaging) di marketing contenenti servizi ed offerte commerciali (cd. marketing).<\/p>\n\n\n\n<p>I dati personali e particolari saranno conservati, anche in formato digitale, per un massimo di 5 anni dalla loro raccolta.<\/p>\n\n\n\n<p>Il trattamento non riguarder\u00e0 dati personali rientranti nel novero dei dati &#8220;sensibili&#8221;, vale a dire \u201ci dati personali idonei a rivelare l&#8217;origine razziale ed etnica, le convinzioni religiose, filosofiche o di altro genere, le opinioni politiche, l&#8217;adesione a partiti, sindacati, associazioni od organizzazioni a carattere religioso, filosofico, politico o sindacale, nonch\u00e9 i dati personali idonei a rivelare lo stato di salute e la vita sessuale\u201d.<\/p>\n\n\n\n<p>Agli interessati sono riconosciuti i diritti di cui agli articoli 15, 16, 17, 18, 20 21 del predetto Regolamento UE e in particolare il diritto di accedere ai propri dati personali, di chiederne la rettifica, l&#8217;aggiornamento, la cancellazione, la limitazione al trattamento, se incompleti, erronei o raccolti in violazione della legge, nonch\u00e9 il diritto alla portabilit\u00e0 e di opporsi al loro trattamento per motivi legittimi, rivolgendo le richieste al titolare del trattamento \u2013 <strong>SPAZIO INTERIORE Soc. Coop<\/strong>., con sede in 00176 Roma (RM) in via Vincenzo Coronelli, 46, P.IVA 11401571002, e-mail <a class=\"mce-object\" title=\"<img decoding=\"async\" src=\" data-wp-preserve=\"%3Cscript%3E%22%20href%3D%22mailto%3A%3Cimg%20src%3D%22%20data-wp-preserve%3D%22%253Cscript%2520type%253D'text%252Fjavascript'%253E%2520%253C!--%2520var%2520prefix%2520%253D%2520'ma'%2520%252B%2520'il'%2520%252B%2520'to'%253B%2520var%2520path%2520%253D%2520'hr'%2520%252B%2520'ef'%2520%252B%2520'%253D'%253B%2520var%2520addy92661%2520%253D%2520'privacy'%2520%252B%2520'%2540'%253B%2520addy92661%2520%253D%2520addy92661%2520%252B%2520'spaziointeriore'%2520%252B%2520'.'%2520%252B%2520'com'%253B%2520document.write('%253Ca%2520'%2520%252B%2520path%2520%252B%2520'%255C''%2520%252B%2520prefix%2520%252B%2520'%253A'%2520%252B%2520addy92661%2520%252B%2520'%255C'%253E')%253B%2520document.write(addy92661)%253B%2520document.write('%253C%255C%252Fa%253E')%253B%2520%252F%252F--%253E%255Cn%2520%253C%252Fscript%253E%22%20data-mce-placeholder%3D%221%22%3E%3Cscript%20type%3D%22text%2Fjavascript%22%3E%20%3C!--%20document.write('%3Cspan%20style%3D%5C'display%3A%20none%3B%5C'%3E')%3B%20%2F%2F--%3E%20%3C%2Fscript%3E\" data-mce-placeholder=\"1\">Questo indirizzo email \u00e8 protetto dagli spambots. E&#8217; necessario abilitare JavaScript per vederlo. <script type=\"text\/javascript\"> <!-- document.write('<\/'); document.write('span>'); \/\/--> <\/script>.&#8221;&gt;<\/a><a href=\"mailto:privacy@spaziointeriore.com\">privacy@spaziointeriore.com<\/a>.<\/p>\n\n\n\n<p>Agli interessati \u00e8 riconosciuto, inoltre, il diritto di proporre reclamo al Garante per la protezione dei dati personali ovvero a alla diversa autorit\u00e0 di controllo che dovesse essere istituita dal Decreto previsto della Legge Comunitaria n. 163\/2017.<\/p>\n\n\n\n<p>Non esiste alcun processo decisionale automatizzato, n\u00e9 alcuna attivit\u00e0 di profilazione di cui all&#8217;articolo 22, paragrafi 1 e 4 del G.D.P.R.<\/p>\n\n\n\n<h2 class=\"wp-block-heading\"><a name=\"cookies\"><\/a>COOKIE POLICY<\/h2>\n\n\n\n<p>I cookie sono file di testo che i server dei siti visitati possono depositare nella memoria dei dispositivi utilizzati dall&#8217;utente (pc, smartphone, tablet). Le informazioni contenute nei cookie vengono ritrasmesse ai server quando l&#8217;utente torna a visitare gli stessi siti.<\/p>\n\n\n\n<p><a href=\"http:\/\/www.garanteprivacy.it\/cookie\">Maggiori informazioni sui cookie nel sito dell&#8217;Autorit\u00e0 Garante per la protezione dei dati personali \u00bb<\/a><\/p>\n\n\n\n<p>Questo sito utilizza i seguenti cookie:<\/p>\n\n\n\n<h6 class=\"wp-block-heading\">Cookie di prime parti<\/h6>\n\n\n\n<ul class=\"wp-block-list\"><li> Cookie di sessione. L&#8217;uso di c.d. cookie di sessione (che non vengono memorizzati in modo persistente sul computer dell&#8217;utente e svaniscono con la chiusura del browser) \u00e8 strettamente limitato alla trasmissione di identificativi di sessione (costituiti da numeri casuali generati dal server) necessari per consentire l&#8217;esplorazione sicura ed efficiente del sito. <\/li><li> Google Analytics. Il sito di Spazio Interiore utilizza Google Analytics, un servizio di analisi web fornito daGoogle, Inc. <\/li><li> Google Analytics utilizza i cookie, file di testo depositati sui computer degli utenti per consentire di raccogliere e analizzare in forma anonima le informazioni sui comportamenti di utilizzo del sito www.spaziointeriore.com. Tali informazioni vengono trasmesse a Google il quale le elabora allo scopo di redigere report per gli operatori di www.spaziointeriore.com riguardanti le attivit\u00e0 degli utenti sul sito web stesso. <\/li><li> Il sito di Spazio Interiore non utilizza (e non consente a terzi di utilizzare) lo strumento di analisi di Google per monitorare o per raccogliere informazioni personali di identificazione degli utenti. <\/li><li> Google non associa l&#8217;indirizzo IP degli utenti a nessun altro dato posseduto da Google n\u00e9 cerca di collegare un indirizzo IP con l&#8217;identit\u00e0 di un utente di computer.Google pu\u00f2 anche trasferire queste informazioni a terzi ove ci\u00f2 sia imposto dalla legge o laddove tali terzi trattino le suddette informazioni per conto di Google.Ulteriori informazioni sulla privacy policy di Google Analytics sono reperibili ai seguenti indirizzi: <\/li><li> <a style=\"font-size: inherit;\" href=\"http:\/\/www.google.com\/analytics\/terms\/it.html\">http:\/\/www.google.com\/analytics\/terms\/it.html<\/a> <\/li><li> <a style=\"font-size: inherit;\" href=\"http:\/\/www.google.it\/policies\/privacy\/partners\/\">http:\/\/www.google.it\/policies\/privacy\/partners\/<\/a> <\/li><\/ul>\n\n\n\n<h6 class=\"wp-block-heading\">Cookie di terze parti<\/h6>\n\n\n\n<ul class=\"wp-block-list\"><li> Facebook social widget. Il widget, gestito da Facebook, Inc., consente all&#8217;utente di interagire con il social network tramite il sito. Facebook in tal modo acquisisce i dati relativi alla visita dello stesso sul sito. Facebook non condivide alcuna informazione o dato in suo possesso con il sito o il titolare del trattamento. <\/li><li> Per maggiori informazioni sull&#8217;utilizzo dei dati personali da parte di Facebook si prega di consultare il seguente link: <\/li><li> <a style=\"font-size: inherit;\" href=\"http:\/\/www.facebook.com\/privacy\/explanation.php\">http:\/\/www.facebook.com\/privacy\/explanation.php.<\/a> <\/li><\/ul>\n\n\n\n<h6 class=\"wp-block-heading\">Disattivazione o eliminazione dei cookie<\/h6>\n\n\n\n<p>Per quanto riguarda i cookie di terze parti si faccia riferimento ai link forniti nei paragrafi precedenti per l&#8217;eventuale disattivazione.<\/p>\n\n\n\n<p>E&#8217; inoltre possibile impostare il browser in modo che rifiuti tutti i cookie o solo i cookie di terze parti. E&#8217; infine possibile eliminare tutti i cookie gi\u00e0 presenti nel sistema.<\/p>\n\n\n\n<p>Tali impostazioni devono essere configurate separatamente in ogni browser e dispositivo utilizzato. Per informazioni sulla procedura da seguire si faccia riferimento alla guida dello specifico browser: <a href=\"https:\/\/support.google.com\/chrome\/answer\/95647?hl=en&amp;p=cpn_cookies\">Google Chrome<\/a>, <a href=\"https:\/\/support.mozilla.org\/it\/kb\/Attivare%20e%20disattivare%20i%20cookie?redirectlocale=en-US&amp;redirectslug=Enabling+and+disabling+cookies\">Mozilla Firefox<\/a>, <a href=\"https:\/\/support.apple.com\/kb\/PH19214?viewlocale=it_IT&amp;locale=en_US\">Apple Safari<\/a> e <a href=\"http:\/\/windows.microsoft.com\/it-it\/windows-vista\/block-or-allow-cookies\">Microsoft Windows Explorer<\/a>.<\/p>\n\n\n\n<p>Se impostato il blocco della memorizzazione dei cookie, alcune funzioni del sito potrebbero risultare non disponibili.<\/p>\n\n\n\n<h2 class=\"wp-block-heading\">MODALITA&#8217; DEL TRATTAMENTO<\/h2>\n\n\n\n<p>I dati personali sono trattati con strumenti automatizzati per il tempo strettamente necessario a conseguire gli scopi per cui sono stati raccolti.<\/p>\n\n\n\n<p>Specifiche misure di sicurezza sono osservate per prevenire la perdita dei dati, usi illeciti o non corretti ed accessi non autorizzati.<\/p>\n\n\n\n<h2 class=\"wp-block-heading\">FACOLTATIVITA&#8217; DEL CONFERIMENTO DEI DATI<\/h2>\n\n\n\n<p>A parte quanto specificato per i dati di navigazione, l&#8217;utente \u00e8 libero di fornire i dati personali ove richiesto all&#8217;interno delle pagine o sezioni del sito. Il loro mancato conferimento pu\u00f2 comportare l&#8217;impossibilit\u00e0 di ottenere quanto richiesto.<\/p>\n\n\n\n<h2 class=\"wp-block-heading\">DIRITTI DEGLI INTERESSATI<\/h2>\n\n\n\n<p>I soggetti cui si riferiscono i dati personali hanno il diritto in qualunque momento di ottenere la conferma dell&#8217;esistenza o meno dei medesimi dati e di conoscerne il contenuto e l&#8217;origine, verificarne l&#8217;esattezza o chiederne l&#8217;integrazione o l&#8217;aggiornamento, oppure la rettificazione (<a href=\"http:\/\/www.garanteprivacy.it\/garante\/doc.jsp?ID=1311248#articolo7\">articolo 7<\/a> del Codice in materia di protezione dei dati personali).<\/p>\n\n\n\n<p>Ai sensi del medesimo articolo si ha il diritto di chiedere la cancellazione, la trasformazione in forma anonima o il blocco dei dati trattati in violazione di legge, nonch\u00e9 di opporsi in ogni caso, per motivi legittimi, al loro trattamento.<\/p>\n\n\n\n<p>Le richieste vanno rivolte:<\/p>\n\n\n\n<p>\u00b7 via e-mail, all&#8217;indirizzo: <a href=\"mailto:privacy@spaziointeriore.com\">privacy@spaziointeriore.com<\/a><\/p>\n\n\n\n<h2 class=\"wp-block-heading\">IL TITOLARE DEL TRATTAMENTO DEI DATI<\/h2>\n\n\n\n<p>Il titolare del trattamento dei dati \u00e8 : Spazio Interiore soc.coop., Via Vincenzo Coronelli 46, 00176 Roma<\/p>\n","protected":false},"excerpt":{"rendered":"<p>PRIVACY POLICY Ai sensi degli Artt. 12-23 e dei Considerando 58-73 del Regolamento UE 2016\/679 Ai sensi dell&#8217;articolo 13 del Regolamento UE 679\/2016 in materia di dati personali si informa [&hellip;]<\/p>\n","protected":false},"author":1,"featured_media":0,"parent":0,"menu_order":0,"comment_status":"closed","ping_status":"closed","template":"","meta":{"_acf_changed":false,"footnotes":""},"categories":[],"tags":[],"class_list":["post-1325","page","type-page","status-publish","hentry"],"acf":[],"_links":{"self":[{"href":"https:\/\/www.spaziointeriore.com\/casaeditrice\/wp-json\/wp\/v2\/pages\/1325","targetHints":{"allow":["GET"]}}],"collection":[{"href":"https:\/\/www.spaziointeriore.com\/casaeditrice\/wp-json\/wp\/v2\/pages"}],"about":[{"href":"https:\/\/www.spaziointeriore.com\/casaeditrice\/wp-json\/wp\/v2\/types\/page"}],"author":[{"embeddable":true,"href":"https:\/\/www.spaziointeriore.com\/casaeditrice\/wp-json\/wp\/v2\/users\/1"}],"replies":[{"embeddable":true,"href":"https:\/\/www.spaziointeriore.com\/casaeditrice\/wp-json\/wp\/v2\/comments?post=1325"}],"version-history":[{"count":0,"href":"https:\/\/www.spaziointeriore.com\/casaeditrice\/wp-json\/wp\/v2\/pages\/1325\/revisions"}],"wp:attachment":[{"href":"https:\/\/www.spaziointeriore.com\/casaeditrice\/wp-json\/wp\/v2\/media?parent=1325"}],"wp:term":[{"taxonomy":"category","embeddable":true,"href":"https:\/\/www.spaziointeriore.com\/casaeditrice\/wp-json\/wp\/v2\/categories?post=1325"},{"taxonomy":"post_tag","embeddable":true,"href":"https:\/\/www.spaziointeriore.com\/casaeditrice\/wp-json\/wp\/v2\/tags?post=1325"}],"curies":[{"name":"wp","href":"https:\/\/api.w.org\/{rel}","templated":true}]}}