{"id":2065,"date":"2020-04-22T08:13:47","date_gmt":"2020-04-22T08:13:47","guid":{"rendered":"https:\/\/spaziointeriore.com\/casaeditrice\/?page_id=2065"},"modified":"2020-09-15T09:55:17","modified_gmt":"2020-09-15T09:55:17","slug":"ghiande","status":"publish","type":"page","link":"https:\/\/www.spaziointeriore.com\/casaeditrice\/ghiande\/","title":{"rendered":"Ghiande"},"content":{"rendered":"<p>[vc_row][vc_column]<div class=\"columns_wrap sc_columns columns_nofluid sc_columns_count_1 aboutus margin_bottom_huge\" style=\"text-align:center;\"><div class=\"column-1_1 sc_column_item sc_column_item_1 odd first\" style=\"width: 800px;\"><h4 class=\"sc_title sc_title_iconed sc_align_center margin_top_small\" style=\"text-align:center;\"><span class=\"sc_title_icon sc_title_icon_left  sc_title_icon_medium\"><img decoding=\"async\" data-src=\"https:\/\/www.spaziointeriore.com\/casaeditrice\/wp-content\/uploads\/2020\/04\/logo-ghiande.jpg\" alt=\"\" src=\"data:image\/svg+xml;base64,PHN2ZyB3aWR0aD0iMSIgaGVpZ2h0PSIxIiB4bWxucz0iaHR0cDovL3d3dy53My5vcmcvMjAwMC9zdmciPjwvc3ZnPg==\" class=\"lazyload\" style=\"--smush-placeholder-width: 1338px; --smush-placeholder-aspect-ratio: 1338\/1295;\" \/><\/span><i>ghiande<\/i><\/h4>[vc_column_text css=&#8221;.vc_custom_1587543198080{margin-bottom: 45px !important;}&#8221; el_class=&#8221;gp-text&#8221;]<\/p>\n<p>\u00abSe sei una ghianda non potrai che diventare una quercia, un giorno\u00bb. Come teorizza James Hillman, ogni persona \u00e8 portatrice di un\u2019unicit\u00e0 che chiede di essere vissuta e che \u00e8 gi\u00e0 presente, ben prima di essere vissuta. Al pari della ghianda, e per quanto si tenti di deviare il corso degli eventi o di forzare la nostra natura, il destino di ciascuno di noi \u00e8 di diventare una quercia, e cio\u00e8 pienamente quell\u2019unico e irripetibile se stesso.\u00a0I testi della collana\u00a0<em><strong>Ghiande<\/strong><\/em>\u00a0si rivolgono al nostro bambino interiore, ricordandogli le potenzialit\u00e0 immense che lo contraddistinguono in ogni momento, anche se celate come un seme sotto la terra.\u00a0Sono<strong>\u00a0<\/strong>libri per i bambini di tutte le et\u00e0: per coloro che sono, sono stati o vogliono nuovamente sentirsi bambini, compresi quelli che si percepiscono imprigionati in un corpo o un intelletto adulti; sono opportunit\u00e0 per anime che sentono il desiderio e la necessit\u00e0 urgente di germogliare e crescere, divenendo le querce luminose e libere che, nel profondo, gi\u00e0 sanno di essere.<\/p>\n<p>[\/vc_column_text][vc_empty_space height=&#8221;1px&#8221;]<\/div><div class=\"column-1_1 sc_column_item sc_column_item_2 even\" style=\"width: 800px;\"><div class=\"woocommerce columns-4 \"><ul class=\"products columns-4\">\n<li class=\"product type-product post-2903 status-publish first instock product_cat-anna-ramone-cat product_cat-bambino-interiore-cat product_cat-ghiande has-post-thumbnail shipping-taxable purchasable product-type-simple\">\n\t<a href=\"https:\/\/www.spaziointeriore.com\/casaeditrice\/catalogo\/il-controllore-del-tempo\/\" class=\"woocommerce-LoopProduct-link woocommerce-loop-product__link\"><img decoding=\"async\" width=\"340\" height=\"520\" data-src=\"https:\/\/www.spaziointeriore.com\/casaeditrice\/wp-content\/uploads\/2020\/08\/il-controllore-del-tempo-340x520.jpg\" class=\"attachment-woocommerce_thumbnail size-woocommerce_thumbnail lazyload\" alt=\"IL CONTROLLORE DEL TEMPO\" src=\"data:image\/svg+xml;base64,PHN2ZyB3aWR0aD0iMSIgaGVpZ2h0PSIxIiB4bWxucz0iaHR0cDovL3d3dy53My5vcmcvMjAwMC9zdmciPjwvc3ZnPg==\" style=\"--smush-placeholder-width: 340px; --smush-placeholder-aspect-ratio: 340\/520;\" \/><div class='gp-author-cat-view'><a href='https:\/\/www.spaziointeriore.com\/casaeditrice\/anna-ramone\/'>Anna Ramone<\/a><\/div><h2 class=\"woocommerce-loop-product__title\">IL CONTROLLORE DEL TEMPO<\/h2>\n\t<span class=\"price\"><span class=\"woocommerce-Price-amount amount\"><bdi>14,00<span class=\"woocommerce-Price-currencySymbol\">&euro;<\/span><\/bdi><\/span><\/span>\n<\/a><\/li>\n<li class=\"product type-product post-2843 status-publish instock product_cat-bambino-interiore-cat product_cat-ghiande product_cat-satvat-cat has-post-thumbnail shipping-taxable purchasable product-type-simple\">\n\t<a href=\"https:\/\/www.spaziointeriore.com\/casaeditrice\/catalogo\/le-avventure-di-putifarre\/\" class=\"woocommerce-LoopProduct-link woocommerce-loop-product__link\"><img decoding=\"async\" width=\"340\" height=\"520\" data-src=\"https:\/\/www.spaziointeriore.com\/casaeditrice\/wp-content\/uploads\/2020\/08\/le-avventure-di-putifarre-340x520.jpg\" class=\"attachment-woocommerce_thumbnail size-woocommerce_thumbnail lazyload\" alt=\"LE AVVENTURE DI PUTIFARRE\" src=\"data:image\/svg+xml;base64,PHN2ZyB3aWR0aD0iMSIgaGVpZ2h0PSIxIiB4bWxucz0iaHR0cDovL3d3dy53My5vcmcvMjAwMC9zdmciPjwvc3ZnPg==\" style=\"--smush-placeholder-width: 340px; --smush-placeholder-aspect-ratio: 340\/520;\" \/><div class='gp-author-cat-view'><a href='https:\/\/www.spaziointeriore.com\/casaeditrice\/satvat\/'>Satvat<\/a><\/div><h2 class=\"woocommerce-loop-product__title\">LE AVVENTURE DI PUTIFARRE<\/h2>\n\t<span class=\"price\"><span class=\"woocommerce-Price-amount amount\"><bdi>13,00<span class=\"woocommerce-Price-currencySymbol\">&euro;<\/span><\/bdi><\/span><\/span>\n<\/a><\/li>\n<li class=\"product type-product post-2847 status-publish instock product_cat-bambino-interiore-cat product_cat-davide-sibaldi-cat product_cat-ghiande has-post-thumbnail shipping-taxable purchasable product-type-simple\">\n\t<a href=\"https:\/\/www.spaziointeriore.com\/casaeditrice\/catalogo\/giuseppe-e-lo-sputafuoco\/\" class=\"woocommerce-LoopProduct-link woocommerce-loop-product__link\"><img decoding=\"async\" width=\"340\" height=\"520\" data-src=\"https:\/\/www.spaziointeriore.com\/casaeditrice\/wp-content\/uploads\/2020\/08\/giuseppe-e-lo-sputafuoco-340x520.jpg\" class=\"attachment-woocommerce_thumbnail size-woocommerce_thumbnail lazyload\" alt=\"GIUSEPPE E LO SPUTAFUOCO\" src=\"data:image\/svg+xml;base64,PHN2ZyB3aWR0aD0iMSIgaGVpZ2h0PSIxIiB4bWxucz0iaHR0cDovL3d3dy53My5vcmcvMjAwMC9zdmciPjwvc3ZnPg==\" style=\"--smush-placeholder-width: 340px; --smush-placeholder-aspect-ratio: 340\/520;\" \/><div class='gp-author-cat-view'><a href='https:\/\/www.spaziointeriore.com\/casaeditrice\/davide-sibaldi\/'>Davide Sibaldi<\/a><\/div><h2 class=\"woocommerce-loop-product__title\">GIUSEPPE E LO SPUTAFUOCO<\/h2>\n\t<span class=\"price\"><span class=\"woocommerce-Price-amount amount\"><bdi>16,00<span class=\"woocommerce-Price-currencySymbol\">&euro;<\/span><\/bdi><\/span><\/span>\n<\/a><\/li>\n<\/ul>\n<\/div><\/div><\/div>[\/vc_column][\/vc_row]<\/p>\n","protected":false},"excerpt":{"rendered":"<p>[vc_row][vc_column][\/vc_column][\/vc_row]<\/p>\n","protected":false},"author":1,"featured_media":4201,"parent":0,"menu_order":5,"comment_status":"closed","ping_status":"closed","template":"","meta":{"_acf_changed":false,"footnotes":""},"categories":[148],"tags":[],"class_list":["post-2065","page","type-page","status-publish","has-post-thumbnail","hentry","category-collane"],"acf":[],"_links":{"self":[{"href":"https:\/\/www.spaziointeriore.com\/casaeditrice\/wp-json\/wp\/v2\/pages\/2065","targetHints":{"allow":["GET"]}}],"collection":[{"href":"https:\/\/www.spaziointeriore.com\/casaeditrice\/wp-json\/wp\/v2\/pages"}],"about":[{"href":"https:\/\/www.spaziointeriore.com\/casaeditrice\/wp-json\/wp\/v2\/types\/page"}],"author":[{"embeddable":true,"href":"https:\/\/www.spaziointeriore.com\/casaeditrice\/wp-json\/wp\/v2\/users\/1"}],"replies":[{"embeddable":true,"href":"https:\/\/www.spaziointeriore.com\/casaeditrice\/wp-json\/wp\/v2\/comments?post=2065"}],"version-history":[{"count":0,"href":"https:\/\/www.spaziointeriore.com\/casaeditrice\/wp-json\/wp\/v2\/pages\/2065\/revisions"}],"wp:featuredmedia":[{"embeddable":true,"href":"https:\/\/www.spaziointeriore.com\/casaeditrice\/wp-json\/wp\/v2\/media\/4201"}],"wp:attachment":[{"href":"https:\/\/www.spaziointeriore.com\/casaeditrice\/wp-json\/wp\/v2\/media?parent=2065"}],"wp:term":[{"taxonomy":"category","embeddable":true,"href":"https:\/\/www.spaziointeriore.com\/casaeditrice\/wp-json\/wp\/v2\/categories?post=2065"},{"taxonomy":"post_tag","embeddable":true,"href":"https:\/\/www.spaziointeriore.com\/casaeditrice\/wp-json\/wp\/v2\/tags?post=2065"}],"curies":[{"name":"wp","href":"https:\/\/api.w.org\/{rel}","templated":true}]}}