{"id":2081,"date":"2020-04-22T08:44:33","date_gmt":"2020-04-22T08:44:33","guid":{"rendered":"https:\/\/spaziointeriore.com\/casaeditrice\/?page_id=2081"},"modified":"2020-09-15T09:56:20","modified_gmt":"2020-09-15T09:56:20","slug":"luxor","status":"publish","type":"page","link":"https:\/\/www.spaziointeriore.com\/casaeditrice\/luxor\/","title":{"rendered":"Luxor"},"content":{"rendered":"<p>[vc_row][vc_column]<div class=\"columns_wrap sc_columns columns_nofluid sc_columns_count_1 aboutus margin_bottom_huge\" style=\"text-align:center;\"><div class=\"column-1_1 sc_column_item sc_column_item_1 odd first\" style=\"width: 800px;\"><h4 class=\"sc_title sc_title_iconed sc_align_center margin_top_small\" style=\"text-align:center;\"><span class=\"sc_title_icon sc_title_icon_left  sc_title_icon_medium\"><img decoding=\"async\" data-src=\"https:\/\/www.spaziointeriore.com\/casaeditrice\/wp-content\/uploads\/2020\/04\/logo-luxor-2.jpeg\" alt=\"\" src=\"data:image\/svg+xml;base64,PHN2ZyB3aWR0aD0iMSIgaGVpZ2h0PSIxIiB4bWxucz0iaHR0cDovL3d3dy53My5vcmcvMjAwMC9zdmciPjwvc3ZnPg==\" class=\"lazyload\" style=\"--smush-placeholder-width: 695px; --smush-placeholder-aspect-ratio: 695\/718;\" \/><\/span><i>luxor<\/i><\/h4>[vc_column_text css=&#8221;.vc_custom_1587545014209{margin-bottom: 45px !important;}&#8221; el_class=&#8221;gp-text&#8221;]<\/p>\n<p><em>Lux<\/em> (luce) e <em>aur<\/em> (fuoco), nel loro fondersi e compenetrarsi danno vita alla luce del fuoco divino. E Luxor \u00e8 la parola composta che ne esprime l\u2019incontro, lo scambio e la fusione, in una prospettiva orgasmica di creativit\u00e0 ed evoluzione. Quando infatti la luce dell\u2019anima incontra il fuoco del corpo, si libera e diviene disponibile un\u2019energia fondamentale per procedere nel nostro cammino di ricerca interiore. \u00c8 in questa compenetrazione che si rivela la sacralit\u00e0 del sesso, che non \u00e8 solo strumento per vivere appieno il piacere dell\u2019incarnazione, ma altres\u00ec veicolo d\u2019eccellenza per una guarigione profonda e un\u2019evoluzione armoniosa. Questa collana \u00e8 quindi dedicata a riscoprire la sessualit\u00e0 come uno degli strumenti imprescindibili per l\u2019evoluzione della propria coscienza, e ogni libro vuole gettar luce e accendere il fuoco sulle potenzialit\u00e0 divine delle nostre energie sessuali. Una vera centratura pu\u00f2 nascere solo da un autentico allineamento tra mente, emozioni e corpo: crediamo sia giunto il momento di dedicare maggiore cura e attenzione alle potenzialit\u00e0 di quest\u2019ultimo, rendendo disponibili al lettore conoscenze e tecniche che possano condurlo a un completo risveglio delle proprie energie sessuali e a un loro utilizzo pieno e consapevole.<\/p>\n<p>[\/vc_column_text][vc_empty_space height=&#8221;1px&#8221;]<\/div><div class=\"column-1_1 sc_column_item sc_column_item_2 even\" style=\"width: 800px;\"><div class=\"woocommerce columns-4 \"><ul class=\"products columns-4\">\n<li class=\"product type-product post-7541 status-publish first instock product_cat-emily-nagoski-cat product_cat-guarigione-olistica-cat product_cat-luxor product_cat-sessualita-cat has-post-thumbnail shipping-taxable purchasable product-type-simple\">\n\t<a href=\"https:\/\/www.spaziointeriore.com\/casaeditrice\/catalogo\/come-together\/\" class=\"woocommerce-LoopProduct-link woocommerce-loop-product__link\"><img decoding=\"async\" width=\"340\" height=\"520\" data-src=\"https:\/\/www.spaziointeriore.com\/casaeditrice\/wp-content\/uploads\/2025\/11\/come-together-340x520.jpg\" class=\"attachment-woocommerce_thumbnail size-woocommerce_thumbnail lazyload\" alt=\"COME TOGETHER\" src=\"data:image\/svg+xml;base64,PHN2ZyB3aWR0aD0iMSIgaGVpZ2h0PSIxIiB4bWxucz0iaHR0cDovL3d3dy53My5vcmcvMjAwMC9zdmciPjwvc3ZnPg==\" style=\"--smush-placeholder-width: 340px; --smush-placeholder-aspect-ratio: 340\/520;\" \/><div class='gp-author-cat-view'><a href='https:\/\/www.spaziointeriore.com\/casaeditrice\/emily-nagoski\/'>Emily Nagoski<\/a><\/div><h2 class=\"woocommerce-loop-product__title\">COME TOGETHER<\/h2>\n\t<span class=\"price\"><span class=\"woocommerce-Price-amount amount\"><bdi>25,00<span class=\"woocommerce-Price-currencySymbol\">&euro;<\/span><\/bdi><\/span><\/span>\n<\/a><\/li>\n<li class=\"product type-product post-5876 status-publish instock product_cat-claudio-marucchi-cat product_cat-esoterismo-cat product_cat-luxor product_cat-ricerca-interiore-cat product_cat-sessualita-cat has-post-thumbnail shipping-taxable purchasable product-type-simple\">\n\t<a href=\"https:\/\/www.spaziointeriore.com\/casaeditrice\/catalogo\/scavando-nellombra\/\" class=\"woocommerce-LoopProduct-link woocommerce-loop-product__link\"><img decoding=\"async\" width=\"340\" height=\"520\" data-src=\"https:\/\/www.spaziointeriore.com\/casaeditrice\/wp-content\/uploads\/2023\/09\/scavando-nell-ombra-340x520.jpg\" class=\"attachment-woocommerce_thumbnail size-woocommerce_thumbnail lazyload\" alt=\"SCAVANDO NELL&#039;OMBRA\" src=\"data:image\/svg+xml;base64,PHN2ZyB3aWR0aD0iMSIgaGVpZ2h0PSIxIiB4bWxucz0iaHR0cDovL3d3dy53My5vcmcvMjAwMC9zdmciPjwvc3ZnPg==\" style=\"--smush-placeholder-width: 340px; --smush-placeholder-aspect-ratio: 340\/520;\" \/><div class='gp-author-cat-view'><a href='https:\/\/www.spaziointeriore.com\/casaeditrice\/claudio-marucchi\/'>Claudio Marucchi<\/a><\/div><h2 class=\"woocommerce-loop-product__title\">SCAVANDO NELL&#8217;OMBRA<\/h2>\n\t<span class=\"price\"><span class=\"woocommerce-Price-amount amount\"><bdi>16,00<span class=\"woocommerce-Price-currencySymbol\">&euro;<\/span><\/bdi><\/span><\/span>\n<\/a><\/li>\n<li class=\"product type-product post-5650 status-publish instock product_cat-emily-nagoski-cat product_cat-guarigione-olistica-cat product_cat-luxor product_cat-sessualita-cat has-post-thumbnail shipping-taxable purchasable product-type-simple\">\n\t<a href=\"https:\/\/www.spaziointeriore.com\/casaeditrice\/catalogo\/come-as-you-are-nuova-ed\/\" class=\"woocommerce-LoopProduct-link woocommerce-loop-product__link\"><img decoding=\"async\" width=\"340\" height=\"520\" data-src=\"https:\/\/www.spaziointeriore.com\/casaeditrice\/wp-content\/uploads\/2022\/05\/come-as-you-are-2ed-340x520.jpg\" class=\"attachment-woocommerce_thumbnail size-woocommerce_thumbnail lazyload\" alt=\"COME AS YOU ARE (NUOVA ED.)\" src=\"data:image\/svg+xml;base64,PHN2ZyB3aWR0aD0iMSIgaGVpZ2h0PSIxIiB4bWxucz0iaHR0cDovL3d3dy53My5vcmcvMjAwMC9zdmciPjwvc3ZnPg==\" style=\"--smush-placeholder-width: 340px; --smush-placeholder-aspect-ratio: 340\/520;\" \/><div class='gp-author-cat-view'><a href='https:\/\/www.spaziointeriore.com\/casaeditrice\/emily-nagoski\/'>Emily Nagoski<\/a><\/div><h2 class=\"woocommerce-loop-product__title\">COME AS YOU ARE (NUOVA ED.)<\/h2>\n\t<span class=\"price\"><span class=\"woocommerce-Price-amount amount\"><bdi>24,00<span class=\"woocommerce-Price-currencySymbol\">&euro;<\/span><\/bdi><\/span><\/span>\n<\/a><\/li>\n<li class=\"product type-product post-2956 status-publish last instock product_cat-luxor product_cat-paolo-crimaldi-cat product_cat-psicologia-transpersonale-cat product_cat-sessualita-cat has-post-thumbnail shipping-taxable purchasable product-type-simple\">\n\t<a href=\"https:\/\/www.spaziointeriore.com\/casaeditrice\/catalogo\/sesso-eroico-furore\/\" class=\"woocommerce-LoopProduct-link woocommerce-loop-product__link\"><img decoding=\"async\" width=\"340\" height=\"520\" data-src=\"https:\/\/www.spaziointeriore.com\/casaeditrice\/wp-content\/uploads\/2020\/08\/sesso-eroico-furore-340x520.jpg\" class=\"attachment-woocommerce_thumbnail size-woocommerce_thumbnail lazyload\" alt=\"SESSO EROICO FURORE\" src=\"data:image\/svg+xml;base64,PHN2ZyB3aWR0aD0iMSIgaGVpZ2h0PSIxIiB4bWxucz0iaHR0cDovL3d3dy53My5vcmcvMjAwMC9zdmciPjwvc3ZnPg==\" style=\"--smush-placeholder-width: 340px; --smush-placeholder-aspect-ratio: 340\/520;\" \/><div class='gp-author-cat-view'><a href='https:\/\/www.spaziointeriore.com\/casaeditrice\/paolo-crimaldi\/'>Paolo Crimaldi<\/a><\/div><h2 class=\"woocommerce-loop-product__title\">SESSO EROICO FURORE<\/h2>\n\t<span class=\"price\"><span class=\"woocommerce-Price-amount amount\"><bdi>15,00<span class=\"woocommerce-Price-currencySymbol\">&euro;<\/span><\/bdi><\/span><\/span>\n<\/a><\/li>\n<li class=\"product type-product post-2850 status-publish first instock product_cat-emily-nagoski-cat product_cat-luxor product_cat-sessualita-cat has-post-thumbnail shipping-taxable purchasable product-type-simple\">\n\t<a href=\"https:\/\/www.spaziointeriore.com\/casaeditrice\/catalogo\/come-as-you-are\/\" class=\"woocommerce-LoopProduct-link woocommerce-loop-product__link\"><img decoding=\"async\" width=\"340\" height=\"520\" data-src=\"https:\/\/www.spaziointeriore.com\/casaeditrice\/wp-content\/uploads\/2020\/08\/come-as-you-are-340x520.jpg\" class=\"attachment-woocommerce_thumbnail size-woocommerce_thumbnail lazyload\" alt=\"COME AS YOU ARE\" src=\"data:image\/svg+xml;base64,PHN2ZyB3aWR0aD0iMSIgaGVpZ2h0PSIxIiB4bWxucz0iaHR0cDovL3d3dy53My5vcmcvMjAwMC9zdmciPjwvc3ZnPg==\" style=\"--smush-placeholder-width: 340px; --smush-placeholder-aspect-ratio: 340\/520;\" \/><div class='gp-author-cat-view'><a href='https:\/\/www.spaziointeriore.com\/casaeditrice\/emily-nagoski\/'>Emily Nagoski<\/a><\/div><h2 class=\"woocommerce-loop-product__title\">COME AS YOU ARE<\/h2>\n\t<span class=\"price\"><span class=\"woocommerce-Price-amount amount\"><bdi>24,00<span class=\"woocommerce-Price-currencySymbol\">&euro;<\/span><\/bdi><\/span><\/span>\n<\/a><\/li>\n<li class=\"product type-product post-2853 status-publish instock product_cat-francesco-alessandrini-cat product_cat-luxor product_cat-roberta-rio-cat product_cat-sessualita-cat has-post-thumbnail shipping-taxable purchasable product-type-simple\">\n\t<a href=\"https:\/\/www.spaziointeriore.com\/casaeditrice\/catalogo\/la-via-del-corpo\/\" class=\"woocommerce-LoopProduct-link woocommerce-loop-product__link\"><img decoding=\"async\" width=\"340\" height=\"520\" data-src=\"https:\/\/www.spaziointeriore.com\/casaeditrice\/wp-content\/uploads\/2020\/08\/la-via-del-corpo-340x520.jpg\" class=\"attachment-woocommerce_thumbnail size-woocommerce_thumbnail lazyload\" alt=\"LA VIA DEL CORPO\" src=\"data:image\/svg+xml;base64,PHN2ZyB3aWR0aD0iMSIgaGVpZ2h0PSIxIiB4bWxucz0iaHR0cDovL3d3dy53My5vcmcvMjAwMC9zdmciPjwvc3ZnPg==\" style=\"--smush-placeholder-width: 340px; --smush-placeholder-aspect-ratio: 340\/520;\" \/><div class='gp-author-cat-view'><a href='https:\/\/www.spaziointeriore.com\/casaeditrice\/roberta-rio\/'>Roberta Rio<\/a>, <a href='https:\/\/www.spaziointeriore.com\/casaeditrice\/francesco-alessandrini\/'>Francesco Alessandrini<\/a><\/div><h2 class=\"woocommerce-loop-product__title\">LA VIA DEL CORPO<\/h2>\n\t<span class=\"price\"><span class=\"woocommerce-Price-amount amount\"><bdi>16,00<span class=\"woocommerce-Price-currencySymbol\">&euro;<\/span><\/bdi><\/span><\/span>\n<\/a><\/li>\n<\/ul>\n<\/div><\/div><\/div>[\/vc_column][\/vc_row]<\/p>\n","protected":false},"excerpt":{"rendered":"<p>[vc_row][vc_column][\/vc_column][\/vc_row]<\/p>\n","protected":false},"author":1,"featured_media":4204,"parent":0,"menu_order":5,"comment_status":"closed","ping_status":"closed","template":"","meta":{"_acf_changed":false,"footnotes":""},"categories":[148,150],"tags":[],"class_list":["post-2081","page","type-page","status-publish","has-post-thumbnail","hentry","category-collane","category-collane-home"],"acf":[],"_links":{"self":[{"href":"https:\/\/www.spaziointeriore.com\/casaeditrice\/wp-json\/wp\/v2\/pages\/2081","targetHints":{"allow":["GET"]}}],"collection":[{"href":"https:\/\/www.spaziointeriore.com\/casaeditrice\/wp-json\/wp\/v2\/pages"}],"about":[{"href":"https:\/\/www.spaziointeriore.com\/casaeditrice\/wp-json\/wp\/v2\/types\/page"}],"author":[{"embeddable":true,"href":"https:\/\/www.spaziointeriore.com\/casaeditrice\/wp-json\/wp\/v2\/users\/1"}],"replies":[{"embeddable":true,"href":"https:\/\/www.spaziointeriore.com\/casaeditrice\/wp-json\/wp\/v2\/comments?post=2081"}],"version-history":[{"count":0,"href":"https:\/\/www.spaziointeriore.com\/casaeditrice\/wp-json\/wp\/v2\/pages\/2081\/revisions"}],"wp:featuredmedia":[{"embeddable":true,"href":"https:\/\/www.spaziointeriore.com\/casaeditrice\/wp-json\/wp\/v2\/media\/4204"}],"wp:attachment":[{"href":"https:\/\/www.spaziointeriore.com\/casaeditrice\/wp-json\/wp\/v2\/media?parent=2081"}],"wp:term":[{"taxonomy":"category","embeddable":true,"href":"https:\/\/www.spaziointeriore.com\/casaeditrice\/wp-json\/wp\/v2\/categories?post=2081"},{"taxonomy":"post_tag","embeddable":true,"href":"https:\/\/www.spaziointeriore.com\/casaeditrice\/wp-json\/wp\/v2\/tags?post=2081"}],"curies":[{"name":"wp","href":"https:\/\/api.w.org\/{rel}","templated":true}]}}