{"id":2083,"date":"2020-04-22T08:49:03","date_gmt":"2020-04-22T08:49:03","guid":{"rendered":"https:\/\/spaziointeriore.com\/casaeditrice\/?page_id=2083"},"modified":"2020-09-15T09:57:35","modified_gmt":"2020-09-15T09:57:35","slug":"portali","status":"publish","type":"page","link":"https:\/\/www.spaziointeriore.com\/casaeditrice\/portali\/","title":{"rendered":"Portali"},"content":{"rendered":"<p>[vc_row][vc_column]<div class=\"columns_wrap sc_columns columns_nofluid sc_columns_count_1 aboutus margin_bottom_huge\" style=\"text-align:center;\"><div class=\"column-1_1 sc_column_item sc_column_item_1 odd first\" style=\"width: 800px;\"><h4 class=\"sc_title sc_title_iconed sc_align_center margin_top_small\" style=\"text-align:center;\"><span class=\"sc_title_icon sc_title_icon_left  sc_title_icon_medium\"><img decoding=\"async\" data-src=\"https:\/\/www.spaziointeriore.com\/casaeditrice\/wp-content\/uploads\/2020\/04\/logo-portali.jpeg\" alt=\"\" src=\"data:image\/svg+xml;base64,PHN2ZyB3aWR0aD0iMSIgaGVpZ2h0PSIxIiB4bWxucz0iaHR0cDovL3d3dy53My5vcmcvMjAwMC9zdmciPjwvc3ZnPg==\" class=\"lazyload\" style=\"--smush-placeholder-width: 1181px; --smush-placeholder-aspect-ratio: 1181\/1181;\" \/><\/span><i>portali<\/i><\/h4>[vc_column_text css=&#8221;.vc_custom_1587545297507{margin-bottom: 45px !important;}&#8221; el_class=&#8221;gp-text&#8221;]<\/p>\n<p><em>Est opus occultum veri sophi aperire terram ut germinet salutem pro populo.\u00a0<\/em>Cos\u00ec recita l\u2019iscrizione su un gradino della Porta Alchemica di Roma: \u00ab\u00c8 opera occulta del vero saggio aprire la terra, affinch\u00e9 generi salvezza per il proprio popolo\u00bb.<\/p>\n<p>Un portale rappresenta la soglia, il punto di passaggio da un\u00a0<em>qui<\/em>\u00a0a un\u00a0<em>altrove<\/em>, indica l\u2019esistenza di un varco in grado di condurre colui che ha il coraggio di attraversarlo in una dimensione altra, fin nel cuore di quei mondi paralleli, magici e occulti nei quali si nasconde la chiave del mistero dell\u2019esistenza. I libri della collana\u00a0Portali\u00a0invitano il lettore e l\u2019iniziato a varcare la soglia e addentrarsi nell\u2019Ignoto, lasciando andare tutto ci\u00f2 che gi\u00e0 conoscono di se stessi e della realt\u00e0.<\/p>\n<p>[\/vc_column_text][vc_empty_space height=&#8221;1px&#8221;]<\/div><div class=\"column-1_1 sc_column_item sc_column_item_2 even\" style=\"width: 800px;\"><div class=\"woocommerce columns-4 \"><ul class=\"products columns-4\">\n<li class=\"product type-product post-7626 status-publish first instock product_cat-dimensioni-della-coscienza-cat product_cat-novita product_cat-portali product_cat-psichedelia-cat product_cat-psicologia-transpersonale-cat product_cat-stanislav-grof-cat has-post-thumbnail shipping-taxable purchasable product-type-simple\">\n\t<a href=\"https:\/\/www.spaziointeriore.com\/casaeditrice\/catalogo\/psicologia-del-futuro-nuova-ed\/\" class=\"woocommerce-LoopProduct-link woocommerce-loop-product__link\"><img decoding=\"async\" width=\"340\" height=\"520\" data-src=\"https:\/\/www.spaziointeriore.com\/casaeditrice\/wp-content\/uploads\/2025\/12\/psicologia-del-futuro-nuova-ed-340x520.jpg\" class=\"attachment-woocommerce_thumbnail size-woocommerce_thumbnail lazyload\" alt=\"PSICOLOGIA DEL FUTURO (NUOVA ED.)\" src=\"data:image\/svg+xml;base64,PHN2ZyB3aWR0aD0iMSIgaGVpZ2h0PSIxIiB4bWxucz0iaHR0cDovL3d3dy53My5vcmcvMjAwMC9zdmciPjwvc3ZnPg==\" style=\"--smush-placeholder-width: 340px; --smush-placeholder-aspect-ratio: 340\/520;\" \/><div class='gp-author-cat-view'><a href='https:\/\/www.spaziointeriore.com\/casaeditrice\/stanislav-grof\/'>Stanislav Grof<\/a><\/div><h2 class=\"woocommerce-loop-product__title\">PSICOLOGIA DEL FUTURO (NUOVA ED.)<\/h2>\n\t<span class=\"price\"><span class=\"woocommerce-Price-amount amount\"><bdi>23,00<span class=\"woocommerce-Price-currencySymbol\">&euro;<\/span><\/bdi><\/span><\/span>\n<\/a><\/li>\n<li class=\"product type-product post-7245 status-publish instock product_cat-esoterismo-cat product_cat-magia-cat product_cat-peter-j-carroll-cat product_cat-portali product_cat-psichedelia-cat product_cat-sciamanesimo-cat has-post-thumbnail shipping-taxable purchasable product-type-simple\">\n\t<a href=\"https:\/\/www.spaziointeriore.com\/casaeditrice\/catalogo\/liber-null-psiconauta\/\" class=\"woocommerce-LoopProduct-link woocommerce-loop-product__link\"><img decoding=\"async\" width=\"340\" height=\"520\" data-src=\"https:\/\/www.spaziointeriore.com\/casaeditrice\/wp-content\/uploads\/2025\/03\/liber-null-psiconauta-340x520.jpg\" class=\"attachment-woocommerce_thumbnail size-woocommerce_thumbnail lazyload\" alt=\"LIBER NULL &amp; PSICONAUTA\" src=\"data:image\/svg+xml;base64,PHN2ZyB3aWR0aD0iMSIgaGVpZ2h0PSIxIiB4bWxucz0iaHR0cDovL3d3dy53My5vcmcvMjAwMC9zdmciPjwvc3ZnPg==\" style=\"--smush-placeholder-width: 340px; --smush-placeholder-aspect-ratio: 340\/520;\" \/><div class='gp-author-cat-view'><a href='https:\/\/www.spaziointeriore.com\/casaeditrice\/peter-j-carroll\/'>PETER J. CARROLL<\/a><\/div><h2 class=\"woocommerce-loop-product__title\">LIBER NULL &#038; PSICONAUTA<\/h2>\n\t<span class=\"price\"><span class=\"woocommerce-Price-amount amount\"><bdi>18,00<span class=\"woocommerce-Price-currencySymbol\">&euro;<\/span><\/bdi><\/span><\/span>\n<\/a><\/li>\n<li class=\"product type-product post-6350 status-publish instock product_cat-claudio-naranjo-cat product_cat-guarigione-olistica-cat product_cat-portali product_cat-psicologia-transpersonale-cat has-post-thumbnail shipping-taxable purchasable product-type-simple\">\n\t<a href=\"https:\/\/www.spaziointeriore.com\/casaeditrice\/catalogo\/lenneagramma-della-societa\/\" class=\"woocommerce-LoopProduct-link woocommerce-loop-product__link\"><img decoding=\"async\" width=\"340\" height=\"520\" data-src=\"https:\/\/www.spaziointeriore.com\/casaeditrice\/wp-content\/uploads\/2024\/04\/l-enneagramma-della-societa-1-340x520.jpg\" class=\"attachment-woocommerce_thumbnail size-woocommerce_thumbnail lazyload\" alt=\"L\u2019ENNEAGRAMMA DELLA SOCIET\u00c0\" src=\"data:image\/svg+xml;base64,PHN2ZyB3aWR0aD0iMSIgaGVpZ2h0PSIxIiB4bWxucz0iaHR0cDovL3d3dy53My5vcmcvMjAwMC9zdmciPjwvc3ZnPg==\" style=\"--smush-placeholder-width: 340px; --smush-placeholder-aspect-ratio: 340\/520;\" \/><div class='gp-author-cat-view'><a href='https:\/\/www.spaziointeriore.com\/casaeditrice\/claudio-naranjo\/'>Claudio Naranjo<\/a><\/div><h2 class=\"woocommerce-loop-product__title\">L\u2019ENNEAGRAMMA DELLA SOCIET\u00c0<\/h2>\n\t<span class=\"price\"><span class=\"woocommerce-Price-amount amount\"><bdi>15,00<span class=\"woocommerce-Price-currencySymbol\">&euro;<\/span><\/bdi><\/span><\/span>\n<\/a><\/li>\n<li class=\"product type-product post-5786 status-publish last instock product_cat-piante-sacre-cat product_cat-portali product_cat-psichedelia-cat product_cat-rick-strassman-cat has-post-thumbnail shipping-taxable purchasable product-type-simple\">\n\t<a href=\"https:\/\/www.spaziointeriore.com\/casaeditrice\/catalogo\/manuale-di-psichedelia\/\" class=\"woocommerce-LoopProduct-link woocommerce-loop-product__link\"><img decoding=\"async\" width=\"340\" height=\"520\" data-src=\"https:\/\/www.spaziointeriore.com\/casaeditrice\/wp-content\/uploads\/2023\/02\/manuale-di-psichedelia-340x520.jpg\" class=\"attachment-woocommerce_thumbnail size-woocommerce_thumbnail lazyload\" alt=\"MANUALE DI PSICHEDELIA\" src=\"data:image\/svg+xml;base64,PHN2ZyB3aWR0aD0iMSIgaGVpZ2h0PSIxIiB4bWxucz0iaHR0cDovL3d3dy53My5vcmcvMjAwMC9zdmciPjwvc3ZnPg==\" style=\"--smush-placeholder-width: 340px; --smush-placeholder-aspect-ratio: 340\/520;\" \/><div class='gp-author-cat-view'><a href='https:\/\/www.spaziointeriore.com\/casaeditrice\/rick-strassman\/'>Rick Strassman<\/a><\/div><h2 class=\"woocommerce-loop-product__title\">MANUALE DI PSICHEDELIA<\/h2>\n\t<span class=\"price\"><span class=\"woocommerce-Price-amount amount\"><bdi>18,00<span class=\"woocommerce-Price-currencySymbol\">&euro;<\/span><\/bdi><\/span><\/span>\n<\/a><\/li>\n<li class=\"product type-product post-5742 status-publish first instock product_cat-dimensioni-della-coscienza-cat product_cat-letteratura-di-risveglio-cat product_cat-paxton-robey-cat product_cat-portali product_cat-ricerca-interiore-cat has-post-thumbnail shipping-taxable purchasable product-type-simple\">\n\t<a href=\"https:\/\/www.spaziointeriore.com\/casaeditrice\/catalogo\/no-time-for-karma-nuova-edizione\/\" class=\"woocommerce-LoopProduct-link woocommerce-loop-product__link\"><img decoding=\"async\" width=\"340\" height=\"520\" data-src=\"https:\/\/www.spaziointeriore.com\/casaeditrice\/wp-content\/uploads\/2022\/11\/no-time-for-karma-2ed-340x520.jpg\" class=\"attachment-woocommerce_thumbnail size-woocommerce_thumbnail lazyload\" alt=\"NO TIME FOR KARMA (NUOVA EDIZIONE)\" src=\"data:image\/svg+xml;base64,PHN2ZyB3aWR0aD0iMSIgaGVpZ2h0PSIxIiB4bWxucz0iaHR0cDovL3d3dy53My5vcmcvMjAwMC9zdmciPjwvc3ZnPg==\" style=\"--smush-placeholder-width: 340px; --smush-placeholder-aspect-ratio: 340\/520;\" \/><div class='gp-author-cat-view'><a href='https:\/\/www.spaziointeriore.com\/casaeditrice\/paxton-robey\/'>Paxton Robey<\/a><\/div><h2 class=\"woocommerce-loop-product__title\">NO TIME FOR KARMA (NUOVA EDIZIONE)<\/h2>\n\t<span class=\"price\"><span class=\"woocommerce-Price-amount amount\"><bdi>18,00<span class=\"woocommerce-Price-currencySymbol\">&euro;<\/span><\/bdi><\/span><\/span>\n<\/a><\/li>\n<li class=\"product type-product post-5621 status-publish instock product_cat-letteratura-di-risveglio-cat product_cat-portali product_cat-ricerca-interiore-cat product_cat-william-samuel-cat has-post-thumbnail shipping-taxable purchasable product-type-simple\">\n\t<a href=\"https:\/\/www.spaziointeriore.com\/casaeditrice\/catalogo\/la-scintilla-dellessere\/\" class=\"woocommerce-LoopProduct-link woocommerce-loop-product__link\"><img decoding=\"async\" width=\"340\" height=\"520\" data-src=\"https:\/\/www.spaziointeriore.com\/casaeditrice\/wp-content\/uploads\/2022\/02\/la-scintilla-dell-essere-340x520.jpg\" class=\"attachment-woocommerce_thumbnail size-woocommerce_thumbnail lazyload\" alt=\"LA SCINTILLA DELL&#039;ESSERE\" src=\"data:image\/svg+xml;base64,PHN2ZyB3aWR0aD0iMSIgaGVpZ2h0PSIxIiB4bWxucz0iaHR0cDovL3d3dy53My5vcmcvMjAwMC9zdmciPjwvc3ZnPg==\" style=\"--smush-placeholder-width: 340px; --smush-placeholder-aspect-ratio: 340\/520;\" \/><div class='gp-author-cat-view'><a href='https:\/\/www.spaziointeriore.com\/casaeditrice\/william-samuel\/'>William Samuel<\/a><\/div><h2 class=\"woocommerce-loop-product__title\">LA SCINTILLA DELL&#8217;ESSERE<\/h2>\n\t<span class=\"price\"><span class=\"woocommerce-Price-amount amount\"><bdi>20,00<span class=\"woocommerce-Price-currencySymbol\">&euro;<\/span><\/bdi><\/span><\/span>\n<\/a><\/li>\n<li class=\"product type-product post-5358 status-publish instock product_cat-letteratura-di-risveglio-cat product_cat-portali product_cat-ricerca-interiore-cat product_cat-subhuti-anand-waight-cat has-post-thumbnail shipping-taxable purchasable product-type-simple\">\n\t<a href=\"https:\/\/www.spaziointeriore.com\/casaeditrice\/catalogo\/wild-wild-guru\/\" class=\"woocommerce-LoopProduct-link woocommerce-loop-product__link\"><img decoding=\"async\" width=\"340\" height=\"520\" data-src=\"https:\/\/www.spaziointeriore.com\/casaeditrice\/wp-content\/uploads\/2021\/10\/wild-wild-guru-340x520.jpg\" class=\"attachment-woocommerce_thumbnail size-woocommerce_thumbnail lazyload\" alt=\"WILD WILD GURU\" src=\"data:image\/svg+xml;base64,PHN2ZyB3aWR0aD0iMSIgaGVpZ2h0PSIxIiB4bWxucz0iaHR0cDovL3d3dy53My5vcmcvMjAwMC9zdmciPjwvc3ZnPg==\" style=\"--smush-placeholder-width: 340px; --smush-placeholder-aspect-ratio: 340\/520;\" \/><div class='gp-author-cat-view'><a href='https:\/\/www.spaziointeriore.com\/casaeditrice\/subhuti-anand-waight\/'>Subhuti Anand Waight<\/a><\/div><h2 class=\"woocommerce-loop-product__title\">WILD WILD GURU<\/h2>\n\t<span class=\"price\"><span class=\"woocommerce-Price-amount amount\"><bdi>18,00<span class=\"woocommerce-Price-currencySymbol\">&euro;<\/span><\/bdi><\/span><\/span>\n<\/a><\/li>\n<li class=\"product type-product post-5191 status-publish last instock product_cat-corrado-malanga-cat product_cat-dimensioni-della-coscienza-cat product_cat-portali product_cat-ricerca-interiore-cat product_cat-scienze-di-confine-cat has-post-thumbnail shipping-taxable purchasable product-type-simple\">\n\t<a href=\"https:\/\/www.spaziointeriore.com\/casaeditrice\/catalogo\/trilogia-della-coscienza\/\" class=\"woocommerce-LoopProduct-link woocommerce-loop-product__link\"><img decoding=\"async\" width=\"340\" height=\"520\" data-src=\"https:\/\/www.spaziointeriore.com\/casaeditrice\/wp-content\/uploads\/2021\/09\/trilogia-della-coscienza-1-340x520.jpg\" class=\"attachment-woocommerce_thumbnail size-woocommerce_thumbnail lazyload\" alt=\"TRILOGIA DELLA COSCIENZA\" src=\"data:image\/svg+xml;base64,PHN2ZyB3aWR0aD0iMSIgaGVpZ2h0PSIxIiB4bWxucz0iaHR0cDovL3d3dy53My5vcmcvMjAwMC9zdmciPjwvc3ZnPg==\" style=\"--smush-placeholder-width: 340px; --smush-placeholder-aspect-ratio: 340\/520;\" \/><div class='gp-author-cat-view'><a href='https:\/\/www.spaziointeriore.com\/casaeditrice\/corrado-malanga\/'>Corrado Malanga<\/a><\/div><h2 class=\"woocommerce-loop-product__title\">TRILOGIA DELLA COSCIENZA<\/h2>\n\t<span class=\"price\"><span class=\"woocommerce-Price-amount amount\"><bdi>18,00<span class=\"woocommerce-Price-currencySymbol\">&euro;<\/span><\/bdi><\/span><\/span>\n<\/a><\/li>\n<li class=\"product type-product post-4637 status-publish first instock product_cat-esoterismo-cat product_cat-letteratura-di-risveglio-cat product_cat-magia-cat product_cat-portali product_cat-psichedelia-cat product_cat-ricerca-interiore-cat product_cat-robert-anton-wilson-cat product_cat-sessualita-cat has-post-thumbnail shipping-taxable purchasable product-type-simple\">\n\t<a href=\"https:\/\/www.spaziointeriore.com\/casaeditrice\/catalogo\/sex-drugs-magick\/\" class=\"woocommerce-LoopProduct-link woocommerce-loop-product__link\"><img decoding=\"async\" width=\"340\" height=\"520\" data-src=\"https:\/\/www.spaziointeriore.com\/casaeditrice\/wp-content\/uploads\/2020\/10\/sex-drugs-and-magick-340x520.jpg\" class=\"attachment-woocommerce_thumbnail size-woocommerce_thumbnail lazyload\" alt=\"SEX DRUGS &amp; MAGICK\" src=\"data:image\/svg+xml;base64,PHN2ZyB3aWR0aD0iMSIgaGVpZ2h0PSIxIiB4bWxucz0iaHR0cDovL3d3dy53My5vcmcvMjAwMC9zdmciPjwvc3ZnPg==\" style=\"--smush-placeholder-width: 340px; --smush-placeholder-aspect-ratio: 340\/520;\" \/><div class='gp-author-cat-view'><a href='https:\/\/www.spaziointeriore.com\/casaeditrice\/robert-anton-wilson\/'>ROBERT ANTON WILSON<\/a><\/div><h2 class=\"woocommerce-loop-product__title\">SEX DRUGS &amp; MAGICK<\/h2>\n\t<span class=\"price\"><span class=\"woocommerce-Price-amount amount\"><bdi>16,00<span class=\"woocommerce-Price-currencySymbol\">&euro;<\/span><\/bdi><\/span><\/span>\n<\/a><\/li>\n<li class=\"product type-product post-2940 status-publish instock product_cat-portali product_cat-psichedelia-cat product_cat-rick-strassman-cat has-post-thumbnail shipping-taxable purchasable product-type-simple\">\n\t<a href=\"https:\/\/www.spaziointeriore.com\/casaeditrice\/catalogo\/dmt-la-molecola-dello-spirito-2\/\" class=\"woocommerce-LoopProduct-link woocommerce-loop-product__link\"><img decoding=\"async\" width=\"340\" height=\"520\" data-src=\"https:\/\/www.spaziointeriore.com\/casaeditrice\/wp-content\/uploads\/2020\/08\/dmt-la-molecola-dello-spirito-1-340x520.jpg\" class=\"attachment-woocommerce_thumbnail size-woocommerce_thumbnail lazyload\" alt=\"DMT \u2013 LA MOLECOLA DELLO SPIRITO\" src=\"data:image\/svg+xml;base64,PHN2ZyB3aWR0aD0iMSIgaGVpZ2h0PSIxIiB4bWxucz0iaHR0cDovL3d3dy53My5vcmcvMjAwMC9zdmciPjwvc3ZnPg==\" style=\"--smush-placeholder-width: 340px; --smush-placeholder-aspect-ratio: 340\/520;\" \/><div class='gp-author-cat-view'><a href='https:\/\/www.spaziointeriore.com\/casaeditrice\/rick-strassman\/'>Rick Strassman<\/a><\/div><h2 class=\"woocommerce-loop-product__title\">DMT \u2013 LA MOLECOLA DELLO SPIRITO<\/h2>\n\t<span class=\"price\"><span class=\"woocommerce-Price-amount amount\"><bdi>18,00<span class=\"woocommerce-Price-currencySymbol\">&euro;<\/span><\/bdi><\/span><\/span>\n<\/a><\/li>\n<li class=\"product type-product post-7784 status-publish instock product_cat-cristobal-jodorowsky-cat product_cat-in-arrivo product_cat-portali has-post-thumbnail shipping-taxable purchasable product-type-simple\">\n\t<a href=\"https:\/\/www.spaziointeriore.com\/casaeditrice\/catalogo\/lego-e-loro\/\" class=\"woocommerce-LoopProduct-link woocommerce-loop-product__link\"><img decoding=\"async\" width=\"340\" height=\"520\" data-src=\"https:\/\/www.spaziointeriore.com\/casaeditrice\/wp-content\/uploads\/2026\/04\/l-ego-e-l-oro-340x520.jpg\" class=\"attachment-woocommerce_thumbnail size-woocommerce_thumbnail lazyload\" alt=\"L\u2019EGO E L\u2019ORO\" src=\"data:image\/svg+xml;base64,PHN2ZyB3aWR0aD0iMSIgaGVpZ2h0PSIxIiB4bWxucz0iaHR0cDovL3d3dy53My5vcmcvMjAwMC9zdmciPjwvc3ZnPg==\" style=\"--smush-placeholder-width: 340px; --smush-placeholder-aspect-ratio: 340\/520;\" \/><div class='gp-author-cat-view'><a href='https:\/\/www.spaziointeriore.com\/casaeditrice\/?page_id=7780'>Cristo\u0301bal Jodorowsky<\/a><\/div><h2 class=\"woocommerce-loop-product__title\">L\u2019EGO E L\u2019ORO<\/h2>\n\t<span class=\"price\"><span class=\"woocommerce-Price-amount amount\"><bdi>22,00<span class=\"woocommerce-Price-currencySymbol\">&euro;<\/span><\/bdi><\/span><\/span>\n<\/a><\/li>\n<\/ul>\n<\/div><\/div><\/div>[\/vc_column][\/vc_row]<\/p>\n","protected":false},"excerpt":{"rendered":"<p>[vc_row][vc_column][\/vc_column][\/vc_row]<\/p>\n","protected":false},"author":1,"featured_media":4206,"parent":0,"menu_order":5,"comment_status":"closed","ping_status":"closed","template":"","meta":{"_acf_changed":false,"footnotes":""},"categories":[148],"tags":[],"class_list":["post-2083","page","type-page","status-publish","has-post-thumbnail","hentry","category-collane"],"acf":[],"_links":{"self":[{"href":"https:\/\/www.spaziointeriore.com\/casaeditrice\/wp-json\/wp\/v2\/pages\/2083","targetHints":{"allow":["GET"]}}],"collection":[{"href":"https:\/\/www.spaziointeriore.com\/casaeditrice\/wp-json\/wp\/v2\/pages"}],"about":[{"href":"https:\/\/www.spaziointeriore.com\/casaeditrice\/wp-json\/wp\/v2\/types\/page"}],"author":[{"embeddable":true,"href":"https:\/\/www.spaziointeriore.com\/casaeditrice\/wp-json\/wp\/v2\/users\/1"}],"replies":[{"embeddable":true,"href":"https:\/\/www.spaziointeriore.com\/casaeditrice\/wp-json\/wp\/v2\/comments?post=2083"}],"version-history":[{"count":0,"href":"https:\/\/www.spaziointeriore.com\/casaeditrice\/wp-json\/wp\/v2\/pages\/2083\/revisions"}],"wp:featuredmedia":[{"embeddable":true,"href":"https:\/\/www.spaziointeriore.com\/casaeditrice\/wp-json\/wp\/v2\/media\/4206"}],"wp:attachment":[{"href":"https:\/\/www.spaziointeriore.com\/casaeditrice\/wp-json\/wp\/v2\/media?parent=2083"}],"wp:term":[{"taxonomy":"category","embeddable":true,"href":"https:\/\/www.spaziointeriore.com\/casaeditrice\/wp-json\/wp\/v2\/categories?post=2083"},{"taxonomy":"post_tag","embeddable":true,"href":"https:\/\/www.spaziointeriore.com\/casaeditrice\/wp-json\/wp\/v2\/tags?post=2083"}],"curies":[{"name":"wp","href":"https:\/\/api.w.org\/{rel}","templated":true}]}}