{"id":4624,"date":"2020-10-02T16:08:54","date_gmt":"2020-10-02T16:08:54","guid":{"rendered":"https:\/\/spaziointeriore.com\/casaeditrice\/?page_id=4624"},"modified":"2020-10-02T16:12:40","modified_gmt":"2020-10-02T16:12:40","slug":"manifesto-dello-spazio-interiore","status":"publish","type":"page","link":"https:\/\/www.spaziointeriore.com\/casaeditrice\/manifesto-dello-spazio-interiore\/","title":{"rendered":"Manifesto dello Spazio Interiore"},"content":{"rendered":"<p>[vc_row][vc_column]<div class=\"columns_wrap sc_columns columns_nofluid sc_columns_count_1 aboutus margin_bottom_huge\" style=\"text-align:center;\"><div class=\"column-1_1 sc_column_item sc_column_item_1 odd first\" style=\"width: 800px;\"><h4 class=\"sc_title sc_title_underline sc_align_center margin_top_small\" style=\"text-align:center;\">Manifesto dello Spazio Interiore<\/h4>[vc_column_text css=&#8221;.vc_custom_1601654920814{margin-top: 30px !important;}&#8221; el_class=&#8221;gp-text&#8221;]<strong>Spazio Interiore<\/strong> \u00e8 un centro di aggregazione di anime e disgregazione di maschere.<\/p>\n<p><strong>Spazio Interiore<\/strong> \u00e8 un\u2019astronave multidimensionale che accoglie a bordo compagni di viaggio, cacciatori di ignoto e cercatori di verit\u00e0.<\/p>\n<p><strong>Spazio Interiore<\/strong> \u00e8 un luogo di autoguarigione, in cui gli individui hanno l\u2019opportunit\u00e0 di guardarsi dentro attraverso il confronto con l\u2019altro e con la propria ombra.<\/p>\n<p><strong>Spazio Interiore<\/strong> \u00e8 un territorio senza mappe in cui lavorare su di s\u00e9 e con il S\u00e9.<\/p>\n<p><strong>Spazio Interiore<\/strong> \u00e8 un\u2019esortazione a non cercare risposte ma a imparare a fare le domande giuste, sviluppando intuizione e immaginazione.<\/p>\n<p><strong>Spazio Interiore<\/strong> \u00e8 un pericoloso crocevia in cui si tenta di non confondere i segnali con la via.<\/p>\n<p><strong>Spazio Interiore<\/strong> \u00e8 un pungolo a prendere lo straordinario come ordinario: stupore, magia e meraviglia sono presenti qui e ora, ovunque e sempre.<\/p>\n<p><strong>Spazio Interiore<\/strong> aspira alla verticalit\u00e0 e all\u2019ascensione attraverso l\u2019immersione consapevole nell\u2019orizzontalit\u00e0 e la contaminazione con l\u2019altro da s\u00e9.<\/p>\n<p><strong>Spazio Interiore<\/strong> si prefigge di perseguire l\u2019unione e attenuare la separazione, senza rinunciare alla propria unicit\u00e0, in perenne evoluzione.<\/p>\n<p><strong>Spazio Interiore<\/strong> invita a darsi incessantemente all\u2019Amore e alla Bellezza e a ricordarsi che la vita \u00e8 una cerimonia sacra che ha luogo in ogni piccolo momento della giornata.<\/p>\n<p><strong>Spazio Interiore<\/strong> sposa una visione proattiva dell\u2019esistenza: cuciniamo sempre e comunque con quello che c\u2019\u00e8 in frigo, ma impariamo \u2013 attraverso gli errori-scoperte \u2013 a fare la spesa e a scegliere con quali ingredienti dare sapore alla nostra vita.<\/p>\n<p><strong>Spazio Interiore<\/strong> apre spiragli sui possibili aldil\u00e0 di noi stessi e invita ad allargarli sempre di pi\u00f9, resistendo alla tentazione di richiuderli.<\/p>\n<p><strong>Spazio Interiore<\/strong> \u00e8 la riprova che la ricerca non finisce mai e pertanto invita i viandanti a mettersi costantemente in discussione e a restare vigili per accorgersi quando \u00e8 il momento di cambiare direzione e cercare un\u2019altra strada.<\/p>\n<p><strong>Spazio Interiore<\/strong> onora la tradizione e indaga il passato, con il proposito di trasformarli e non di aggrapparsi a essi.<\/p>\n<p><strong>Spazio Interiore<\/strong> incoraggia a coltivare la creativit\u00e0 con il proposito di conoscersi, esplorarsi e riscoprirsi, per poi manifestare all\u2019esterno la propria bellezza interiore, infondendola nel mondo della materia.<\/p>\n<p><strong>Spazio Interiore<\/strong> persegue idealmente uno stile di vita consapevole, ecosostenibile, biologico&#8230; nell\u2019alimentazione, nella cura del benessere psicofisico, nell\u2019attitudine al respiro, nel lavoro e nelle relazioni&#8230; ma senza dogmatismi, ognuno con i suoi tempi, un passo per volta, rispettando e accettando il fatto che ogni anima ha un proprio percorso individuale e lezioni diverse da imparare.<\/p>\n<p><strong>Spazio Interiore<\/strong>, pur essendo un altrove fatto di parole, linguaggi ed esperienze, \u00e8 cosciente che l\u2019energia e la vibrazione di quanto viene detto ed esperito \u00e8 pi\u00f9 importante del suo contenuto e della sua forma.<\/p>\n<p><strong>Spazio Interiore<\/strong> \u00e8 in cammino sulle infinite vie del cuore, sempre in ascolto del maestro corpo, aperto alle intuizioni della mente libera, disposto ad accogliere i delicati sussurri dello spirito.<\/p>\n<p><strong>Spazio Interiore<\/strong> \u00e8 un laboratorio permanente per le anime che ci lavorano e che hanno scelto di mettersi in gioco quotidianamente con la loro luce e le loro ombre.<\/p>\n<p><strong>Spazio Interiore<\/strong> si inchina ogni giorno all\u2019infinita saggezza della Natura e dell\u2019Universo.[\/vc_column_text]<\/div><\/div>[\/vc_column][\/vc_row]<\/p>\n","protected":false},"excerpt":{"rendered":"<p>[vc_row][vc_column][\/vc_column][\/vc_row]<\/p>\n","protected":false},"author":1,"featured_media":0,"parent":0,"menu_order":5,"comment_status":"closed","ping_status":"closed","template":"","meta":{"_acf_changed":false,"footnotes":""},"categories":[],"tags":[],"class_list":["post-4624","page","type-page","status-publish","hentry"],"acf":[],"_links":{"self":[{"href":"https:\/\/www.spaziointeriore.com\/casaeditrice\/wp-json\/wp\/v2\/pages\/4624","targetHints":{"allow":["GET"]}}],"collection":[{"href":"https:\/\/www.spaziointeriore.com\/casaeditrice\/wp-json\/wp\/v2\/pages"}],"about":[{"href":"https:\/\/www.spaziointeriore.com\/casaeditrice\/wp-json\/wp\/v2\/types\/page"}],"author":[{"embeddable":true,"href":"https:\/\/www.spaziointeriore.com\/casaeditrice\/wp-json\/wp\/v2\/users\/1"}],"replies":[{"embeddable":true,"href":"https:\/\/www.spaziointeriore.com\/casaeditrice\/wp-json\/wp\/v2\/comments?post=4624"}],"version-history":[{"count":0,"href":"https:\/\/www.spaziointeriore.com\/casaeditrice\/wp-json\/wp\/v2\/pages\/4624\/revisions"}],"wp:attachment":[{"href":"https:\/\/www.spaziointeriore.com\/casaeditrice\/wp-json\/wp\/v2\/media?parent=4624"}],"wp:term":[{"taxonomy":"category","embeddable":true,"href":"https:\/\/www.spaziointeriore.com\/casaeditrice\/wp-json\/wp\/v2\/categories?post=4624"},{"taxonomy":"post_tag","embeddable":true,"href":"https:\/\/www.spaziointeriore.com\/casaeditrice\/wp-json\/wp\/v2\/tags?post=4624"}],"curies":[{"name":"wp","href":"https:\/\/api.w.org\/{rel}","templated":true}]}}