{"id":4852,"date":"2020-11-17T15:35:49","date_gmt":"2020-11-17T15:35:49","guid":{"rendered":"https:\/\/spaziointeriore.com\/casaeditrice\/?page_id=4852"},"modified":"2020-11-17T15:44:03","modified_gmt":"2020-11-17T15:44:03","slug":"healing-hearts","status":"publish","type":"page","link":"https:\/\/www.spaziointeriore.com\/casaeditrice\/healing-hearts\/","title":{"rendered":"Healing hearts"},"content":{"rendered":"<p>[vc_row][vc_column]<div class=\"columns_wrap sc_columns columns_nofluid sc_columns_count_2\"><div class=\"column-1_2 sc_column_item sc_column_item_1 odd first\" style=\"width:50%\"><figure class=\"sc_image  alignright sc_image_shape_square\"><img decoding=\"async\" data-src=\"https:\/\/www.spaziointeriore.com\/casaeditrice\/wp-content\/uploads\/2020\/11\/healing-hearts.jpg\" alt=\"\" src=\"data:image\/svg+xml;base64,PHN2ZyB3aWR0aD0iMSIgaGVpZ2h0PSIxIiB4bWxucz0iaHR0cDovL3d3dy53My5vcmcvMjAwMC9zdmciPjwvc3ZnPg==\" class=\"lazyload\" style=\"--smush-placeholder-width: 368px; --smush-placeholder-aspect-ratio: 368\/250;\" \/><\/figure><\/div><div class=\"column-1_2 sc_column_item sc_column_item_2 even\"><h3 class=\"sc_title sc_title_regular margin_bottom_null\" style=\"color:#1a75bb;font-weight:900;font-size:2em;\">HEALING HEARTS<\/h3><h4 class=\"sc_title sc_title_regular\" style=\"font-weight:900;font-size:1.3em;\">MARTINA MERCURI<\/h4>[vc_column_text]<strong>dal 10 Febbraio al 3 Marzo 2015<\/strong>[\/vc_column_text]<\/div><\/div>[\/vc_column][\/vc_row][vc_row][vc_column]<h5 class=\"sc_title sc_title_regular sc_align_center margin_top_large margin_bottom_small\" style=\"text-align:center;color:#1a75bb;font-weight:900;font-size:1em;\">Galleria delle opere<\/h5>[vc_column_text]<style id=\"bwg-style-0\">    #bwg_container1_0 #bwg_container2_0 .bwg-container-0.bwg-standard-thumbnails {      width: 1004px;              justify-content: center;        margin:0 auto !important;              background-color: rgba(255, 255, 255, 0.00);            padding-left: 4px;      padding-top: 4px;      max-width: 100%;            }        #bwg_container1_0 #bwg_container2_0 .bwg-container-0.bwg-standard-thumbnails .bwg-item {    justify-content: flex-start;      max-width: 200px;          }    #bwg_container1_0 #bwg_container2_0 .bwg-container-0.bwg-standard-thumbnails .bwg-item a {       margin-right: 4px;       margin-bottom: 4px;    }    #bwg_container1_0 #bwg_container2_0 .bwg-container-0.bwg-standard-thumbnails .bwg-item0 {      padding: 0px;            background-color:rgba(0,0,0, 0.30);      border: 0px none #CCCCCC;      opacity: 1.00;      border-radius: 0;      box-shadow: ;    }    #bwg_container1_0 #bwg_container2_0 .bwg-container-0.bwg-standard-thumbnails .bwg-item1 img {      max-height: none;      max-width: none;      padding: 0 !important;    }         @media only screen and (min-width: 480px) {\t\t#bwg_container1_0 #bwg_container2_0 .bwg-container-0.bwg-standard-thumbnails .bwg-item1 img {\t\t\t-webkit-transition: all .3s; transition: all .3s;\t\t}\t\t#bwg_container1_0 #bwg_container2_0 .bwg-container-0.bwg-standard-thumbnails .bwg-item1 img:hover {\t\t\t-ms-transform: scale(1.08);\t\t\t-webkit-transform: scale(1.08);\t\t\ttransform: scale(1.08);\t\t}\t\t      }\t    #bwg_container1_0 #bwg_container2_0 .bwg-container-0.bwg-standard-thumbnails .bwg-item1 {      padding-top: 100%;    }        #bwg_container1_0 #bwg_container2_0 .bwg-container-0.bwg-standard-thumbnails .bwg-title2,    #bwg_container1_0 #bwg_container2_0 .bwg-container-0.bwg-standard-thumbnails .bwg-ecommerce2 {      color: #323A45;      font-family: Ubuntu;      font-size: 16px;      font-weight: bold;      padding: 2px;      text-shadow: ;      max-height: 100%;    }    #bwg_container1_0 #bwg_container2_0 .bwg-container-0.bwg-standard-thumbnails .bwg-thumb-description span {    color: #323A45;    font-family: Ubuntu;    font-size: 12px;    max-height: 100%;    word-wrap: break-word;    }    #bwg_container1_0 #bwg_container2_0 .bwg-container-0.bwg-standard-thumbnails .bwg-play-icon2 {      font-size: 32px;    }    #bwg_container1_0 #bwg_container2_0 .bwg-container-0.bwg-standard-thumbnails .bwg-ecommerce2 {      font-size: 19.2px;      color: #323A45;    }    <\/style>    <div id=\"bwg_container1_0\"         class=\"bwg_container bwg_thumbnail bwg_thumbnails \"         data-right-click-protection=\"0\"         data-bwg=\"0\"         data-scroll=\"0\"         data-gallery-type=\"thumbnails\"         data-gallery-view-type=\"thumbnails\"         data-current-url=\"\/casaeditrice\/wp-json\/wp\/v2\/pages\/4852\"         data-lightbox-url=\"https:\/\/www.spaziointeriore.com\/casaeditrice\/wp-admin\/admin-ajax.php?action=GalleryBox&#038;current_view=0&#038;gallery_id=8&#038;tag=0&#038;theme_id=1&#038;shortcode_id=30&#038;sort_by=order&#038;order_by=asc&#038;current_url=%2Fcasaeditrice%2Fwp-json%2Fwp%2Fv2%2Fpages%2F4852\"         data-gallery-id=\"8\"         data-popup-width=\"800\"         data-popup-height=\"500\"         data-is-album=\"gallery\"         data-buttons-position=\"bottom\">      <div id=\"bwg_container2_0\">             <div id=\"ajax_loading_0\" class=\"bwg_loading_div_1\">      <div class=\"bwg_loading_div_2\">        <div class=\"bwg_loading_div_3\">          <div id=\"loading_div_0\" class=\"bwg_spider_ajax_loading\">          <\/div>        <\/div>      <\/div>    <\/div>            <form id=\"gal_front_form_0\"              class=\"bwg-hidden\"              method=\"post\"              action=\"#\"              data-current=\"0\"              data-shortcode-id=\"30\"              data-gallery-type=\"thumbnails\"              data-gallery-id=\"8\"              data-tag=\"0\"              data-album-id=\"0\"              data-theme-id=\"1\"              data-ajax-url=\"https:\/\/www.spaziointeriore.com\/casaeditrice\/wp-admin\/admin-ajax.php?action=bwg_frontend_data\">          <div id=\"bwg_container3_0\" class=\"bwg-background bwg-background-0\">                <div data-max-count=\"5\"         data-thumbnail-width=\"200\"         data-bwg=\"0\"         data-gallery-id=\"8\"         data-lightbox-url=\"https:\/\/www.spaziointeriore.com\/casaeditrice\/wp-admin\/admin-ajax.php?action=GalleryBox&amp;current_view=0&amp;gallery_id=8&amp;tag=0&amp;theme_id=1&amp;shortcode_id=30&amp;sort_by=order&amp;order_by=asc&amp;current_url=%2Fcasaeditrice%2Fwp-json%2Fwp%2Fv2%2Fpages%2F4852\"         id=\"bwg_thumbnails_0\"         class=\"bwg-container-0 bwg-thumbnails bwg-standard-thumbnails bwg-container bwg-border-box\">            <div class=\"bwg-item\">        <a class=\"bwg-a  bwg_lightbox\"  data-image-id=\"99\" href=\"https:\/\/www.spaziointeriore.com\/casaeditrice\/wp-content\/uploads\/photo-gallery\/healing-hearts\/mercuri03.jpg?bwg=1605516854\" data-elementor-open-lightbox=\"no\">                <div class=\"bwg-item0 \">          <div class=\"bwg-item1 \">            <div class=\"bwg-item2\">              <img decoding=\"async\" class=\"skip-lazy bwg_standart_thumb_img_0 \"                   data-id=\"99\"                   data-width=\"644\"                   data-height=\"600\"                   data-src=\"https:\/\/www.spaziointeriore.com\/casaeditrice\/wp-content\/uploads\/photo-gallery\/healing-hearts\/thumb\/mercuri03.jpg?bwg=1605516854\"                   src=\"https:\/\/www.spaziointeriore.com\/casaeditrice\/wp-content\/uploads\/photo-gallery\/healing-hearts\/thumb\/mercuri03.jpg?bwg=1605516854\"                   alt=\"mercuri03\"                   title=\"mercuri03\" \/>            <\/div>            <div class=\"\">                                                      <\/div>          <\/div>        <\/div>                        <\/a>              <\/div>            <div class=\"bwg-item\">        <a class=\"bwg-a  bwg_lightbox\"  data-image-id=\"98\" href=\"https:\/\/www.spaziointeriore.com\/casaeditrice\/wp-content\/uploads\/photo-gallery\/healing-hearts\/mercuri01.jpg?bwg=1605516854\" data-elementor-open-lightbox=\"no\">                <div class=\"bwg-item0 \">          <div class=\"bwg-item1 \">            <div class=\"bwg-item2\">              <img decoding=\"async\" class=\"skip-lazy bwg_standart_thumb_img_0 \"                   data-id=\"98\"                   data-width=\"800\"                   data-height=\"543\"                   data-src=\"https:\/\/www.spaziointeriore.com\/casaeditrice\/wp-content\/uploads\/photo-gallery\/healing-hearts\/thumb\/mercuri01.jpg?bwg=1605516854\"                   src=\"https:\/\/www.spaziointeriore.com\/casaeditrice\/wp-content\/uploads\/photo-gallery\/healing-hearts\/thumb\/mercuri01.jpg?bwg=1605516854\"                   alt=\"mercuri01\"                   title=\"mercuri01\" \/>            <\/div>            <div class=\"\">                                                      <\/div>          <\/div>        <\/div>                        <\/a>              <\/div>            <div class=\"bwg-item\">        <a class=\"bwg-a  bwg_lightbox\"  data-image-id=\"97\" href=\"https:\/\/www.spaziointeriore.com\/casaeditrice\/wp-content\/uploads\/photo-gallery\/healing-hearts\/mercuri02.jpg?bwg=1605516854\" data-elementor-open-lightbox=\"no\">                <div class=\"bwg-item0 \">          <div class=\"bwg-item1 \">            <div class=\"bwg-item2\">              <img decoding=\"async\" class=\"skip-lazy bwg_standart_thumb_img_0 \"                   data-id=\"97\"                   data-width=\"400\"                   data-height=\"600\"                   data-src=\"https:\/\/www.spaziointeriore.com\/casaeditrice\/wp-content\/uploads\/photo-gallery\/healing-hearts\/thumb\/mercuri02.jpg?bwg=1605516854\"                   src=\"https:\/\/www.spaziointeriore.com\/casaeditrice\/wp-content\/uploads\/photo-gallery\/healing-hearts\/thumb\/mercuri02.jpg?bwg=1605516854\"                   alt=\"mercuri02\"                   title=\"mercuri02\" \/>            <\/div>            <div class=\"\">                                                      <\/div>          <\/div>        <\/div>                        <\/a>              <\/div>          <\/div>    <style>      \/*pagination styles*\/      #bwg_container1_0 #bwg_container2_0 .tablenav-pages_0 {\t\t\t\ttext-align: center;\t\t\t\tfont-size: 12px;\t\t\t\tfont-family: Ubuntu;\t\t\t\tfont-weight: bold;\t\t\t\tcolor: #666666;\t\t\t\tmargin: 6px 0 4px;\t\t\t\tdisplay: block;      }      @media only screen and (max-width : 320px) {      #bwg_container1_0 #bwg_container2_0 .displaying-num_0 {     \t display: none;      }      }      #bwg_container1_0 #bwg_container2_0 .displaying-num_0 {\t\t\t\tfont-size: 12px;\t\t\t\tfont-family: Ubuntu;\t\t\t\tfont-weight: bold;\t\t\t\tcolor: #666666;\t\t\t\tmargin-right: 10px;\t\t\t\tvertical-align: middle;      }      #bwg_container1_0 #bwg_container2_0 .paging-input_0 {\t\t\t\tfont-size: 12px;\t\t\t\tfont-family: Ubuntu;\t\t\t\tfont-weight: bold;\t\t\t\tcolor: #666666;\t\t\t\tvertical-align: middle;      }      #bwg_container1_0 #bwg_container2_0 .tablenav-pages_0 a.disabled,      #bwg_container1_0 #bwg_container2_0 .tablenav-pages_0 a.disabled:hover,      #bwg_container1_0 #bwg_container2_0 .tablenav-pages_0 a.disabled:focus,\t\t\t#bwg_container1_0 #bwg_container2_0 .tablenav-pages_0 input.bwg_current_page {\t\t\t\tcursor: default;\t\t\t\tcolor: rgba(102, 102, 102, 0.5);      }      #bwg_container1_0 #bwg_container2_0 .tablenav-pages_0 a,      #bwg_container1_0 #bwg_container2_0 .tablenav-pages_0 input.bwg_current_page {\t\t\t\tcursor: pointer;\t\t\t\ttext-align: center;\t\t\t\tfont-size: 12px;\t\t\t\tfont-family: Ubuntu;\t\t\t\tfont-weight: bold;\t\t\t\tcolor: #666666;\t\t\t\ttext-decoration: none;\t\t\t\tpadding: 3px 6px;\t\t\t\tmargin: 0;\t\t\t\tborder-radius: 0;\t\t\t\tborder-style: solid;\t\t\t\tborder-width: 1px;\t\t\t\tborder-color: #E3E3E3;\t\t\t\t\t\t\t\tbackground-color: rgba(255, 255, 255, 1.00);\t\t\t\tbox-shadow: 0;\t\t\t\ttransition: all 0.3s ease 0s;-webkit-transition: all 0.3s ease 0s;      }      <\/style>      <span class=\"bwg_nav_cont_0\">              <div class=\"tablenav-pages_0\">                  <\/div>                <input type=\"hidden\" id=\"page_number_0\" name=\"page_number_0\" value=\"1\" \/>      <script type=\"text\/javascript\">        if( jQuery('.bwg_nav_cont_0').length > 1 ) {          jQuery('.bwg_nav_cont_0').first().remove()        }        function spider_page_0(cur, x, y, load_more) {          if (typeof load_more == \"undefined\") {            var load_more = false;          }          if (jQuery(cur).hasClass('disabled')) {            return false;          }          var items_county_0 = 1;          switch (y) {            case 1:              if (x >= items_county_0) {                document.getElementById('page_number_0').value = items_county_0;              }              else {                document.getElementById('page_number_0').value = x + 1;              }              break;            case 2:              document.getElementById('page_number_0').value = items_county_0;              break;            case -1:              if (x == 1) {                document.getElementById('page_number_0').value = 1;              }              else {                document.getElementById('page_number_0').value = x - 1;              }              break;            case -2:              document.getElementById('page_number_0').value = 1;              break;\t\t\t\t\t\tcase 0:              document.getElementById('page_number_0').value = x;              break;            default:              document.getElementById('page_number_0').value = 1;          }          bwg_ajax('gal_front_form_0', '0', 'bwg_thumbnails_0', '0', '', 'gallery', 0, '', '', load_more, '', 1);        }                    jQuery('.first-page-0').on('click', function () {              spider_page_0(this, 1, -2, 'numeric');              return false;            });            jQuery('.prev-page-0').on('click', function () {              spider_page_0(this, 1, -1, 'numeric');              return false;            });            jQuery('.next-page-0').on('click', function () {              spider_page_0(this, 1, 1, 'numeric');              return false;            });            jQuery('.last-page-0').on('click', function () {              spider_page_0(this, 1, 2, 'numeric');              return false;            });        \t\t\t\t\/* Change page on input enter. *\/        function bwg_change_page_0( e, that ) {          if (  e.key == 'Enter' ) {            var to_page = parseInt(jQuery(that).val());            var pages_count = jQuery(that).parents(\".pagination-links\").data(\"pages-count\");            var current_url_param = jQuery(that).attr('data-url-info');            if (to_page > pages_count) {              to_page = 1;            }\t \t\t\t\t\t\t\t\t\t\t\t\tspider_page_0(this, to_page, 0, 'numeric');\t\t\t\t\t\t\treturn false;\t\t\t\t\t\t          }          return true;        }        jQuery('.bwg_load_btn_0').on('click', function () {            spider_page_0(this, 1, 1, true);            return false;        });      <\/script>      <\/span>                <\/div>        <\/form>        <style>          #bwg_container1_0 #bwg_container2_0 #spider_popup_overlay_0 {          background-color: #EEEEEE;          opacity: 0.60;          }          <\/style>        <div id=\"bwg_spider_popup_loading_0\" class=\"bwg_spider_popup_loading\"><\/div>        <div id=\"spider_popup_overlay_0\" class=\"spider_popup_overlay\" onclick=\"spider_destroypopup(1000)\"><\/div>        <input type=\"hidden\" id=\"bwg_random_seed_0\" value=\"332161763\">                <\/div>    <\/div>    <script>      if (document.readyState === 'complete') {        if( typeof bwg_main_ready == 'function' ) {          if ( jQuery(\"#bwg_container1_0\").height() ) {            bwg_main_ready(jQuery(\"#bwg_container1_0\"));          }        }      } else {        document.addEventListener('DOMContentLoaded', function() {          if( typeof bwg_main_ready == 'function' ) {            if ( jQuery(\"#bwg_container1_0\").height() ) {             bwg_main_ready(jQuery(\"#bwg_container1_0\"));            }          }        });      }    <\/script>    [\/vc_column_text][\/vc_column][\/vc_row][vc_row css=&#8221;.vc_custom_1605523445961{margin-top: 100px !important;}&#8221;][vc_column][vc_column_text]<\/p>\n<div><strong>Healing HeARTs<\/strong>, l&#8217;Arte di guarire i cuori, di guarire il nostro Quarto Chakra, Anahata.<\/div>\n<div><\/div>\n<div>In questo spazio vibrazionale trascendiamo l\u2019ego e ci troviamo al centro del sistema dei Chakra, il compito del Quarto Chakra \u00e8 di integrare il basso e l\u2019alto, il dentro e il fuori, lo spirito e la materia, l\u2019io e il non-io, la mente e il corpo.<\/div>\n<div>\u00c8 luogo di unione, di conciliazione degli opposti, d&#8217;identit\u00e0 pura e profonda, \u00e8 regno di pace ed armonia, di Amore nella sua essenza trascendente di principio deificante.<\/div>\n<div><\/div>\n<div>Nel Quarto Chakra siamo sul pianeta Venere, immersi in relazioni e amore, bellezza e piacere.<\/div>\n<div>Su queste vibrazioni di unione e guarigione nasce e si muove l&#8217;esposizione, dove ogni Opera \u00e8 una rappresentazione d&#8217;integrazione e completamento di opposti che si specchiano l&#8217;uno nell&#8217;altro.<\/div>\n<div><\/div>\n<div>Lo scopo della mostra, infatti, \u00e8 l&#8217;espressione dell&#8217;antica connessione tra cielo e terra, tra materia e spirito, tra il terreno e il divino. \u00c8 una manifestazione in forme e movimenti di colore ed energie della relazione tra il nostro interno e l&#8217;esterno, tra il nostro universo interiore e quello esteriore. Quest&#8217;espressione artistica vuole essere uno specchio, un riflesso del collegamento tra il microcosmo e il macrocosmo attraverso l&#8217;universalit\u00e0 delle forme archetipiche dell&#8217;Astrologia, le sue simbologie e i suoi elementi.<\/div>\n<div>Veicolata dalla materia, quest&#8217;Arte si manifesta sotto forme simboliche e informate, ogni Opera esprime la sua propria personalit\u00e0 e la sua particolare energia ed espone uno dei tanti aspetti del nostro essere, del nostro S\u00e9, portandoci in uno stato introspettivo e meditativo.<\/div>\n<div>Tra le Opere in esposizione saranno presenti anche esempi di trasformazione di aspetti astrologici in composizioni artistiche armonizzatrici e segni zodiacali rielaborati, evoluti ed integrati in forme.<\/div>\n<div><\/div>\n<div>Un&#8217;occasione unica per entrare in contatto con la sacralit\u00e0 di un&#8217;Arte che cura e si cura in uno spazio informato da Opere che incarnano veri e propri talismani energetici, dagli aspetti pi\u00f9 plastici e materici a vibrazioni pi\u00f9 sottili, mistiche ed eteree.<\/div>\n<div>Le composizioni esposte sono parte del progetto Holismystic Art, un progetto appunto di arte Olistica e Archetipica nato e sviluppatosi seguendo le metodologie della Citt\u00e0 della Luce. \u00c8 un progetto germogliato all&#8217;interno della comunit\u00e0 con le solide basi del Reiki, delle Costellazioni Familiari e del lavoro sugli Archetipi che mira a portare nel mondo un messaggio di guarigione e consapevolezza fisica, emozionale, mentale e spirituale.<\/div>\n<div><\/div>\n<div>Arte Olistica perch\u00e9 considera il \u201ctutto\u201d, dal macrocosmo al microcosmo individuale attraverso la sinergia di pi\u00f9 strumenti quali l&#8217;Astrologia Archetipica, la Cromoterapia, la Cristalloterapia, il Feng Shui, il Reiki, le Costellazioni Familiari, Runologia, i Principi Vibrazionali e le Acque di Luce per contribuire al raggiungimento del benessere psico-fisico. Arte Archetipica perch\u00e9 si avvale dell&#8217;universalit\u00e0 del principio primo dell&#8217;Archetipo, ovvero del \u201cmodello originario\u201d che \u00e8 l&#8217;essenza universale individuale.<\/div>\n<p>[\/vc_column_text][\/vc_column][\/vc_row][vc_row][vc_column]<h4 class=\"sc_title sc_title_regular sc_align_left margin_top_medium\" style=\"text-align:left;color:#1a75bb;font-weight:700;font-size:1.3em;\">MARTINA MERCURI<\/h4>[vc_column_text]<img decoding=\"async\" class=\"alignleft wp-image-4854 size-full lazyload\" style=\"--smush-placeholder-width: 197px; --smush-placeholder-aspect-ratio: 197\/250;margin-top: 0;\" data-src=\"https:\/\/spaziointeriore.com\/casaeditrice\/wp-content\/uploads\/2020\/11\/martina-mercuri.jpg\" alt=\"\" width=\"197\" height=\"250\" src=\"data:image\/svg+xml;base64,PHN2ZyB3aWR0aD0iMSIgaGVpZ2h0PSIxIiB4bWxucz0iaHR0cDovL3d3dy53My5vcmcvMjAwMC9zdmciPjwvc3ZnPg==\" \/><\/p>\n<div style=\"text-align: justify;\">\n<div>Maestra di Reiki metodo Usui, Operatrice Olistica Trainer e membro della Comunit\u00e0 , Scuola Olistica e Associazione Culturale \u201cLa Citt\u00e0 della Luce\u201d dove si \u00e8 formata come Counselor Olistico a mediazione artistica.<\/div>\n<div>Anni di ricerca di stili di vita alternativi al modello sociale ed economico attuale, di sistemi di guarigione in linea con la natura di ogni essere vivente, di nuove forme di espressione interconnessa e totale hanno portato Martina nel 2012 a incontrare La Citt\u00e0 della Luce e ad aderire completamente a questo progetto che propone un nuovo modello di famiglia, societ\u00e0 ed economia fondata sull&#8217;Amore e la Consapevolezza.<\/div>\n<div>Nel 2014 dopo un intenso lavoro su di s\u00e9 attraverso Reiki, le Costellazioni Familiari, l&#8217;approccio archetipico e l&#8217;aiuto, il supporto e la guida di Umberto Carmignani, prende forma e germoglia il progetto HOLISMYSTIC ART.<\/div>\n<div>Holismystic Art nasce dalla trasformazione del vissuto artistico personale di Martina, fatto di individualit\u00e0 e conflitti, in uno strumento di guarigione, consapevolezza ed evoluzione fisica, emozionale, mentale e spirituale.<\/div>\n<div>Il progetto si occupa di Arte Olistica e Archetipica e realizza Opere come strumento di auto guarigione, unendo i concetti dell&#8217;astrologia e del linguaggio archetipico, con l&#8217;universalit\u00e0 dei colori e delle forme proprie dell&#8217;Arte, attraverso una metodologia olistica. Le Opere vengono realizzate su commissione e attraverso un consulto d&#8217;esplorazione e indagine si centreranno i temi su cui si baser\u00e0 la composizione energetica-artistica.<\/div>\n<div>Il risultato finale \u00e8 un&#8217;opera plasmata su misura del committente, un potente talismano energetico che canalizza e propaga vibrazioni curative, un riflesso artistico del committente in cui pu\u00f2 specchiare ed esaltare i lati luce del suo S\u00e9.<\/div>\n<div>Inoltre il progetto organizza corsi di HEALING ART \u2013 Forme e Colori del S\u00e8: incontri, percorsi e intensivi che possono costituire quello spazio e quel tempo in cui incontrare noi stessi nell&#8217;espressione artistica attraverso l&#8217;universalit\u00e0 degli Archetipi.<\/div>\n<div>Healing Art significa appunto\u00a0<em>\u201cGuarigione di Se Stessi attraverso l&#8217;Arte\u201d\u00a0<\/em>e consiste nellalibera e spontanea espressione del nostro essere attraverso Suoni e Segni, Parole e Forme, Immagini e Colori, Visioni e Sogni, Simboli e Archetipi.<\/div>\n<div>Le Figure di un Collage, i Colori di un Dipinto, le Melodie di una Musica, le Parole di un Racconto o di una Poesia, i Movimenti di una Danza, si fanno strumenti per contattare mondi e universi interiori altrimenti inattingibili e inesprimibili.<\/div>\n<div>Attraverso quest&#8217;attivit\u00e0 potremmo scoprire, attivare, liberare, rappresentare, rendere disponibili e fruibili nuove funzioni comunicative ed espressive, potremo godere dell&#8217;intimo piacere del processo creativo ed estetico, che \u00e8 sempre trasformazione in gioia e bellezza, celebrazione della vita in ogni sua manifestazione.<\/div>\n<\/div>\n<p>[\/vc_column_text][\/vc_column][\/vc_row]<\/p>\n","protected":false},"excerpt":{"rendered":"<p>[vc_row][vc_column][\/vc_column][\/vc_row][vc_row][vc_column][vc_column_text][\/vc_column_text][\/vc_column][\/vc_row][vc_row css=&#8221;.vc_custom_1605523445961{margin-top: 100px !important;}&#8221;][vc_column][vc_column_text] Healing HeARTs, l&#8217;Arte di guarire i cuori, di guarire il nostro Quarto Chakra, Anahata. In questo spazio vibrazionale trascendiamo l\u2019ego e ci troviamo al centro del [&hellip;]<\/p>\n","protected":false},"author":1,"featured_media":0,"parent":0,"menu_order":0,"comment_status":"closed","ping_status":"closed","template":"","meta":{"_acf_changed":false,"footnotes":""},"categories":[],"tags":[],"class_list":["post-4852","page","type-page","status-publish","hentry"],"acf":[],"_links":{"self":[{"href":"https:\/\/www.spaziointeriore.com\/casaeditrice\/wp-json\/wp\/v2\/pages\/4852","targetHints":{"allow":["GET"]}}],"collection":[{"href":"https:\/\/www.spaziointeriore.com\/casaeditrice\/wp-json\/wp\/v2\/pages"}],"about":[{"href":"https:\/\/www.spaziointeriore.com\/casaeditrice\/wp-json\/wp\/v2\/types\/page"}],"author":[{"embeddable":true,"href":"https:\/\/www.spaziointeriore.com\/casaeditrice\/wp-json\/wp\/v2\/users\/1"}],"replies":[{"embeddable":true,"href":"https:\/\/www.spaziointeriore.com\/casaeditrice\/wp-json\/wp\/v2\/comments?post=4852"}],"version-history":[{"count":0,"href":"https:\/\/www.spaziointeriore.com\/casaeditrice\/wp-json\/wp\/v2\/pages\/4852\/revisions"}],"wp:attachment":[{"href":"https:\/\/www.spaziointeriore.com\/casaeditrice\/wp-json\/wp\/v2\/media?parent=4852"}],"wp:term":[{"taxonomy":"category","embeddable":true,"href":"https:\/\/www.spaziointeriore.com\/casaeditrice\/wp-json\/wp\/v2\/categories?post=4852"},{"taxonomy":"post_tag","embeddable":true,"href":"https:\/\/www.spaziointeriore.com\/casaeditrice\/wp-json\/wp\/v2\/tags?post=4852"}],"curies":[{"name":"wp","href":"https:\/\/api.w.org\/{rel}","templated":true}]}}