{"id":4917,"date":"2020-11-30T08:38:53","date_gmt":"2020-11-30T08:38:53","guid":{"rendered":"https:\/\/spaziointeriore.com\/casaeditrice\/?page_id=4917"},"modified":"2020-11-30T10:34:47","modified_gmt":"2020-11-30T10:34:47","slug":"arte","status":"publish","type":"page","link":"https:\/\/www.spaziointeriore.com\/casaeditrice\/arte\/","title":{"rendered":"Arte"},"content":{"rendered":"<p>[vc_row][vc_column]<h4 class=\"sc_title sc_title_underline sc_align_center\" style=\"text-align:center;\"><em>Arte<\/em><\/h4>[vc_column_text]<\/p>\n<p>&nbsp;<\/p>\n<p>[\/vc_column_text][\/vc_column][\/vc_row][vc_row][vc_column]<div class=\"columns_wrap sc_columns columns_nofluid sc_columns_count_2\" style=\"width:70%;\"><div class=\"column-1_2 sc_column_item sc_column_item_1 odd first\">[vc_single_image image=&#8221;4806&#8243; alignment=&#8221;right&#8221; onclick=&#8221;custom_link&#8221; link=&#8221;https:\/\/spaziointeriore.com\/casaeditrice\/gli-infiniti-adesso-dellanima\/&#8221;]<\/div><div class=\"column-1_2 sc_column_item sc_column_item_2 even\">[vc_row_inner][vc_column_inner]<h3 class=\"sc_title sc_title_regular margin_bottom_tiny\" style=\"font-size:1em;\"><em>29 settembre 2016 &#8211; 18 dicembre 2016<\/em><\/h3><h3 class=\"sc_title sc_title_regular margin_bottom_null\" style=\"color:#1a75bbcolor:#1a75bb;font-weight:700;font-size:1.1em;\"><a style=\"color: #1a75bb;\" href=\"https:\/\/spaziointeriore.com\/casaeditrice\/gli-infiniti-adesso-dellanima\/\">GLI INFINITI ADESSO DELL&#8217;ANIMA<\/a><\/h3><h3 class=\"sc_title sc_title_regular margin_top_null\" style=\"font-weight:900;font-size:1.1em;\">RITRATTI DI DONNA<\/h3><h3 class=\"sc_title sc_title_regular\" style=\"font-weight:600;font-size:1em;\">Mostra di illustrazioni di Massimo Poletti<\/h3>[\/vc_column_inner][\/vc_row_inner]<\/div><\/div><div class=\"columns_wrap sc_columns columns_nofluid sc_columns_count_2 margin_top_medium\" style=\"width:70%;\"><div class=\"column-1_2 sc_column_item sc_column_item_1 odd first\">[vc_single_image image=&#8221;4843&#8243; alignment=&#8221;right&#8221; onclick=&#8221;custom_link&#8221; link=&#8221;https:\/\/spaziointeriore.com\/casaeditrice\/peyote-mandala\/&#8221;]<\/div><div class=\"column-1_2 sc_column_item sc_column_item_2 even\">[vc_row_inner][vc_column_inner]<h3 class=\"sc_title sc_title_regular margin_bottom_tiny\" style=\"font-size:1em;\"><em>1\u00b0 marzo 2016 &#8211; 31 maggio 2016<\/em><\/h3><h3 class=\"sc_title sc_title_regular margin_bottom_null\" style=\"color:#1a75bb;font-weight:700;font-size:1.1em;\"><a style=\"color: #1a75bb;\" href=\"https:\/\/spaziointeriore.com\/casaeditrice\/peyote-mandala\/\">PEYOTE MANDALA<\/a><\/h3><h3 class=\"sc_title sc_title_regular margin_top_null\" style=\"font-weight:900;font-size:1.1em;\">ARTE MESSICANA HUICHOL<\/h3><h3 class=\"sc_title sc_title_regular\" style=\"font-weight:600;font-size:0.95em;\"><span style=\"text-transform: uppercase;\">jos\u00e9 ben\u00edtez s\u00e1nchez \u2022 samuel carrillo moreno \u2022 h\u00e9ctor gonz\u00e1lez carrillo<\/span><\/h3>[\/vc_column_inner][\/vc_row_inner]<\/div><\/div><div class=\"columns_wrap sc_columns columns_nofluid sc_columns_count_2 margin_top_medium\" style=\"width:70%;\"><div class=\"column-1_2 sc_column_item sc_column_item_1 odd first\">[vc_single_image image=&#8221;4848&#8243; alignment=&#8221;right&#8221; onclick=&#8221;custom_link&#8221; link=&#8221;https:\/\/spaziointeriore.com\/casaeditrice\/inner-visions\/&#8221;]<\/div><div class=\"column-1_2 sc_column_item sc_column_item_2 even\">[vc_row_inner][vc_column_inner]<h3 class=\"sc_title sc_title_regular margin_bottom_tiny\" style=\"font-size:1em;\"><em>31 ottobre 2015 &#8211; 28 gennaio 2016<\/em><\/h3><h3 class=\"sc_title sc_title_regular margin_bottom_null\" style=\"color:#1a75bb;font-weight:700;font-size:1.1em;\"><a style=\"color: #1a75bb;\" href=\"https:\/\/spaziointeriore.com\/casaeditrice\/inner-visions\/\">INNER VISIONS<\/a><\/h3><h3 class=\"sc_title sc_title_regular margin_top_null\" style=\"font-weight:900;font-size:1.1em;\">COLLIDER ART<\/h3><h3 class=\"sc_title sc_title_regular\" style=\"font-weight:600;font-size:0.95em;\"><span style=\"text-transform: uppercase;\">aumega \u2022 hakan hisim \u2022 ihti anderson \u2022 luke brown \u2022 luminokaya \u2022 vajra<\/span><\/h3>[\/vc_column_inner][\/vc_row_inner]<\/div><\/div><div class=\"columns_wrap sc_columns columns_nofluid sc_columns_count_2 margin_top_medium\" style=\"width:70%;\"><div class=\"column-1_2 sc_column_item sc_column_item_1 odd first\">[vc_single_image image=&#8221;4853&#8243; alignment=&#8221;right&#8221; onclick=&#8221;custom_link&#8221; link=&#8221;https:\/\/spaziointeriore.com\/casaeditrice\/healing-hearts\/&#8221;]<\/div><div class=\"column-1_2 sc_column_item sc_column_item_2 even\">[vc_row_inner][vc_column_inner]<h3 class=\"sc_title sc_title_regular margin_bottom_tiny\" style=\"font-size:1em;\"><em>10 febbraio &#8211; 3 marzo 2015<\/em><\/h3><h3 class=\"sc_title sc_title_regular margin_bottom_null\" style=\"color:#1a75bb;font-weight:700;font-size:1.1em;\"><a style=\"color: #1a75bb;\" href=\"https:\/\/spaziointeriore.com\/casaeditrice\/healing-hearts\/\">HEALING HEARTS<\/a><\/h3><h3 class=\"sc_title sc_title_regular margin_top_null\" style=\"font-weight:900;font-size:1.1em;\">MARTINA MERCURI<\/h3>[\/vc_column_inner][\/vc_row_inner]<\/div><\/div><div class=\"columns_wrap sc_columns columns_nofluid sc_columns_count_2 margin_top_medium\" style=\"width:70%;\"><div class=\"column-1_2 sc_column_item sc_column_item_1 odd first\">[vc_single_image image=&#8221;4863&#8243; alignment=&#8221;right&#8221; onclick=&#8221;custom_link&#8221; link=&#8221;https:\/\/spaziointeriore.com\/casaeditrice\/frammenti-di-una-ricerca\/&#8221;]<\/div><div class=\"column-1_2 sc_column_item sc_column_item_2 even\">[vc_row_inner][vc_column_inner]<h3 class=\"sc_title sc_title_regular margin_bottom_tiny\" style=\"font-size:1em;\"><em>5 dicembre 2014 &#8211; 9 gennaio 2015<\/em><\/h3><h3 class=\"sc_title sc_title_regular margin_bottom_null\" style=\"color:#1a75bb;font-weight:700;font-size:1.1em;\"><a style=\"color: #1a75bb;\" href=\"https:\/\/spaziointeriore.com\/casaeditrice\/frammenti-di-una-ricerca\/\">FRAMMENTI DI UNA RICERCA<\/a><\/h3><h3 class=\"sc_title sc_title_regular margin_top_null\" style=\"font-weight:900;font-size:1.1em;\">MONICA SARANDREA<\/h3>[\/vc_column_inner][\/vc_row_inner]<\/div><\/div><div class=\"columns_wrap sc_columns columns_nofluid sc_columns_count_2 margin_top_medium\" style=\"width:70%;\"><div class=\"column-1_2 sc_column_item sc_column_item_1 odd first\">[vc_single_image image=&#8221;4869&#8243; alignment=&#8221;right&#8221; onclick=&#8221;custom_link&#8221; link=&#8221;https:\/\/spaziointeriore.com\/casaeditrice\/cycles\/&#8221;]<\/div><div class=\"column-1_2 sc_column_item sc_column_item_2 even\">[vc_row_inner][vc_column_inner]<h3 class=\"sc_title sc_title_regular margin_bottom_tiny\" style=\"font-size:1em;\"><em>26 ottobre &#8211; 30 novembre 2014<\/em><\/h3><h3 class=\"sc_title sc_title_regular margin_bottom_null\" style=\"color:#1a75bb;font-weight:700;font-size:1.1em;\"><a style=\"color: #1a75bb;\" href=\"https:\/\/spaziointeriore.com\/casaeditrice\/cycles\/\">CYCLES<\/a><\/h3><h3 class=\"sc_title sc_title_regular margin_top_null\" style=\"font-weight:900;font-size:1.1em;\">MARIANNE CORDIER<\/h3>[\/vc_column_inner][\/vc_row_inner]<\/div><\/div><div class=\"columns_wrap sc_columns columns_nofluid sc_columns_count_2 margin_top_medium\" style=\"width:70%;\"><div class=\"column-1_2 sc_column_item sc_column_item_1 odd first\">[vc_single_image image=&#8221;4875&#8243; alignment=&#8221;right&#8221; onclick=&#8221;custom_link&#8221; link=&#8221;https:\/\/spaziointeriore.com\/casaeditrice\/american-history\/&#8221;]<\/div><div class=\"column-1_2 sc_column_item sc_column_item_2 even\">[vc_row_inner][vc_column_inner]<h3 class=\"sc_title sc_title_regular margin_bottom_tiny\" style=\"font-size:1em;\"><em>1 &#8211; 7 marzo 2014<\/em><\/h3><h3 class=\"sc_title sc_title_regular margin_bottom_null\" style=\"color:#1a75bb;font-weight:700;font-size:1.1em;\"><a style=\"color: #1a75bb;\" href=\"https:\/\/spaziointeriore.com\/casaeditrice\/american-history\/\">AMERICAN HISTORY<\/a><\/h3><h3 class=\"sc_title sc_title_regular margin_top_null\" style=\"font-weight:900;font-size:1.1em;\">MAUSIM<\/h3>[\/vc_column_inner][\/vc_row_inner]<\/div><\/div><div class=\"columns_wrap sc_columns columns_nofluid sc_columns_count_2 margin_top_medium\" style=\"width:70%;\"><div class=\"column-1_2 sc_column_item sc_column_item_1 odd first\">[vc_single_image image=&#8221;4941&#8243; alignment=&#8221;right&#8221; onclick=&#8221;custom_link&#8221; link=&#8221;https:\/\/spaziointeriore.com\/casaeditrice\/ferro-esposto\/&#8221;]<\/div><div class=\"column-1_2 sc_column_item sc_column_item_2 even\">[vc_row_inner][vc_column_inner]<h3 class=\"sc_title sc_title_regular margin_bottom_tiny\" style=\"font-size:1em;\"><em>17 gennaio &#8211; 23 febbraio 2014<\/em><\/h3><h3 class=\"sc_title sc_title_regular margin_bottom_null\" style=\"color:#1a75bb;font-weight:700;font-size:1.1em;\"><a style=\"color: #1a75bb;\" href=\"https:\/\/spaziointeriore.com\/casaeditrice\/ferro-esposto\/\">FERRO ESPOSTO<\/a><\/h3><h3 class=\"sc_title sc_title_regular margin_top_null\" style=\"font-weight:900;font-size:1.1em;\">FERRUCCIO NOBILE<\/h3>[\/vc_column_inner][\/vc_row_inner]<\/div><\/div><div class=\"columns_wrap sc_columns columns_nofluid sc_columns_count_2 margin_top_medium\" style=\"width:70%;\"><div class=\"column-1_2 sc_column_item sc_column_item_1 odd first\">[vc_single_image image=&#8221;4886&#8243; alignment=&#8221;right&#8221; onclick=&#8221;custom_link&#8221; link=&#8221;https:\/\/spaziointeriore.com\/casaeditrice\/un-viaggio-nel-nostro-profondo-se-superiore\/&#8221;]<\/div><div class=\"column-1_2 sc_column_item sc_column_item_2 even\">[vc_row_inner][vc_column_inner]<h3 class=\"sc_title sc_title_regular margin_bottom_tiny\" style=\"font-size:1em;\"><em>21 settembre &#8211; 20 ottobre 2013<\/em><\/h3><h3 class=\"sc_title sc_title_regular margin_bottom_null\" style=\"color:#1a75bb;font-weight:700;font-size:1.1em;\"><a style=\"color: #1a75bb;\" href=\"https:\/\/spaziointeriore.com\/casaeditrice\/un-viaggio-nel-nostro-profondo-se-superiore\/\">UN VIAGGIO NEL NOSTRO PROFONDO S\u00c9 SUPERIORE<\/a><\/h3><h3 class=\"sc_title sc_title_regular margin_top_null\" style=\"font-weight:900;font-size:1.1em;\">XENIA MIRANDA<\/h3>[\/vc_column_inner][\/vc_row_inner]<\/div><\/div><div class=\"columns_wrap sc_columns columns_nofluid sc_columns_count_2 margin_top_medium\" style=\"width:70%;\"><div class=\"column-1_2 sc_column_item sc_column_item_1 odd first\">[vc_single_image image=&#8221;4898&#8243; alignment=&#8221;right&#8221; onclick=&#8221;custom_link&#8221; link=&#8221;https:\/\/spaziointeriore.com\/casaeditrice\/la-natura-di-buddha\/&#8221;]<\/div><div class=\"column-1_2 sc_column_item sc_column_item_2 even\">[vc_row_inner][vc_column_inner]<h3 class=\"sc_title sc_title_regular margin_bottom_tiny\" style=\"font-size:1em;\"><em>24 maggio &#8211; 15 settembre 2013<\/em><br \/>\n<\/h3><h3 class=\"sc_title sc_title_regular margin_bottom_null\" style=\"color:#1a75bb;font-weight:700;font-size:1.1em;\"><a style=\"color: #1a75bb;\" href=\"https:\/\/spaziointeriore.com\/casaeditrice\/la-natura-di-buddha\/\">LA NATURA DI BUDDHA<\/a><\/h3><h3 class=\"sc_title sc_title_regular margin_top_null\" style=\"font-weight:900;font-size:1.1em;\">SATVAT<\/h3>[\/vc_column_inner][\/vc_row_inner]<\/div><\/div><div class=\"columns_wrap sc_columns columns_nofluid sc_columns_count_2 margin_top_medium\" style=\"width:70%;\"><div class=\"column-1_2 sc_column_item sc_column_item_1 odd first\">[vc_single_image image=&#8221;4903&#8243; alignment=&#8221;right&#8221; onclick=&#8221;custom_link&#8221; link=&#8221;https:\/\/spaziointeriore.com\/casaeditrice\/spaziocreativo-oltreconfine\/&#8221;]<\/div><div class=\"column-1_2 sc_column_item sc_column_item_2 even\">[vc_row_inner][vc_column_inner]<h3 class=\"sc_title sc_title_regular margin_bottom_tiny\" style=\"font-size:1em;\"><em>24 febbraio- 5 maggio 2013<\/em><br \/>\n<\/h3><h3 class=\"sc_title sc_title_regular margin_bottom_null\" style=\"color:#1a75bb;font-weight:700;font-size:1.1em;\"><a style=\"color: #1a75bb;\" href=\"https:\/\/spaziointeriore.com\/casaeditrice\/spaziocreativo-oltreconfine\/\">SPAZIOCREATIVO OLTRECONFINE<\/a><\/h3><h3 class=\"sc_title sc_title_regular margin_top_null\" style=\"font-weight:900;font-size:1.1em;\">COLLETTIVA<\/h3>[\/vc_column_inner][\/vc_row_inner]<\/div><\/div><div class=\"columns_wrap sc_columns columns_nofluid sc_columns_count_2 margin_top_medium\" style=\"width:70%;\"><div class=\"column-1_2 sc_column_item sc_column_item_1 odd first\">[vc_single_image image=&#8221;4903&#8243; alignment=&#8221;right&#8221; onclick=&#8221;custom_link&#8221; link=&#8221;https:\/\/spaziointeriore.com\/casaeditrice\/spaziocreativo-oltreconfine\/&#8221;]<\/div><div class=\"column-1_2 sc_column_item sc_column_item_2 even\">[vc_row_inner][vc_column_inner]<h3 class=\"sc_title sc_title_regular margin_bottom_tiny\" style=\"font-size:1em;\"><em>15 dicembre 2012 &#8211; 17 febbraio 2013<\/em><br \/>\n<\/h3><h3 class=\"sc_title sc_title_regular margin_bottom_null\" style=\"color:#1a75bb;font-weight:700;font-size:1.1em;\"><a style=\"color: #1a75bb;\" href=\"https:\/\/spaziointeriore.com\/casaeditrice\/il-suicidio-del-mago\/\">IL SUICIDIO DEL MAGO<\/a><\/h3><h3 class=\"sc_title sc_title_regular margin_top_null\" style=\"font-weight:900;font-size:1.1em;\">GIACOMO BELCARI<\/h3>[\/vc_column_inner][\/vc_row_inner]<\/div><\/div><div class=\"columns_wrap sc_columns columns_nofluid sc_columns_count_2 margin_top_medium\" style=\"width:70%;\"><div class=\"column-1_2 sc_column_item sc_column_item_1 odd first\">[vc_single_image image=&#8221;4910&#8243; alignment=&#8221;right&#8221; onclick=&#8221;custom_link&#8221; link=&#8221;https:\/\/spaziointeriore.com\/casaeditrice\/psicotropia-rituale\/&#8221;]<\/div><div class=\"column-1_2 sc_column_item sc_column_item_2 even\">[vc_row_inner][vc_column_inner]<h3 class=\"sc_title sc_title_regular margin_bottom_tiny\" style=\"font-size:1em;\"><em>27 ottobre &#8211; 30 novembre 2012<\/em><\/h3><h3 class=\"sc_title sc_title_regular margin_bottom_null\" style=\"color:#1a75bb;font-weight:700;font-size:1.1em;\"><a style=\"color: #1a75bb;\" href=\"https:\/\/spaziointeriore.com\/casaeditrice\/psicotropia-rituale\/\">PSICOTROPIA RITUALE<\/a><\/h3><h3 class=\"sc_title sc_title_regular margin_top_null\" style=\"font-weight:900;font-size:1.1em;\">STEFANO MAYORCA<\/h3>[\/vc_column_inner][\/vc_row_inner]<\/div><\/div><div class=\"columns_wrap sc_columns columns_nofluid sc_columns_count_2 margin_top_medium\" style=\"width:70%;\"><div class=\"column-1_2 sc_column_item sc_column_item_1 odd first\">[vc_single_image image=&#8221;4914&#8243; alignment=&#8221;right&#8221; onclick=&#8221;custom_link&#8221; link=&#8221;https:\/\/spaziointeriore.com\/casaeditrice\/mu-painting\/&#8221;]<\/div><div class=\"column-1_2 sc_column_item sc_column_item_2 even\">[vc_row_inner][vc_column_inner]<h3 class=\"sc_title sc_title_regular margin_bottom_tiny\" style=\"font-size:1em;\"><em>22 settembre &#8211; 21 ottobre 2012<\/em><\/h3><h3 class=\"sc_title sc_title_regular margin_bottom_null\" style=\"color:#1a75bb;font-weight:700;font-size:1.1em;\"><a style=\"color: #1a75bb;\" href=\"https:\/\/spaziointeriore.com\/casaeditrice\/mu-painting\/\">MU PAINTING<\/a><\/h3><h3 class=\"sc_title sc_title_regular margin_top_null\" style=\"font-weight:900;font-size:1.1em;\">SATVAT<\/h3>[\/vc_column_inner][\/vc_row_inner]<\/div><\/div>[\/vc_column][vc_column][\/vc_column][\/vc_row]<\/p>\n","protected":false},"excerpt":{"rendered":"<p>[vc_row][vc_column][vc_column_text] &nbsp; [\/vc_column_text][\/vc_column][\/vc_row][vc_row][vc_column][\/vc_column][vc_column][\/vc_column][\/vc_row]<\/p>\n","protected":false},"author":1,"featured_media":0,"parent":0,"menu_order":0,"comment_status":"closed","ping_status":"closed","template":"","meta":{"_acf_changed":false,"footnotes":""},"categories":[],"tags":[],"class_list":["post-4917","page","type-page","status-publish","hentry"],"acf":[],"_links":{"self":[{"href":"https:\/\/www.spaziointeriore.com\/casaeditrice\/wp-json\/wp\/v2\/pages\/4917","targetHints":{"allow":["GET"]}}],"collection":[{"href":"https:\/\/www.spaziointeriore.com\/casaeditrice\/wp-json\/wp\/v2\/pages"}],"about":[{"href":"https:\/\/www.spaziointeriore.com\/casaeditrice\/wp-json\/wp\/v2\/types\/page"}],"author":[{"embeddable":true,"href":"https:\/\/www.spaziointeriore.com\/casaeditrice\/wp-json\/wp\/v2\/users\/1"}],"replies":[{"embeddable":true,"href":"https:\/\/www.spaziointeriore.com\/casaeditrice\/wp-json\/wp\/v2\/comments?post=4917"}],"version-history":[{"count":0,"href":"https:\/\/www.spaziointeriore.com\/casaeditrice\/wp-json\/wp\/v2\/pages\/4917\/revisions"}],"wp:attachment":[{"href":"https:\/\/www.spaziointeriore.com\/casaeditrice\/wp-json\/wp\/v2\/media?parent=4917"}],"wp:term":[{"taxonomy":"category","embeddable":true,"href":"https:\/\/www.spaziointeriore.com\/casaeditrice\/wp-json\/wp\/v2\/categories?post=4917"},{"taxonomy":"post_tag","embeddable":true,"href":"https:\/\/www.spaziointeriore.com\/casaeditrice\/wp-json\/wp\/v2\/tags?post=4917"}],"curies":[{"name":"wp","href":"https:\/\/api.w.org\/{rel}","templated":true}]}}