{"id":7573,"date":"2025-11-17T08:22:48","date_gmt":"2025-11-17T08:22:48","guid":{"rendered":"https:\/\/www.spaziointeriore.com\/casaeditrice\/?page_id=7573"},"modified":"2025-11-18T06:35:45","modified_gmt":"2025-11-18T06:35:45","slug":"trasfigurarsi-stagione-2","status":"publish","type":"page","link":"https:\/\/www.spaziointeriore.com\/casaeditrice\/trasfigurarsi-stagione-2\/","title":{"rendered":"TRASFIGURARSI &#8211; STAGIONE 2"},"content":{"rendered":"\n<div class=\"wp-block-columns is-layout-flex wp-container-core-columns-is-layout-9d6595d7 wp-block-columns-is-layout-flex\">\n<div class=\"wp-block-column is-layout-flow wp-block-column-is-layout-flow\" style=\"flex-basis:10%\"><\/div>\n\n\n\n<div class=\"wp-block-column is-layout-flow wp-block-column-is-layout-flow\" style=\"flex-basis:80%\">\n<figure class=\"wp-block-image size-full\"><img decoding=\"async\" width=\"1000\" height=\"595\" data-src=\"https:\/\/www.spaziointeriore.com\/casaeditrice\/wp-content\/uploads\/2025\/11\/trasfigurarsi-2.jpg\" alt=\"\" class=\"wp-image-7575 lazyload\" data-srcset=\"https:\/\/www.spaziointeriore.com\/casaeditrice\/wp-content\/uploads\/2025\/11\/trasfigurarsi-2.jpg 1000w, https:\/\/www.spaziointeriore.com\/casaeditrice\/wp-content\/uploads\/2025\/11\/trasfigurarsi-2-300x179.jpg 300w, https:\/\/www.spaziointeriore.com\/casaeditrice\/wp-content\/uploads\/2025\/11\/trasfigurarsi-2-768x457.jpg 768w, https:\/\/www.spaziointeriore.com\/casaeditrice\/wp-content\/uploads\/2025\/11\/trasfigurarsi-2-648x386.jpg 648w\" data-sizes=\"(max-width: 1000px) 100vw, 1000px\" src=\"data:image\/svg+xml;base64,PHN2ZyB3aWR0aD0iMSIgaGVpZ2h0PSIxIiB4bWxucz0iaHR0cDovL3d3dy53My5vcmcvMjAwMC9zdmciPjwvc3ZnPg==\" style=\"--smush-placeholder-width: 1000px; --smush-placeholder-aspect-ratio: 1000\/595;\" \/><\/figure>\n<\/div>\n\n\n\n<div class=\"wp-block-column is-layout-flow wp-block-column-is-layout-flow\" style=\"flex-basis:10%\"><\/div>\n<\/div>\n\n\n\n<p><br><\/p>\n\n\n\n<p class=\"has-text-align-center has-large-font-size\"><strong><mark style=\"background-color:rgba(0, 0, 0, 0);color:#7e118f\" class=\"has-inline-color\">LA CALL<\/mark><\/strong><\/p>\n\n\n\n<p>La <em>Trasfigurazione<\/em> (trans-figur-atio) \u00e8 un atto di metamorfosi interiore ed esteriore, una trasformazione che nasce dapprima dallo spirito per poi manifestarsi nella materia. \u00c8 ci\u00f2 che splende nel momento in cui si cambia forma, pi\u00f9 armonica e allineata col S\u00e9, che si dona poi al mondo come testimonianza viva di un passaggio, di un risveglio, di un\u2019integrit\u00e0.<\/p>\n\n\n\n<p>Dopo la prima stagione, in cui abbiamo accolto storie singole di nascita e trasformazione di nuovi progetti, quest\u2019anno sentiamo la spinta di andare oltre: esplorare le connessioni invisibili che legano due percorsi, due anime, due cammini.<\/p>\n\n\n\n<p>Ogni incontro della Stagione 2 sar\u00e0 ancor pi\u00f9 un intreccio: due storie affiancate che rivelano un filo rosso, una corrispondenza, una sinfonia sottile che diventa fonte di ispirazione personale e collettiva.<\/p>\n\n\n\n<p><br><\/p>\n\n\n\n<p class=\"has-text-align-center has-large-font-size\"><strong><mark style=\"background-color:rgba(0, 0, 0, 0);color:#7e118f\" class=\"has-inline-color\">Chi cerchiamo?<\/mark><\/strong><\/p>\n\n\n\n<p>Persone che abbiano vissuto una trasformazione interiore significativa e l\u2019abbiano incarnata in un progetto concreto.<\/p>\n\n\n\n<p>Persone desiderose di condividere il proprio cammino non solo come esperienza personale, ma come possibilit\u00e0 di dialogo, in apertura e risonanza.<\/p>\n\n\n\n<p>Persone pronte a mettersi nuovamente in gioco e a lasciarsi sorprendere.<br><br><\/p>\n\n\n\n<p class=\"has-text-align-center has-large-font-size\"><strong><mark style=\"background-color:rgba(0, 0, 0, 0);color:#7e118f\" class=\"has-inline-color\"><strong>Ambiti di candidatura<\/strong><\/mark><\/strong><\/p>\n\n\n\n<p>Per aiutarci a trovare i fili di connessione, ti chiediamo di collocare il tuo progetto in uno o pi\u00f9 di questi ambiti:<\/p>\n\n\n\n<ul class=\"wp-block-list\">\n<li><em>Strumenti di autoconoscenza e vie simboliche di consapevolezza:<\/em> es. tarocchi, oracoli, rune, I Ching, strumenti intuitivi\u2026<\/li>\n\n\n\n<li><em>Astrologia, esoterismo e discipline misteriche:<\/em> es. astrologia, alchimia, cabala, numerologia\u2026<\/li>\n\n\n\n<li><em>Pratiche energetiche e corporee:<\/em> es. meditazione, yoga, qi gong, danza consapevole, breathwork, alimentazione consapevole, mindfulness\u2026<\/li>\n\n\n\n<li><em>Guarigione e terapie olistiche:<\/em> es. reiki, cristalloterapia, aromaterapia, tecniche naturali e energetiche\u2026<\/li>\n\n\n\n<li><em>Arte e trasformazione personale:<\/em> es. musica, teatro, pittura, poesia, performance, espressione creativa\u2026<\/li>\n\n\n\n<li><em>Progetti ecologici, sociali e comunitari<\/em>: es. ecologia spirituale, reti solidali, eco-villaggi, associazioni, istruzione alternativa parentale\u2026<\/li>\n<\/ul>\n\n\n\n<p><em>Sciamanesimo, pratiche e tradizioni ancestrali:<\/em> es. percorsi sciamanici, rituali, conoscenze indigene, pratiche spirituali radicate\u2026<\/p>\n\n\n\n<p class=\"has-text-align-center has-large-font-size\"><br><strong><strong><mark style=\"background-color:rgba(0, 0, 0, 0);color:#7e118f\" class=\"has-inline-color\"><strong>Come candidarsi<\/strong><\/mark><\/strong><\/strong><\/p>\n\n\n\n<p><br>Compila il <a href=\"https:\/\/forms.gle\/hM96fsm1ibsspwj57\"><mark style=\"background-color:rgba(0, 0, 0, 0)\" class=\"has-inline-color has-vivid-cyan-blue-color\">Google Form<\/mark><\/a><strong> entro il 6 Gennaio 2026<\/strong>.<br>Se sarai selezionato, organizzeremo una breve call per conoscerci meglio.<\/p>\n\n\n\n<p>Le live saranno una volta al mese, il gioved\u00ec mattina, da febbraio a giugno 2026, per un totale di 5 incontri.<br>La rubrica di Spazio Interiore Live \u00e8 a cura di Ortensia Sayre Macioci, artista, performer e ricercatrice spirituale.<\/p>\n\n\n\n<p>Per domande scrivere a: <a href=\"mailto:info@spaziointeriore.com\">info@spaziointeriore.com<\/a> con oggetto:<em> Domanda per Open Call Trasfigurarsi 2<\/em><br><br><\/p>\n\n\n\n<p class=\"has-text-align-center has-large-font-size\"><strong><mark style=\"background-color:rgba(0, 0, 0, 0);color:#7e118f\" class=\"has-inline-color\">COME FUNZIONA LA CALL<\/mark><\/strong><\/p>\n\n\n\n<p><em>Fase 0 \u2013 Compilazione del form<\/em><em><br><\/em>Candidati compilando il form, rispondendo con sincerit\u00e0 e riflessione.<\/p>\n\n\n\n<p><em>Fase 1 \u2013 Selezione e call conoscitiva<\/em><\/p>\n\n\n\n<p>Dopo aver ricevuto tutte le candidature, procederemo alla selezione. Se la tua storia risuoner\u00e0 con la visione del progetto, ti contatteremo per una breve call di approfondimento.<\/p>\n\n\n\n<p><em>Fase 2 \u2013 Diretta Live<\/em> Se la call conoscitiva sar\u00e0 positiva, ti verr\u00e0 proposta una data per la diretta live. Ogni puntata della seconda stagione ospiter\u00e0 quindi due persone: esploreremo insieme le vostre trasformazioni, i vostri progetti e il filo invisibile che vi connette.<\/p>\n\n\n\n<p><strong>***<\/strong> Chi sar\u00e0 selezionato ricever\u00e0 in omaggio un libro a sorpresa del catalogo di Spazio Interiore <strong>***<\/strong><\/p>\n\n\n\n<p><\/p>\n","protected":false},"excerpt":{"rendered":"<p>LA CALL La Trasfigurazione (trans-figur-atio) \u00e8 un atto di metamorfosi interiore ed esteriore, una trasformazione che nasce dapprima dallo spirito per poi manifestarsi nella materia. \u00c8 ci\u00f2 che splende nel [&hellip;]<\/p>\n","protected":false},"author":1,"featured_media":7198,"parent":0,"menu_order":0,"comment_status":"closed","ping_status":"closed","template":"","meta":{"_acf_changed":false,"footnotes":""},"categories":[],"tags":[],"class_list":["post-7573","page","type-page","status-publish","has-post-thumbnail","hentry"],"acf":[],"_links":{"self":[{"href":"https:\/\/www.spaziointeriore.com\/casaeditrice\/wp-json\/wp\/v2\/pages\/7573","targetHints":{"allow":["GET"]}}],"collection":[{"href":"https:\/\/www.spaziointeriore.com\/casaeditrice\/wp-json\/wp\/v2\/pages"}],"about":[{"href":"https:\/\/www.spaziointeriore.com\/casaeditrice\/wp-json\/wp\/v2\/types\/page"}],"author":[{"embeddable":true,"href":"https:\/\/www.spaziointeriore.com\/casaeditrice\/wp-json\/wp\/v2\/users\/1"}],"replies":[{"embeddable":true,"href":"https:\/\/www.spaziointeriore.com\/casaeditrice\/wp-json\/wp\/v2\/comments?post=7573"}],"version-history":[{"count":7,"href":"https:\/\/www.spaziointeriore.com\/casaeditrice\/wp-json\/wp\/v2\/pages\/7573\/revisions"}],"predecessor-version":[{"id":7584,"href":"https:\/\/www.spaziointeriore.com\/casaeditrice\/wp-json\/wp\/v2\/pages\/7573\/revisions\/7584"}],"wp:featuredmedia":[{"embeddable":true,"href":"https:\/\/www.spaziointeriore.com\/casaeditrice\/wp-json\/wp\/v2\/media\/7198"}],"wp:attachment":[{"href":"https:\/\/www.spaziointeriore.com\/casaeditrice\/wp-json\/wp\/v2\/media?parent=7573"}],"wp:term":[{"taxonomy":"category","embeddable":true,"href":"https:\/\/www.spaziointeriore.com\/casaeditrice\/wp-json\/wp\/v2\/categories?post=7573"},{"taxonomy":"post_tag","embeddable":true,"href":"https:\/\/www.spaziointeriore.com\/casaeditrice\/wp-json\/wp\/v2\/tags?post=7573"}],"curies":[{"name":"wp","href":"https:\/\/api.w.org\/{rel}","templated":true}]}}