{"id":1773,"date":"2020-10-03T07:39:03","date_gmt":"2020-10-03T07:39:03","guid":{"rendered":"https:\/\/spaziointeriore.com\/casaeditrice\/?post_type=product&#038;p=1773"},"modified":"2026-03-24T10:54:12","modified_gmt":"2026-03-24T10:54:12","slug":"tarocchi-e-magia","status":"publish","type":"product","link":"https:\/\/www.spaziointeriore.com\/casaeditrice\/catalogo\/tarocchi-e-magia\/","title":{"rendered":"TAROCCHI E MAGIA"},"content":{"rendered":"<p>Questo trattato magico-filosofico ci accompagna alla scoperta dell&#8217;affascinante storia dei tarocchi, dai loro inizi nel XV secolo fino all&#8217;esplosione della loro popolarit\u00e0 come arte divinatoria, e al loro utilizzo per un\u2019autentica e personale conoscenza di se stessi. Gareth Knight presenta la sua analisi degli archetipi di ogni carta sulla base delle proprie conoscenze esoteriche e fornisce esempi pratici per il loro uso magico in rituali e iniziazioni, anche in combinazione con la Kabbalah. Vengono inoltre proposti esercizi immaginali per portare il lettore a creare una profonda relazione con le energie archetipali dei tarocchi.<\/p>\n<p><em>\u00ab\u00c8 ora di abbandonare l&#8217;idea di un solo e unico sistema di rigide corrispondenze. Il mago del futuro deve riconoscere che viviamo in un universo basato su realt\u00e0 relative. Questo significa che, fatti salvi i limiti rappresentati dagli elementi costitutivi di base, siamo liberi di strutturare i nostri mondi cognitivi come vogliamo. Per questo motivo non sembra esserci alcun male nei vari tentativi di produrre degli specifici adattamenti dei Tarocchi utilizzando i simboli celtici, tibetani, egiziani, ecc. I Tarocchi sono capaci di vestirsi di forme e guise molto varie, purch\u00e9 non si consideri troppo seriamente nessuna di esse in particolare. Una cosa \u00e8 avere un mazzo preferito, ben altra \u00e8 affermare che esso sia la sola e unica versione autentica valida per tutti\u00bb<\/em>.<\/p>\n","protected":false},"excerpt":{"rendered":"<p>Gareth Knight, uno dei pi\u00f9 importanti esoteristi viventi, accompagna il lettore alla scoperta del significato magico e simbolico dei tarocchi e al loro utilizzo per conoscere se stessi.<\/p>\n","protected":false},"featured_media":3757,"template":"","meta":{"_acf_changed":false},"product_brand":[],"product_cat":[227,79,228,68,94],"product_tag":[],"class_list":{"0":"post-1773","1":"product","2":"type-product","3":"status-publish","4":"has-post-thumbnail","6":"product_cat-esoterismo-cat","7":"product_cat-gareth-knight-cat","8":"product_cat-magia-cat","9":"product_cat-nonordinari","10":"product_cat-tarocchi-cat","12":"first","13":"instock","14":"shipping-taxable","15":"purchasable","16":"product-type-simple"},"acf":[],"_links":{"self":[{"href":"https:\/\/www.spaziointeriore.com\/casaeditrice\/wp-json\/wp\/v2\/product\/1773","targetHints":{"allow":["GET"]}}],"collection":[{"href":"https:\/\/www.spaziointeriore.com\/casaeditrice\/wp-json\/wp\/v2\/product"}],"about":[{"href":"https:\/\/www.spaziointeriore.com\/casaeditrice\/wp-json\/wp\/v2\/types\/product"}],"wp:featuredmedia":[{"embeddable":true,"href":"https:\/\/www.spaziointeriore.com\/casaeditrice\/wp-json\/wp\/v2\/media\/3757"}],"wp:attachment":[{"href":"https:\/\/www.spaziointeriore.com\/casaeditrice\/wp-json\/wp\/v2\/media?parent=1773"}],"wp:term":[{"taxonomy":"product_brand","embeddable":true,"href":"https:\/\/www.spaziointeriore.com\/casaeditrice\/wp-json\/wp\/v2\/product_brand?post=1773"},{"taxonomy":"product_cat","embeddable":true,"href":"https:\/\/www.spaziointeriore.com\/casaeditrice\/wp-json\/wp\/v2\/product_cat?post=1773"},{"taxonomy":"product_tag","embeddable":true,"href":"https:\/\/www.spaziointeriore.com\/casaeditrice\/wp-json\/wp\/v2\/product_tag?post=1773"}],"curies":[{"name":"wp","href":"https:\/\/api.w.org\/{rel}","templated":true}]}}