{"id":1784,"date":"2020-10-03T07:40:03","date_gmt":"2020-10-03T07:40:03","guid":{"rendered":"https:\/\/spaziointeriore.com\/casaeditrice\/?post_type=product&#038;p=1784"},"modified":"2022-06-28T14:43:20","modified_gmt":"2022-06-28T14:43:20","slug":"cannabis-e-spiritualita","status":"publish","type":"product","link":"https:\/\/www.spaziointeriore.com\/casaeditrice\/catalogo\/cannabis-e-spiritualita\/","title":{"rendered":"CANNABIS E SPIRITUALIT\u00c0"},"content":{"rendered":"<p>La Cannabis \u00e8 sicuramente la pianta pi\u00f9 discussa del pianeta: nel corso degli anni \u00e8 stata bandita, vietata, santificata e poi di nuovo preclusa. Stephen Gray, scrittore, fotografo e ricercatore, accompagna il lettore alla scoperta delle origini di questa pianta, considerata sacra da molti popoli indigeni eppure sempre al centro di un eterno dibattito sul suo utilizzo. Attraverso le testimonianze di studiosi, ricercatori, coltivatori, sperimentatori, sciamani, artisti e terapeuti, l\u2019Autore svela i segreti che si celano dietro questa versatile pianta, che, se utilizzata nel modo giusto, pu\u00f2 essere la chiave per riconnettersi con la parte pi\u00f9 profonda e autentica del proprio essere, il cuore. Cannabis e spiritualit\u00e0 \u00e8 un trattato sulla storia e l\u2019uso della Cannabis, sui suoi poteri magici e curativi, ma soprattutto sulle sue straordinarie capacit\u00e0 di accompagnare l\u2019evoluzione dell\u2019umanit\u00e0.<\/p>\n<p><em>\u00abLa ricomparsa della cannabis in questi tempi ci offre l\u2019opportunit\u00e0 di un grande rinnovamento del pensiero religioso e una connessione tra le religioni del mondo. Nessun\u2019altra relazione fra essere umano-enteogeno \u00e8 pi\u00f9 sviluppata e antica di quella con cannabis-soma-haoma. Le sue fibre ci diedero i primi vestiti, i suoi semi furono una risorsa preziosa di cibo, le sue foglie e i suoi fiori la nostra prima medicina e i nostri primi sacramenti. Inoltre, le implicazioni di un ritorno moderno della cannabis sono cariche di grandi potenzialit\u00e0. Le medicine con la cannabis sono state studiate per il trattamento dell\u2019Alzheimer, del cancro, del glaucoma, per la terapia del dolore e per numerose altre malattie con risultati davvero promettenti. La canapa industriale per produrre carburante, carta, pittura, vestiti, materie plastiche e altri prodotti \u00e8 proprio ci\u00f2 che serve a un pianeta che sente gli effetti di quasi un secolo di prodotti petroliferi tossici, una cura per il nostro pianeta cos\u00ec come per il nostro corpo\u00bb<\/em>.<\/p>\n","protected":false},"excerpt":{"rendered":"<p>Un libro che svela tutti i segreti della Cannabis &#8212; la pianta sacra pi\u00f9 discussa del pianeta &#8212; accompagnando il lettore alla scoperta della sua storia e del suo utilizzo, dei suoi poteri magici e curativi, e delle sue straordinarie capacit\u00e0 di accompagnare l&#8217;uomo nella sua evoluzione.<\/p>\n","protected":false},"featured_media":3877,"template":"","meta":{"_acf_changed":false},"product_brand":[],"product_cat":[68,229,230,82],"product_tag":[],"class_list":{"0":"post-1784","1":"product","2":"type-product","3":"status-publish","4":"has-post-thumbnail","6":"product_cat-nonordinari","7":"product_cat-piante-sacre-cat","8":"product_cat-sciamanesimo-cat","9":"product_cat-stephen-gray-cat","11":"first","12":"instock","13":"shipping-taxable","14":"purchasable","15":"product-type-simple"},"acf":[],"_links":{"self":[{"href":"https:\/\/www.spaziointeriore.com\/casaeditrice\/wp-json\/wp\/v2\/product\/1784","targetHints":{"allow":["GET"]}}],"collection":[{"href":"https:\/\/www.spaziointeriore.com\/casaeditrice\/wp-json\/wp\/v2\/product"}],"about":[{"href":"https:\/\/www.spaziointeriore.com\/casaeditrice\/wp-json\/wp\/v2\/types\/product"}],"wp:featuredmedia":[{"embeddable":true,"href":"https:\/\/www.spaziointeriore.com\/casaeditrice\/wp-json\/wp\/v2\/media\/3877"}],"wp:attachment":[{"href":"https:\/\/www.spaziointeriore.com\/casaeditrice\/wp-json\/wp\/v2\/media?parent=1784"}],"wp:term":[{"taxonomy":"product_brand","embeddable":true,"href":"https:\/\/www.spaziointeriore.com\/casaeditrice\/wp-json\/wp\/v2\/product_brand?post=1784"},{"taxonomy":"product_cat","embeddable":true,"href":"https:\/\/www.spaziointeriore.com\/casaeditrice\/wp-json\/wp\/v2\/product_cat?post=1784"},{"taxonomy":"product_tag","embeddable":true,"href":"https:\/\/www.spaziointeriore.com\/casaeditrice\/wp-json\/wp\/v2\/product_tag?post=1784"}],"curies":[{"name":"wp","href":"https:\/\/api.w.org\/{rel}","templated":true}]}}