{"id":1807,"date":"2020-10-03T07:40:05","date_gmt":"2020-10-03T07:40:05","guid":{"rendered":"https:\/\/spaziointeriore.com\/casaeditrice\/?post_type=product&#038;p=1807"},"modified":"2022-02-07T15:48:15","modified_gmt":"2022-02-07T15:48:15","slug":"il-buon-amore-nella-coppia","status":"publish","type":"product","link":"https:\/\/www.spaziointeriore.com\/casaeditrice\/catalogo\/il-buon-amore-nella-coppia\/","title":{"rendered":"IL BUON AMORE NELLA COPPIA"},"content":{"rendered":"<p>L\u2019amore di coppia \u00e8 senz\u2019altro uno degli aspetti della vita pi\u00f9 importanti eppure pi\u00f9 difficili da realizzare in modo pieno e soddisfacente. Garriga ci offre la sua esperienza decennale nel lavoro svolto con le Costellazioni Familiari al servizio della coppia, affinch\u00e9 possiamo imparare a distinguere il <em>cattivo amore<\/em> dal <em>buon amore<\/em> e a coltivare davvero quest\u2019ultimo. Un libro non convenzionale perch\u00e9 non elenca ci\u00f2 che si deve o non si deve fare, n\u00e9 indica modelli ideali di relazione. Piuttosto, esso aiuta a focalizzarsi sulle questioni che abitualmente fanno funzionare o meno le cose nella propria relazione di coppia e sugli ingredienti che ne facilitano o rendono difficile la costruzione e il mantenimento, suggerendo sentieri affinch\u00e9 ognuno possa trovare la propria formula efficace. Un libro potente, in grado di risvegliare la consapevolezza che <em>la relazione di coppia non \u00e8 una relazione di aiuto, ma \u00e8 una relazione che aiuta<\/em>.<\/p>\n<p><em>\u00abNelle relazioni di coppia non ci sono buoni o cattivi, colpevoli o innocenti, giusti o peccatori. Piuttosto, ci sono solo buone o cattive relazioni: relazioni che ci arricchiscono e relazioni che ci impoveriscono. C\u2019\u00e8 fortuna e sfortuna. C\u2019\u00e8 buon amore e cattivo amore. E l\u2019amore non basta per assicurare il benessere: serve il <\/em>buon amore<em>. Il buon amore si riconosce perch\u00e9 in esso siamo esattamente come siamo e lasciamo che l\u2019altro sia esattamente com\u2019\u00e8, perch\u00e9 si orienta verso il presente e verso ci\u00f2 che \u00e8 in procinto di avvenire invece di ancorarci al passato, e soprattutto perch\u00e9 produce benessere e realizzazione\u00bb<\/em>.<\/p>\n","protected":false},"excerpt":{"rendered":"<p>Un saggio non convenzionale che aiuta realmente a liberarsi dagli schemi e dai modelli prestabiliti che ci impediscono di realizzare il &#8220;buon amore&#8221;, presupposto indispensabile per una relazione di coppia sana, vivace e arricchente.<\/p>\n","protected":false},"featured_media":3897,"template":"","meta":{"_acf_changed":false},"product_brand":[],"product_cat":[95,99,68,89,90],"product_tag":[],"class_list":{"0":"post-1807","1":"product","2":"type-product","3":"status-publish","4":"has-post-thumbnail","6":"product_cat-guarigione-olistica-cat","7":"product_cat-joan-garriga-cat","8":"product_cat-nonordinari","9":"product_cat-psicologia-transpersonale-cat","10":"product_cat-ricerca-interiore-cat","12":"first","13":"instock","14":"shipping-taxable","15":"purchasable","16":"product-type-simple"},"acf":[],"_links":{"self":[{"href":"https:\/\/www.spaziointeriore.com\/casaeditrice\/wp-json\/wp\/v2\/product\/1807","targetHints":{"allow":["GET"]}}],"collection":[{"href":"https:\/\/www.spaziointeriore.com\/casaeditrice\/wp-json\/wp\/v2\/product"}],"about":[{"href":"https:\/\/www.spaziointeriore.com\/casaeditrice\/wp-json\/wp\/v2\/types\/product"}],"wp:featuredmedia":[{"embeddable":true,"href":"https:\/\/www.spaziointeriore.com\/casaeditrice\/wp-json\/wp\/v2\/media\/3897"}],"wp:attachment":[{"href":"https:\/\/www.spaziointeriore.com\/casaeditrice\/wp-json\/wp\/v2\/media?parent=1807"}],"wp:term":[{"taxonomy":"product_brand","embeddable":true,"href":"https:\/\/www.spaziointeriore.com\/casaeditrice\/wp-json\/wp\/v2\/product_brand?post=1807"},{"taxonomy":"product_cat","embeddable":true,"href":"https:\/\/www.spaziointeriore.com\/casaeditrice\/wp-json\/wp\/v2\/product_cat?post=1807"},{"taxonomy":"product_tag","embeddable":true,"href":"https:\/\/www.spaziointeriore.com\/casaeditrice\/wp-json\/wp\/v2\/product_tag?post=1807"}],"curies":[{"name":"wp","href":"https:\/\/api.w.org\/{rel}","templated":true}]}}