{"id":2318,"date":"2020-10-03T07:40:05","date_gmt":"2020-10-03T07:40:05","guid":{"rendered":"https:\/\/spaziointeriore.com\/casaeditrice\/shop\/andata-e-ritorno\/"},"modified":"2021-06-10T11:25:20","modified_gmt":"2021-06-10T11:25:20","slug":"andata-e-ritorno","status":"publish","type":"product","link":"https:\/\/www.spaziointeriore.com\/casaeditrice\/catalogo\/andata-e-ritorno\/","title":{"rendered":"ANDATA E RITORNO"},"content":{"rendered":"<p>Il viaggio immaginale \u00e8 senz\u2019altro uno dei pi\u00f9 potenti strumenti di esplorazione dei mondi interiori e di trasformazione di s\u00e9, e Matteo Ficara \u2013 ideatore di Le stanze dell\u2019Immaginazione\u00a9 \u2013 in questo amuleto fornisce al lettore istruzioni chiare e una dettagliata mappa da usare per espandere la coscienza e aumentare le capacit\u00e0 di pensiero e immaginazione. Un vero manuale tascabile per creare esperienze immaginali \u201cfai da te\u201d, trovando risposta ai propri quesiti, scoprendo ci\u00f2 che ancora si ignora su se stessi e compiendo un profondo cambiamento interiore che realizzi la propria pi\u00f9 autentica essenza. Andata e ritorno, con il suo stile semplice ed efficace, accompagna il lettore nella teoria e nella pratica: dalla spiegazione del funzionamento di ogni tipo di immaginazione ai suggerimenti ed esercizi pratici per viverla pienamente in prima persona, questo libro costituisce il vademecum di ogni ricercatore intenzionato a compiere il viaggio nelle profondit\u00e0 di se stesso e a fare ritorno con maggiore consapevolezza e potere personale.<\/p>\n<p><em>\u00abDell\u2019immaginazione non \u00e8 possibile soltanto parlare, ma per una reale comprensione si fa necessario viverla: questo, pertanto, non \u00e8 un libro soltanto da leggere, ma \u00e8 da \u201ccamminare\u201d, \u00e8 qualcosa che non ti chiede solo di sapere, ma ti invita a divenire\u00bb<\/em>.<\/p>\n","protected":false},"excerpt":{"rendered":"<p>Un libro che racchiude la mappa e le istruzioni, semplici e chiare, per intraprendere il viaggio immaginale, uno degli strumenti pi\u00f9 potenti (e divertenti) per esplorare i mondi interiori e trasformare se stessi.<\/p>\n","protected":false},"featured_media":3898,"template":"","meta":{"_acf_changed":false},"product_brand":[],"product_cat":[137,86,174],"product_tag":[],"class_list":{"0":"post-2318","1":"product","2":"type-product","3":"status-publish","4":"has-post-thumbnail","6":"product_cat-amuleti","7":"product_cat-dimensioni-della-coscienza-cat","8":"product_cat-matteo-ficara-cat","10":"first","11":"instock","12":"shipping-taxable","13":"purchasable","14":"product-type-simple"},"acf":[],"_links":{"self":[{"href":"https:\/\/www.spaziointeriore.com\/casaeditrice\/wp-json\/wp\/v2\/product\/2318","targetHints":{"allow":["GET"]}}],"collection":[{"href":"https:\/\/www.spaziointeriore.com\/casaeditrice\/wp-json\/wp\/v2\/product"}],"about":[{"href":"https:\/\/www.spaziointeriore.com\/casaeditrice\/wp-json\/wp\/v2\/types\/product"}],"wp:featuredmedia":[{"embeddable":true,"href":"https:\/\/www.spaziointeriore.com\/casaeditrice\/wp-json\/wp\/v2\/media\/3898"}],"wp:attachment":[{"href":"https:\/\/www.spaziointeriore.com\/casaeditrice\/wp-json\/wp\/v2\/media?parent=2318"}],"wp:term":[{"taxonomy":"product_brand","embeddable":true,"href":"https:\/\/www.spaziointeriore.com\/casaeditrice\/wp-json\/wp\/v2\/product_brand?post=2318"},{"taxonomy":"product_cat","embeddable":true,"href":"https:\/\/www.spaziointeriore.com\/casaeditrice\/wp-json\/wp\/v2\/product_cat?post=2318"},{"taxonomy":"product_tag","embeddable":true,"href":"https:\/\/www.spaziointeriore.com\/casaeditrice\/wp-json\/wp\/v2\/product_tag?post=2318"}],"curies":[{"name":"wp","href":"https:\/\/api.w.org\/{rel}","templated":true}]}}