{"id":2556,"date":"2020-10-03T07:37:43","date_gmt":"2020-10-03T07:37:43","guid":{"rendered":"https:\/\/spaziointeriore.com\/casaeditrice\/shop\/il-senso-del-sogno\/"},"modified":"2020-10-03T07:37:43","modified_gmt":"2020-10-03T07:37:43","slug":"il-senso-del-sogno","status":"publish","type":"product","link":"https:\/\/www.spaziointeriore.com\/casaeditrice\/catalogo\/il-senso-del-sogno\/","title":{"rendered":"IL SENSO DEL SOGNO"},"content":{"rendered":"<p>In questo libro, Umberto Di Grazia condivide con i lettori ricerche ed esperienze legate all\u2019arte di sognare, illustrando le tecniche utili per diventare un viaggiatore onirico e spiegando segreti e trappole nascosti nei sogni ricorrenti, nelle esperienze fuori dal corpo, nei sogni lucidi, nel rapporto con entit\u00e0 ed esseri incorporei. Il ricercatore non pu\u00f2, infatti, abbandonarsi passivamente al sonno, non pu\u00f2 sprofondare in un altro stato dimenticandosi chi \u00e8; al contrario, quando ci si addormenta si ha la possibilit\u00e0 di entrare in altri mondi e di scoprire molte cose di s\u00e9 che durante la veglia non riescono a emergere alla coscienza. Di Grazia invita il lettore all\u2019indagine personale, illuminando alcune zone d\u2019ombra legate al rapporto tra i sogni, l\u2019erotismo e la morte.<\/p>\n<p><em>\u00abIl lavoro interiore non avviene solo in stato di veglia, di giorno, ma \u00e8 un cammino incessante che pu\u00f2 avere nella notte e nel sogno degli amici straordinari\u00bb<\/em>.<\/p>\n","protected":false},"excerpt":{"rendered":"<p>Umberto Di Grazia condivide con i lettori ricerche ed esperienze legate all&#8217;arte di sognare, illustrando le tecniche utili per diventare un viaggiatore onirico e spiegando segreti e trappole nascosti nei sogni ricorrenti, nelle esperienze fuori dal corpo, nei sogni lucidi, nel rapporto con entit\u00e0 ed esseri incorporei.<\/p>\n","protected":false},"featured_media":4685,"template":"","meta":{"_acf_changed":false},"product_brand":[],"product_cat":[137,86,90,170],"product_tag":[],"class_list":{"0":"post-2556","1":"product","2":"type-product","3":"status-publish","4":"has-post-thumbnail","6":"product_cat-amuleti","7":"product_cat-dimensioni-della-coscienza-cat","8":"product_cat-ricerca-interiore-cat","9":"product_cat-umberto-di-grazia-cat","11":"first","12":"instock","13":"shipping-taxable","14":"purchasable","15":"product-type-simple"},"acf":[],"_links":{"self":[{"href":"https:\/\/www.spaziointeriore.com\/casaeditrice\/wp-json\/wp\/v2\/product\/2556","targetHints":{"allow":["GET"]}}],"collection":[{"href":"https:\/\/www.spaziointeriore.com\/casaeditrice\/wp-json\/wp\/v2\/product"}],"about":[{"href":"https:\/\/www.spaziointeriore.com\/casaeditrice\/wp-json\/wp\/v2\/types\/product"}],"wp:featuredmedia":[{"embeddable":true,"href":"https:\/\/www.spaziointeriore.com\/casaeditrice\/wp-json\/wp\/v2\/media\/4685"}],"wp:attachment":[{"href":"https:\/\/www.spaziointeriore.com\/casaeditrice\/wp-json\/wp\/v2\/media?parent=2556"}],"wp:term":[{"taxonomy":"product_brand","embeddable":true,"href":"https:\/\/www.spaziointeriore.com\/casaeditrice\/wp-json\/wp\/v2\/product_brand?post=2556"},{"taxonomy":"product_cat","embeddable":true,"href":"https:\/\/www.spaziointeriore.com\/casaeditrice\/wp-json\/wp\/v2\/product_cat?post=2556"},{"taxonomy":"product_tag","embeddable":true,"href":"https:\/\/www.spaziointeriore.com\/casaeditrice\/wp-json\/wp\/v2\/product_tag?post=2556"}],"curies":[{"name":"wp","href":"https:\/\/api.w.org\/{rel}","templated":true}]}}