{"id":2624,"date":"2020-10-03T07:37:40","date_gmt":"2020-10-03T07:37:40","guid":{"rendered":"https:\/\/spaziointeriore.com\/casaeditrice\/shop\/riti-quotidiani-di-risveglio\/"},"modified":"2020-10-03T07:37:40","modified_gmt":"2020-10-03T07:37:40","slug":"riti-quotidiani-di-risveglio","status":"publish","type":"product","link":"https:\/\/www.spaziointeriore.com\/casaeditrice\/catalogo\/riti-quotidiani-di-risveglio\/","title":{"rendered":"RITI QUOTIDIANI DI RISVEGLIO"},"content":{"rendered":"<p>I Riti quotidiani di Risveglio sono un insieme di azioni, scelte, consapevolezze, tecniche e modalit\u00e0 di porsi nel rapporto con se stessi e con gli altri, scientificamente studiati per Seminare Luce ogni giorno. Come vivere il risveglio dal sonno notturno? Come ricaricarsi profondamente? Come difendersi dall\u2019inquinamento e cosa fare per promuovere la propria salute e vitalit\u00e0? Qual \u00e8 il modo migliore di alimentarsi, pur rispettando la diversit\u00e0 di ognuno? Quali sono le meditazioni e gli esercizi pi\u00f9 potenti per portare Luce immediatamente nella nostra vita? Interrogativi cui gli Autori forniscono una risposta pratica, efficace e accessibile a chiunque, spiegando i principi che governano l\u2019armonioso e sano funzionamento dei nostri corpi fisico, emotivo e mentale. Attraverso una serie di regole e indicazioni, da seguire e applicare con entusiasmo e leggerezza, il lettore verr\u00e0 condotto a un\u2019espansione della coscienza e a un aumento di tutte le sue qualit\u00e0 positive. Un libro che \u00e8 Fuoco per la mente, Calore per il Cuore e armoniosa disciplina per il corpo.<\/p>\n<p><em>\u00abIl rituale \u00e8 un insieme di azioni, parole e intenti coordinati, che acquista forza man mano che lo si ripete ciclicamente e con un ritmo giornaliero. Tutti i rituali ripetuti ciclicamente (e non saltuariamente) e con il giusto ritmo (seguendo orari, luoghi e momenti ben precisi) attivano in noi la straordinaria capacit\u00e0 di cambiare magicamente la nostra vita. I pensieri diventano azioni, le azioni conducono a certi risultati che influenzano lo stato d\u2019animo. Lo stato d\u2019animo modifica il carattere. Il cambiamento del carattere cambia il proprio destino\u00bb<\/em>.<\/p>\n","protected":false},"excerpt":{"rendered":"<p>Una serie di esercizi, precetti e indicazioni pratiche, da seguire e applicare con entusiasmo e leggerezza, per imparare a Seminare Luce ogni giorno, espandendo la nostra coscienza e aumentando le nostre qualit\u00e0 positive.<\/p>\n","protected":false},"featured_media":4673,"template":"","meta":{"_acf_changed":false},"product_brand":[],"product_cat":[137,222,203,95],"product_tag":[],"class_list":{"0":"post-2624","1":"product","2":"type-product","3":"status-publish","4":"has-post-thumbnail","6":"product_cat-amuleti","7":"product_cat-andrea-zurlini-cat","8":"product_cat-federica-ronchi-cat","9":"product_cat-guarigione-olistica-cat","11":"first","12":"instock","13":"shipping-taxable","14":"purchasable","15":"product-type-simple"},"acf":[],"_links":{"self":[{"href":"https:\/\/www.spaziointeriore.com\/casaeditrice\/wp-json\/wp\/v2\/product\/2624","targetHints":{"allow":["GET"]}}],"collection":[{"href":"https:\/\/www.spaziointeriore.com\/casaeditrice\/wp-json\/wp\/v2\/product"}],"about":[{"href":"https:\/\/www.spaziointeriore.com\/casaeditrice\/wp-json\/wp\/v2\/types\/product"}],"wp:featuredmedia":[{"embeddable":true,"href":"https:\/\/www.spaziointeriore.com\/casaeditrice\/wp-json\/wp\/v2\/media\/4673"}],"wp:attachment":[{"href":"https:\/\/www.spaziointeriore.com\/casaeditrice\/wp-json\/wp\/v2\/media?parent=2624"}],"wp:term":[{"taxonomy":"product_brand","embeddable":true,"href":"https:\/\/www.spaziointeriore.com\/casaeditrice\/wp-json\/wp\/v2\/product_brand?post=2624"},{"taxonomy":"product_cat","embeddable":true,"href":"https:\/\/www.spaziointeriore.com\/casaeditrice\/wp-json\/wp\/v2\/product_cat?post=2624"},{"taxonomy":"product_tag","embeddable":true,"href":"https:\/\/www.spaziointeriore.com\/casaeditrice\/wp-json\/wp\/v2\/product_tag?post=2624"}],"curies":[{"name":"wp","href":"https:\/\/api.w.org\/{rel}","templated":true}]}}