{"id":2636,"date":"2020-10-03T07:37:42","date_gmt":"2020-10-03T07:37:42","guid":{"rendered":"https:\/\/spaziointeriore.com\/casaeditrice\/shop\/istruzioni-per-maghi-erranti\/"},"modified":"2025-07-16T08:46:10","modified_gmt":"2025-07-16T08:46:10","slug":"istruzioni-per-maghi-erranti","status":"publish","type":"product","link":"https:\/\/www.spaziointeriore.com\/casaeditrice\/catalogo\/istruzioni-per-maghi-erranti\/","title":{"rendered":"ISTRUZIONI PER MAGHI ERRANTI"},"content":{"rendered":"<p>Istruzioni per Maghi erranti \u2013 Il piccolo libro della centratura \u00e8 un manuale di istruzioni per l\u2019individuo che, avendo scelto di uscire dalla trappola dell\u2019illusione, inizia un vero e proprio percorso interiore \u00a0che lo porte\u00adr\u00e0 a una percezione sempre pi\u00f9 profonda e autentica della realt\u00e0, tale da conferirgli un grande potere. Iniziando da una individua\u00adzione di ci\u00f2 che costituisce l\u2019ostacolo a una piena realizzazione del proprio S\u00e9, il libro accompagna il lettore nella scoperta, nell\u2019ap\u00adprendimento e nell\u2019utilizzo di strumenti che possono condurre a una vera centratura, e di conseguenza a una vita interiore ed esteriore che ne favorisca la crescita tramite la realiz\u00adzazione del suo autentico potenziale.<\/p>\n<p><em>\u00abMi impegno a ricordare di essere pace piuttosto che qualunque altra emozione. Nel muovermi sar\u00f2 pace. Nello stare fermo sar\u00f2 pace. Nell\u2019attesa sar\u00f2 pace. Mi impegno infatti a ricordare che nel\u00adla pace nasce e prospera il vero potere del mago errante, invisibile e silenzioso\u00bb<\/em>.<\/p>\n","protected":false},"excerpt":{"rendered":"<p>Istruzioni per Maghi erranti &#8212; Il piccolo libro della centratura\u00a0\u00e8 un manuale di istruzioni per l&#8217;individuo che, avendo scelto di uscire dalla trappola dell&#8217;illusione, inizia un vero e proprio percorso interiore \u00a0 che lo porter\u00e0 a una percezione sempre pi\u00f9 profonda e autentica della realt\u00e0, tale da conferirgli un grande potere.<\/p>\n","protected":false},"featured_media":4681,"template":"","meta":{"_acf_changed":false},"product_brand":[],"product_cat":[137,153,90],"product_tag":[],"class_list":{"0":"post-2636","1":"product","2":"type-product","3":"status-publish","4":"has-post-thumbnail","6":"product_cat-amuleti","7":"product_cat-andrea-panatta-cat","8":"product_cat-ricerca-interiore-cat","10":"first","11":"instock","12":"shipping-taxable","13":"purchasable","14":"product-type-simple"},"acf":[],"_links":{"self":[{"href":"https:\/\/www.spaziointeriore.com\/casaeditrice\/wp-json\/wp\/v2\/product\/2636","targetHints":{"allow":["GET"]}}],"collection":[{"href":"https:\/\/www.spaziointeriore.com\/casaeditrice\/wp-json\/wp\/v2\/product"}],"about":[{"href":"https:\/\/www.spaziointeriore.com\/casaeditrice\/wp-json\/wp\/v2\/types\/product"}],"wp:featuredmedia":[{"embeddable":true,"href":"https:\/\/www.spaziointeriore.com\/casaeditrice\/wp-json\/wp\/v2\/media\/4681"}],"wp:attachment":[{"href":"https:\/\/www.spaziointeriore.com\/casaeditrice\/wp-json\/wp\/v2\/media?parent=2636"}],"wp:term":[{"taxonomy":"product_brand","embeddable":true,"href":"https:\/\/www.spaziointeriore.com\/casaeditrice\/wp-json\/wp\/v2\/product_brand?post=2636"},{"taxonomy":"product_cat","embeddable":true,"href":"https:\/\/www.spaziointeriore.com\/casaeditrice\/wp-json\/wp\/v2\/product_cat?post=2636"},{"taxonomy":"product_tag","embeddable":true,"href":"https:\/\/www.spaziointeriore.com\/casaeditrice\/wp-json\/wp\/v2\/product_tag?post=2636"}],"curies":[{"name":"wp","href":"https:\/\/api.w.org\/{rel}","templated":true}]}}