{"id":2639,"date":"2020-10-03T07:37:43","date_gmt":"2020-10-03T07:37:43","guid":{"rendered":"https:\/\/spaziointeriore.com\/casaeditrice\/shop\/la-scrittura-del-dio\/"},"modified":"2020-10-03T07:37:43","modified_gmt":"2020-10-03T07:37:43","slug":"la-scrittura-del-dio","status":"publish","type":"product","link":"https:\/\/www.spaziointeriore.com\/casaeditrice\/catalogo\/la-scrittura-del-dio\/","title":{"rendered":"LA SCRITTURA DEL DIO"},"content":{"rendered":"<p>Chi \u00e8 stato realmente lo scrittore argentino Jorge Luis Borges, ritenuto uno dei pi\u00f9 importanti del xx secolo? A cosa alludeva nei suoi racconti fantastici, in cui miscelava tradizioni esoteriche, Alchimia, Cabala e idee metafisiche? Cosa intendeva suscitare nel lettore, qual era il suo scopo?\u00a0<br \/>\nIn questo libro, Igor Sibaldi offre la propria risposta, portando avanti una ri-narrazione dei miti creati da Borges e indagando il mistero profondo che si cela dietro La scrittura del dio, forse il racconto pi\u00f9 significativo dell\u2019autore argentino, in cui viene nascosto il legame profondo tra la scelta di scrivere e l\u2019adesione al divino.<\/p>\n<p><em>\u00abL&#8217;uomo cre\u00f2 un dio che cre\u00f2 il mondo.Un uomo a un certo punto lo narr\u00f2\u00bb<\/em>.<\/p>\n","protected":false},"excerpt":{"rendered":"<p>Chi \u00e8 stato realmente lo scrittore argentino Jorge Luis Borges, ritenuto uno dei pi\u00f9 importanti del xx secolo? A cosa alludeva nei suoi racconti fantastici, in cui miscelava tradizioni esoteriche, Alchimia, Cabala e idee metafisiche? Cosa intendeva suscitare nel lettore, qual era il suo scopo? In questo libro, Igor Sibaldi offre la propria risposta, portando avanti una ri-narrazione dei miti creati da Borges e indagando il mistero profondo che si cela dietro La scrittura del dio<\/p>\n","protected":false},"featured_media":4683,"template":"","meta":{"_acf_changed":false},"product_brand":[],"product_cat":[137,211,149],"product_tag":[],"class_list":{"0":"post-2639","1":"product","2":"type-product","3":"status-publish","4":"has-post-thumbnail","6":"product_cat-amuleti","7":"product_cat-igor-sibaldi-cat","8":"product_cat-letteratura-di-risveglio-cat","10":"first","11":"instock","12":"shipping-taxable","13":"purchasable","14":"product-type-simple"},"acf":[],"_links":{"self":[{"href":"https:\/\/www.spaziointeriore.com\/casaeditrice\/wp-json\/wp\/v2\/product\/2639","targetHints":{"allow":["GET"]}}],"collection":[{"href":"https:\/\/www.spaziointeriore.com\/casaeditrice\/wp-json\/wp\/v2\/product"}],"about":[{"href":"https:\/\/www.spaziointeriore.com\/casaeditrice\/wp-json\/wp\/v2\/types\/product"}],"wp:featuredmedia":[{"embeddable":true,"href":"https:\/\/www.spaziointeriore.com\/casaeditrice\/wp-json\/wp\/v2\/media\/4683"}],"wp:attachment":[{"href":"https:\/\/www.spaziointeriore.com\/casaeditrice\/wp-json\/wp\/v2\/media?parent=2639"}],"wp:term":[{"taxonomy":"product_brand","embeddable":true,"href":"https:\/\/www.spaziointeriore.com\/casaeditrice\/wp-json\/wp\/v2\/product_brand?post=2639"},{"taxonomy":"product_cat","embeddable":true,"href":"https:\/\/www.spaziointeriore.com\/casaeditrice\/wp-json\/wp\/v2\/product_cat?post=2639"},{"taxonomy":"product_tag","embeddable":true,"href":"https:\/\/www.spaziointeriore.com\/casaeditrice\/wp-json\/wp\/v2\/product_tag?post=2639"}],"curies":[{"name":"wp","href":"https:\/\/api.w.org\/{rel}","templated":true}]}}