{"id":2677,"date":"2020-10-03T07:37:53","date_gmt":"2020-10-03T07:37:53","guid":{"rendered":"https:\/\/spaziointeriore.com\/casaeditrice\/shop\/simbologia-di-saturno\/"},"modified":"2026-03-24T08:37:39","modified_gmt":"2026-03-24T08:37:39","slug":"simbologia-di-saturno","status":"publish","type":"product","link":"https:\/\/www.spaziointeriore.com\/casaeditrice\/catalogo\/simbologia-di-saturno\/","title":{"rendered":"SIMBOLOGIA DI SATURNO"},"content":{"rendered":"<p>Nel corso della vita, Saturno sottopone ciascuno di noi a prove ed esami. Questo archetipo, infatti, scandisce le varie fasi dell\u2019esistenza, e a ogni passo testa le capacit\u00e0 che abbiamo acquisito, obbligandoci a fare un bilancio di ci\u00f2 che abbiamo costruito e spingendoci ad abbandonare ci\u00f2 che non ci serve pi\u00f9. Saturno costringe a raggiungere forza interiore, morale, logica, senso dell\u2019organizzazione e capacit\u00e0 di individuare e perseguire gli scopi. Con questo libro, Lidia Fassio ha deciso di offrire ai lettori un\u2019analisi attenta e completa dell\u2019archetipo saturniano, ricostruendo la storia di uno dei miti pi\u00f9 antichi della cultura occidentale, che ha ancora una grande influenza sulla nostra vita, e analizzando il significato astrologico del Grande Vecchio nelle case e i suoi aspetti con gli altri pianeti. Simbologia di Saturno rappresenta uno strumento di comprensione senza precedenti, utile sia agli esperti di Astrologia, sia ai lettori che desiderano conoscere alcuni tra gli aspetti pi\u00f9 importanti del proprio tema di nascita.<\/p>\n<p><em>\u00abSaturno rappresenta un invito al viaggio: l\u2019eroe deve discendere nelle profondit\u00e0 della propria anima al fine di illuminare le zone d\u2019ombra, liberando e portando in superficie sia i contenuti pericolosi che i tesori nascosti\u00bb<\/em>.<\/p>\n<p><span style=\"color: #1a75bb;\"><a style=\"color: #1a75bb;\" href=\"https:\/\/www.spaziointeriore.com\/casaeditrice\/catalogo\/simbologia-di-saturno-nuova-ed\/\"><strong>Vai alla nuova edizione di questo libro<\/strong><\/a><\/span><\/p>\n","protected":false},"excerpt":{"rendered":"<p>L&#8217;autrice ricostruisce la storia di uno dei miti pi\u00f9 antichi della cultura occidentale, che ha ancora una grande influenza sulla nostra vita. Simbologia di Saturno contiene un&#8217;ampia sezione astrologica in cui vengono analizzati il significato astrologico del Grande Vecchio nelle case e i suoi aspetti con gli altri pianeti, e rappresenta uno strumento di comprensione senza precedenti.<\/p>\n<p><span style=\"color: #1a75bb;\"><a style=\"color: #1a75bb;\" href=\"https:\/\/www.spaziointeriore.com\/casaeditrice\/catalogo\/simbologia-di-saturno-nuova-ed\/\"><strong>Vai alla nuova edizione di questo libro<\/strong><\/a><\/span><\/p>\n","protected":false},"featured_media":4709,"template":"","meta":{"_acf_changed":false},"product_brand":[],"product_cat":[83,139,173],"product_tag":[],"class_list":{"0":"post-2677","1":"product","2":"type-product","3":"status-publish","4":"has-post-thumbnail","6":"product_cat-astrologia-cat","7":"product_cat-karnak","8":"product_cat-lidia-fassio-cat","10":"first","11":"instock","12":"shipping-taxable","13":"purchasable","14":"product-type-simple"},"acf":[],"_links":{"self":[{"href":"https:\/\/www.spaziointeriore.com\/casaeditrice\/wp-json\/wp\/v2\/product\/2677","targetHints":{"allow":["GET"]}}],"collection":[{"href":"https:\/\/www.spaziointeriore.com\/casaeditrice\/wp-json\/wp\/v2\/product"}],"about":[{"href":"https:\/\/www.spaziointeriore.com\/casaeditrice\/wp-json\/wp\/v2\/types\/product"}],"wp:featuredmedia":[{"embeddable":true,"href":"https:\/\/www.spaziointeriore.com\/casaeditrice\/wp-json\/wp\/v2\/media\/4709"}],"wp:attachment":[{"href":"https:\/\/www.spaziointeriore.com\/casaeditrice\/wp-json\/wp\/v2\/media?parent=2677"}],"wp:term":[{"taxonomy":"product_brand","embeddable":true,"href":"https:\/\/www.spaziointeriore.com\/casaeditrice\/wp-json\/wp\/v2\/product_brand?post=2677"},{"taxonomy":"product_cat","embeddable":true,"href":"https:\/\/www.spaziointeriore.com\/casaeditrice\/wp-json\/wp\/v2\/product_cat?post=2677"},{"taxonomy":"product_tag","embeddable":true,"href":"https:\/\/www.spaziointeriore.com\/casaeditrice\/wp-json\/wp\/v2\/product_tag?post=2677"}],"curies":[{"name":"wp","href":"https:\/\/api.w.org\/{rel}","templated":true}]}}