{"id":2680,"date":"2020-10-03T07:37:54","date_gmt":"2020-10-03T07:37:54","guid":{"rendered":"https:\/\/spaziointeriore.com\/casaeditrice\/shop\/ayahuasca-il-rampicante-del-fiume-celeste\/"},"modified":"2020-10-03T07:37:54","modified_gmt":"2020-10-03T07:37:54","slug":"ayahuasca-il-rampicante-del-fiume-celeste","status":"publish","type":"product","link":"https:\/\/www.spaziointeriore.com\/casaeditrice\/catalogo\/ayahuasca-il-rampicante-del-fiume-celeste\/","title":{"rendered":"AYAHUASCA &#8211; IL RAMPICANTE DEL FIUME CELESTE"},"content":{"rendered":"<p>Gli indigeni ash\u00e0ninka chiamano l\u2019Ayahuasca hananeroca: \u201cil rampicante del fiume celeste\u201d, un nome che allude al fiume in cui le anime dei morti si bagnano per diventare eterne. Le culture sciamaniche hanno compreso che l\u2019Ayahuasca ci insegna \u2013 prima di ogni altra cosa \u2013 a trascendere la vita. Dall\u2019Amazzonia colombiana alle aule dell\u2019Istituto Esalen, dai laboratori della California ai rituali del Santo Daime, questo libro di Claudio Naranjo rappresenta il bilancio di un lavoro di ricerca sull\u2019Ayahuasca lungo oltre cinquant\u2019anni, e offre un resoconto chiaro e coraggioso sui possibili usi delle piante sacre in psicoterapia. Un testo rivolto a tutte le persone interessate all\u2019indagine della Coscienza e all\u2019integrazione tra culti tradizionali e ricerca scientifica.<\/p>\n<p><em>\u00abNel mondo di domani sar\u00e0 di grande utilit\u00e0 la conoscenza del potenziale trasformatore di questa pianta magica, cos\u00ec apprezzata dagli sciamani delle culture autoctone sudamericane, che sicuramente ne sanno molto pi\u00f9 di noi della trasformazione possibile della mente umana, e che ci considerano, nonostante la nostra arroganza tecnologica, i loro fratelli minori\u00bb<\/em>.<\/p>\n","protected":false},"excerpt":{"rendered":"<p>Dall&#8217;Amazzonia colombiana alle aule dell&#8217;Istituto Esalen, dai laboratori della California ai rituali del Santo Daime, questo libro di Claudio Naranjo rappresenta il bilancio di un lavoro di ricerca sull&#8217;Ayahuasca lungo oltre cinquant&#8217;anni, e offre un resoconto chiaro e coraggioso sui possibili usi delle piante sacre in psicoterapia.<\/p>\n","protected":false},"featured_media":4711,"template":"","meta":{"_acf_changed":false},"product_brand":[],"product_cat":[194,139,229,230],"product_tag":[],"class_list":{"0":"post-2680","1":"product","2":"type-product","3":"status-publish","4":"has-post-thumbnail","6":"product_cat-claudio-naranjo-cat","7":"product_cat-karnak","8":"product_cat-piante-sacre-cat","9":"product_cat-sciamanesimo-cat","11":"first","12":"instock","13":"shipping-taxable","14":"purchasable","15":"product-type-simple"},"acf":[],"_links":{"self":[{"href":"https:\/\/www.spaziointeriore.com\/casaeditrice\/wp-json\/wp\/v2\/product\/2680","targetHints":{"allow":["GET"]}}],"collection":[{"href":"https:\/\/www.spaziointeriore.com\/casaeditrice\/wp-json\/wp\/v2\/product"}],"about":[{"href":"https:\/\/www.spaziointeriore.com\/casaeditrice\/wp-json\/wp\/v2\/types\/product"}],"wp:featuredmedia":[{"embeddable":true,"href":"https:\/\/www.spaziointeriore.com\/casaeditrice\/wp-json\/wp\/v2\/media\/4711"}],"wp:attachment":[{"href":"https:\/\/www.spaziointeriore.com\/casaeditrice\/wp-json\/wp\/v2\/media?parent=2680"}],"wp:term":[{"taxonomy":"product_brand","embeddable":true,"href":"https:\/\/www.spaziointeriore.com\/casaeditrice\/wp-json\/wp\/v2\/product_brand?post=2680"},{"taxonomy":"product_cat","embeddable":true,"href":"https:\/\/www.spaziointeriore.com\/casaeditrice\/wp-json\/wp\/v2\/product_cat?post=2680"},{"taxonomy":"product_tag","embeddable":true,"href":"https:\/\/www.spaziointeriore.com\/casaeditrice\/wp-json\/wp\/v2\/product_tag?post=2680"}],"curies":[{"name":"wp","href":"https:\/\/api.w.org\/{rel}","templated":true}]}}