{"id":2686,"date":"2020-10-03T07:37:56","date_gmt":"2020-10-03T07:37:56","guid":{"rendered":"https:\/\/spaziointeriore.com\/casaeditrice\/shop\/il-sistema-dei-simboli\/"},"modified":"2020-10-03T07:37:56","modified_gmt":"2020-10-03T07:37:56","slug":"il-sistema-dei-simboli","status":"publish","type":"product","link":"https:\/\/www.spaziointeriore.com\/casaeditrice\/catalogo\/il-sistema-dei-simboli\/","title":{"rendered":"IL SISTEMA DEI SIMBOLI"},"content":{"rendered":"<p>Nell\u2019arco di vent\u2019anni di pratica, Toni Allen \u00e8 arrivata a perfezionare il proprio sistema unico di simboli attraverso una tecnica basata sulla numerologia e sulla simbologia vedica. In questo libro, la studiosa inglese offre infatti una nuova visione per i lettori esperti e linee guida facili da comprendere per i principianti. Oltre a presentare spiegazioni dettagliate dei numeri e degli elementi simbolici riportati nei Tarocchi minori, questo libro libera il lettore da qualsiasi costrizione legata alle raffigurazioni classiche di ciascun seme, e rivela in che modo i Tarocchi siano un riflesso simbolico e numerico della vita e dell\u2019universo. Molte carte sono inoltre associate ai rimedi dei Fiori di Bach, unendo cos\u00ec all\u2019arte della consultazione un efficace strumento di guarigione.<\/p>\n<p><em>\u00abNon siamo esseri separati, bens\u00ec parte di un intero molto pi\u00f9 grande. Allo stesso modo, ogni carta ha la propria identit\u00e0\u00a0individuale, pur essendo a sua volta parte di un sistema pi\u00f9\u00a0vasto, e in questo modo riesce a riflettere l\u2019essenza umana in ogni suo aspetto\u00bb<\/em>.<\/p>\n","protected":false},"excerpt":{"rendered":"<p>Nell&#8217;arco di vent&#8217;anni di pratica, Toni Allen \u00e8 arrivata a perfezionare il proprio sistema unico di simboli attraverso una tecnica basata sulla numerologia e sulla simbologia vedica. In questo libro, la studiosa inglese offre infatti una nuova visione per i lettori esperti e linee guida facili da comprendere per i principianti.<\/p>\n","protected":false},"featured_media":4715,"template":"","meta":{"_acf_changed":false},"product_brand":[],"product_cat":[139,94,155],"product_tag":[],"class_list":{"0":"post-2686","1":"product","2":"type-product","3":"status-publish","4":"has-post-thumbnail","6":"product_cat-karnak","7":"product_cat-tarocchi-cat","8":"product_cat-toni-allen-cat","10":"first","11":"instock","12":"shipping-taxable","13":"purchasable","14":"product-type-simple"},"acf":[],"_links":{"self":[{"href":"https:\/\/www.spaziointeriore.com\/casaeditrice\/wp-json\/wp\/v2\/product\/2686","targetHints":{"allow":["GET"]}}],"collection":[{"href":"https:\/\/www.spaziointeriore.com\/casaeditrice\/wp-json\/wp\/v2\/product"}],"about":[{"href":"https:\/\/www.spaziointeriore.com\/casaeditrice\/wp-json\/wp\/v2\/types\/product"}],"wp:featuredmedia":[{"embeddable":true,"href":"https:\/\/www.spaziointeriore.com\/casaeditrice\/wp-json\/wp\/v2\/media\/4715"}],"wp:attachment":[{"href":"https:\/\/www.spaziointeriore.com\/casaeditrice\/wp-json\/wp\/v2\/media?parent=2686"}],"wp:term":[{"taxonomy":"product_brand","embeddable":true,"href":"https:\/\/www.spaziointeriore.com\/casaeditrice\/wp-json\/wp\/v2\/product_brand?post=2686"},{"taxonomy":"product_cat","embeddable":true,"href":"https:\/\/www.spaziointeriore.com\/casaeditrice\/wp-json\/wp\/v2\/product_cat?post=2686"},{"taxonomy":"product_tag","embeddable":true,"href":"https:\/\/www.spaziointeriore.com\/casaeditrice\/wp-json\/wp\/v2\/product_tag?post=2686"}],"curies":[{"name":"wp","href":"https:\/\/api.w.org\/{rel}","templated":true}]}}