{"id":2689,"date":"2020-10-03T07:37:57","date_gmt":"2020-10-03T07:37:57","guid":{"rendered":"https:\/\/spaziointeriore.com\/casaeditrice\/shop\/dmt-la-molecola-dello-spirito\/"},"modified":"2026-03-24T08:28:07","modified_gmt":"2026-03-24T08:28:07","slug":"dmt-la-molecola-dello-spirito","status":"publish","type":"product","link":"https:\/\/www.spaziointeriore.com\/casaeditrice\/catalogo\/dmt-la-molecola-dello-spirito\/","title":{"rendered":"DMT &#8211; LA MOLECOLA DELLO SPIRITO"},"content":{"rendered":"<p>Dal 1990 al 1995 il dottor Rick Strassman ha condotto una ricerca clinica approvata dalla DEA (l\u2019agenzia federale antidroga statunitense) nell\u2019Universit\u00e0 del New Mexico, durante la quale ha sperimentato su sessanta volontari la DMT, uno degli psichedelici pi\u00f9 conosciuti al mondo. Il suo resoconto dettagliato di queste sessioni \u00e8 un\u2019indagine straordinariamente avvincente sulla natura della mente umana e sul potenziale terapeutico degli psichedelici. La DMT, una sostanza chimica di origine vegetale oltre che un prodotto del cervello umano, \u00e8 costantemente rilasciata durante le esperienze mistiche e di pre-morte. Molti volontari hanno riferito di convincenti incontri con entit\u00e0 intelligenti non umane, in particolar modo \u201calieni\u201d. Tutti affermano che tali sessioni siano state tra le pi\u00f9 profonde esperienze della loro vita.<br \/>\nLa ricerca di Strassman connette la DMT con la ghiandola pineale, considerata dagli Ind\u00f9 come il luogo del settimo chakra e da Ren\u00e9 Descartes come la sede dell\u2019anima. DMT \u2013 La molecola dello spirito lancia l\u2019ipotesi audace che tale sostanza, rilasciata naturalmente dalla ghiandola pineale, faciliti il movimento dell\u2019anima dentro e fuori dal corpo, e che sia inoltre parte integrante delle esperienze di nascita e morte, cos\u00ec come degli stati pi\u00f9 alti di meditazione e perfino di trascendenza sessuale.<br \/>\nStrassman, infine, \u00e8 convinto che le esperienze di abduction aliene siano causate da emissioni accidentali di DMT. Se usata saggiamente, la DMT potrebbe generare un periodo di notevoli progressi nell&#8217;esplorazione scientifica delle regioni pi\u00f9 mistiche della mente umana e dell&#8217;anima.<\/p>\n<p><em>\u00abUna molecola dello spirito ci conduce verso i reami spirituali. Di solito questi mondi sono invisibili a noi e ai nostri strumenti, e non sono accessibili nel nostro normale stato di coscienza. Tuttavia, la teoria secondo cui questi mondi esistono \u201csolo nella nostra mente\u201d \u00e8 tanto probabile quanto quella secondo cui in realt\u00e0 essi esistono di per s\u00e9 \u201cfuori\u201d di noi. Se semplicemente cambiassimo la capacit\u00e0 ricevente del nostro cervello, potremmo comprenderli e interagire con essi\u00bb<\/em>.<\/p>\n<p><span style=\"color: #1a75bb;\"><a style=\"color: #1a75bb;\" href=\"https:\/\/www.spaziointeriore.com\/casaeditrice\/catalogo\/dmt-la-molecola-dello-spirito-2\/\"><strong>Vai alla nuova edizione di questo libro<\/strong><\/a><\/span><\/p>\n","protected":false},"excerpt":{"rendered":"<p><span style=\"color: #1a75bb;\"><a style=\"color: #1a75bb;\" href=\"https:\/\/www.spaziointeriore.com\/casaeditrice\/catalogo\/dmt-la-molecola-dello-spirito-2\/\"><strong>Vai alla nuova edizione di questo libro<\/strong><\/a><\/span><\/p>\n","protected":false},"featured_media":4717,"template":"","meta":{"_acf_changed":false},"product_brand":[],"product_cat":[139,216],"product_tag":[],"class_list":{"0":"post-2689","1":"product","2":"type-product","3":"status-publish","4":"has-post-thumbnail","6":"product_cat-karnak","7":"product_cat-rick-strassman-cat","9":"first","10":"instock","11":"shipping-taxable","12":"purchasable","13":"product-type-simple"},"acf":[],"_links":{"self":[{"href":"https:\/\/www.spaziointeriore.com\/casaeditrice\/wp-json\/wp\/v2\/product\/2689","targetHints":{"allow":["GET"]}}],"collection":[{"href":"https:\/\/www.spaziointeriore.com\/casaeditrice\/wp-json\/wp\/v2\/product"}],"about":[{"href":"https:\/\/www.spaziointeriore.com\/casaeditrice\/wp-json\/wp\/v2\/types\/product"}],"wp:featuredmedia":[{"embeddable":true,"href":"https:\/\/www.spaziointeriore.com\/casaeditrice\/wp-json\/wp\/v2\/media\/4717"}],"wp:attachment":[{"href":"https:\/\/www.spaziointeriore.com\/casaeditrice\/wp-json\/wp\/v2\/media?parent=2689"}],"wp:term":[{"taxonomy":"product_brand","embeddable":true,"href":"https:\/\/www.spaziointeriore.com\/casaeditrice\/wp-json\/wp\/v2\/product_brand?post=2689"},{"taxonomy":"product_cat","embeddable":true,"href":"https:\/\/www.spaziointeriore.com\/casaeditrice\/wp-json\/wp\/v2\/product_cat?post=2689"},{"taxonomy":"product_tag","embeddable":true,"href":"https:\/\/www.spaziointeriore.com\/casaeditrice\/wp-json\/wp\/v2\/product_tag?post=2689"}],"curies":[{"name":"wp","href":"https:\/\/api.w.org\/{rel}","templated":true}]}}