{"id":2695,"date":"2020-10-03T07:37:58","date_gmt":"2020-10-03T07:37:58","guid":{"rendered":"https:\/\/spaziointeriore.com\/casaeditrice\/shop\/ayahuasca-la-liana-degli-spiriti\/"},"modified":"2026-03-24T08:31:23","modified_gmt":"2026-03-24T08:31:23","slug":"ayahuasca-la-liana-degli-spiriti","status":"publish","type":"product","link":"https:\/\/www.spaziointeriore.com\/casaeditrice\/catalogo\/ayahuasca-la-liana-degli-spiriti\/","title":{"rendered":"AYAHUASCA LA LIANA DEGLI SPIRITI"},"content":{"rendered":"<p>Tra le numerose piante psicoattive utilizzate dalle popolazioni native su tutto il pianeta, nessuna ha ricevuto uno studio tra i pi\u00f9 completi dal punto di vista botanico, chimico ed etnografico, quanto la liana e la bevanda derivante conosciuta col nome di ayahuasca o yag\u00e9. L&#8217;ayahuasca \u2013 parola in lingua quechua che significa &#8220;liana degli spiriti&#8221; \u2013 \u00e8 un&#8217;infusione psicotropa di tradizione millenaria considerata sacra da milioni di persone indigene in tutto il bacino della foresta amazzonica. L&#8217;interesse magico-religioso e biomedico per le propriet\u00e0 e i poteri dell&#8217;ayahuasca hanno suscitato nel Novecento il nascere di nuove tradizioni culturali legate l&#8217;utilizzo di questa bevanda.<br \/>\nIl volume analizza, con un approccio multidisciplinare, le forme d&#8217;utilizzo tradizionali e moderne dell&#8217;ayahuasca: l&#8217;uso indigeno; l&#8217;uso mestizo; l&#8217;uso nelle religioni ayahuasqueras (Santo Daime, Barquinha e Uni\u00e3o do Vegetal); l&#8217;uso medico-terapeutico. Il volume tocca argomenti propri delle scienze sociali e naturali, del diritto e della storia delle religioni, fornendo un esempio d&#8217;alto valore simbolico dei processi d&#8217;incontro e di sintesi socio-culturale che stanno avvenendo in questo periodo storico, con ripercussioni che coinvolgono tanto il sapere scientifico quanto la riflessione giuridico-istituzionale.<br \/>\nScritto con un linguaggio chiaro e divulgativo, il testo si rivolge non solo a un pubblico specialista ma a qualunque lettore interessato ad approfondire un argomento di estrema attualit\u00e0 soprattutto per quel che riguarda il tema del confronto e fusione tra sistemi culturali &#8220;altri&#8221; l&#8217;uno rispetto all&#8217;altro.<\/p>\n<p><em>\u00abAllo stesso modo dei sogni, il consumo d\u2019ayahuasca permette di percepire il lato occulto, ma altrettanto veritiero che quello ordinario, della realt\u00e0. La realt\u00e0 \u00e8 quindi concepita come multidimensionale, ma allo stesso tempo integrata: la dimensione ordinaria e quella sottile, spirituale cui si pu\u00f2 accedere col sogno o con le piante sacre.La dimensione spirituale aperta dalle visioni permesse dalla pianta ha carattere d\u2019assoluta verit\u00e0, le visioni non solo si considerano come veritiere, ma come essere la verit\u00e0. Nella concezione indios, il mondo quotidiano ha un aspetto che \u00e8 transitorio e illusorio, la vera essenza della realt\u00e0 e delle cose come realmente sono \u00e8 quella percepita dallo spirito sotto l\u2019effetto della pianta\u00bb<\/em>.<\/p>\n<p><span style=\"color: #1a75bb;\"><a style=\"color: #1a75bb;\" href=\"https:\/\/www.spaziointeriore.com\/casaeditrice\/catalogo\/ayahuasca-la-liana-degli-spiriti-2\/\"><strong>Vai alla nuova edizione di questo libro<\/strong><\/a><\/span><\/p>\n","protected":false},"excerpt":{"rendered":"<p>Lo sciamanesimo \u00e8 considerato come la prima forma d&#8217;apprendimento e di conoscenza utilizzata dai popoli primitivi in ogni area del pianeta. Mircea Eliade lo definisce \u00abtecnica primordiale dell&#8217;estasi\u00bb, che consiste prima di tutto nella pratica del volo sciamanico, ossia il viaggio nel mondo delle realt\u00e0 spirituali. Tra i popoli indigeni della foresta amazzonica la pratica sciamanica \u00e8 essenzialmente relazionata al consumo di Ayahuasca, la celebre bevanda psicotropa che \u00e8 stata oggetto di numerosissime ricerche scientifiche negli ultimi settant&#8217;anni.<\/p>\n<p><span style=\"color: #1a75bb;\"><a style=\"color: #1a75bb;\" href=\"https:\/\/www.spaziointeriore.com\/casaeditrice\/catalogo\/ayahuasca-la-liana-degli-spiriti-2\/\"><strong>Vai alla nuova edizione di questo libro<\/strong><\/a><\/span><\/p>\n","protected":false},"featured_media":4721,"template":"","meta":{"_acf_changed":false},"product_brand":[],"product_cat":[139,229,230,188],"product_tag":[],"class_list":{"0":"post-2695","1":"product","2":"type-product","3":"status-publish","4":"has-post-thumbnail","6":"product_cat-karnak","7":"product_cat-piante-sacre-cat","8":"product_cat-sciamanesimo-cat","9":"product_cat-walter-menozzi-cat","11":"first","12":"instock","13":"shipping-taxable","14":"purchasable","15":"product-type-simple"},"acf":[],"_links":{"self":[{"href":"https:\/\/www.spaziointeriore.com\/casaeditrice\/wp-json\/wp\/v2\/product\/2695","targetHints":{"allow":["GET"]}}],"collection":[{"href":"https:\/\/www.spaziointeriore.com\/casaeditrice\/wp-json\/wp\/v2\/product"}],"about":[{"href":"https:\/\/www.spaziointeriore.com\/casaeditrice\/wp-json\/wp\/v2\/types\/product"}],"wp:featuredmedia":[{"embeddable":true,"href":"https:\/\/www.spaziointeriore.com\/casaeditrice\/wp-json\/wp\/v2\/media\/4721"}],"wp:attachment":[{"href":"https:\/\/www.spaziointeriore.com\/casaeditrice\/wp-json\/wp\/v2\/media?parent=2695"}],"wp:term":[{"taxonomy":"product_brand","embeddable":true,"href":"https:\/\/www.spaziointeriore.com\/casaeditrice\/wp-json\/wp\/v2\/product_brand?post=2695"},{"taxonomy":"product_cat","embeddable":true,"href":"https:\/\/www.spaziointeriore.com\/casaeditrice\/wp-json\/wp\/v2\/product_cat?post=2695"},{"taxonomy":"product_tag","embeddable":true,"href":"https:\/\/www.spaziointeriore.com\/casaeditrice\/wp-json\/wp\/v2\/product_tag?post=2695"}],"curies":[{"name":"wp","href":"https:\/\/api.w.org\/{rel}","templated":true}]}}