{"id":2698,"date":"2020-10-03T07:37:58","date_gmt":"2020-10-03T07:37:58","guid":{"rendered":"https:\/\/spaziointeriore.com\/casaeditrice\/shop\/le-stanze-dellimmaginazione-underground\/"},"modified":"2020-10-03T07:37:58","modified_gmt":"2020-10-03T07:37:58","slug":"le-stanze-dellimmaginazione-underground","status":"publish","type":"product","link":"https:\/\/www.spaziointeriore.com\/casaeditrice\/catalogo\/le-stanze-dellimmaginazione-underground\/","title":{"rendered":"LE STANZE DELL&#8217;IMMAGINAZIONE UNDERGROUND"},"content":{"rendered":"<p>Dopo il grande successo del libro <em>Le Stanze dell\u2019Immaginazione<\/em>, preziosissimo strumento di decodifica dei messaggi dal profondo e di risoluzione delle dinamiche interiori, Matteo Ficara torna con un nuovo, appassionante e utilissimo testo, accompagnandoci alla scoperta e all\u2019utilizzo del \u201cpiano inferiore\u201d delle Stanze dell\u2019Immaginazione, ossia <em>Le Stanze dell\u2019Immaginazione Underground<\/em>. In quest\u2019opera il lettore potr\u00e0 apprendere come individuare e risanare le ferite profonde create dalla distanza tra la storia che ci raccontiamo ogni giorno e quella che, invece, ci sussurra l&#8217;Anima, una trama invisibile di Volont\u00e0 e Amore da cui fin troppo spesso ci allontaniamo. Il libro, arricchito da esempi e illustrazioni, presenta il metodo e le istruzioni pratiche per accedere al piano immaginale e scoprire come riconciliare le ferite profonde create dalla distanza tra il punto di vista della coscienza (la Storia) e quello dell&#8217;Anima (la Trama), in una dimensione di \u201cgioco\u201d inteso nel suo significato pi\u00f9 profondo. Una modalit\u00e0 di scoperta di s\u00e9 che trascende il piano egoico-razionale, le regole e gli schemi che ci incatenano nel piano della dualit\u00e0, permettendo all\u2019io l\u2019accesso ai regni dell\u2019Anima e all\u2019invisibile di manifestare le sue forme qui e ora.<\/p>\n<p><em>\u00abNel piano Underground della tua Anima sono nascosti i segreti delle pi\u00f9 profonde ferite, che ogni giorno si fanno pi\u00f9 grandi perch\u00e9 a scavarne il solco \u00e8 la continua &quot;narrazione di se stessi&quot;, che ognuno ripete senza fine. Le vite, come fiabe o miti antichi, vengono interiormente riproposte come un&#8217;autoipnosi e si ripetono gli stessi errori, si perdura lungo la stessa via. Grazie all&#8217;occhio del Cuore \u2013 l&#8217;Immaginazione \u2013 \u00e8 possibile scorgere quale Storia ci stiamo narrando da sempre e, grazie al piano Underground delle Stanze dell&#8217;Immaginazione, scoprire qual era, invece, la Trama invisibile che l&#8217;Anima aveva predisposto per noi, con Amore.Solo una volta portate a consapevolezza le due vie \u00e8 possibile lavorare a una guarigione delle ferite attraverso la riconciliazione\u00bb<\/em>.<\/p>\n","protected":false},"excerpt":{"rendered":"<p>Un libro, arricchito da esempi e illustrazioni, che presenta il metodo e le istruzioni pratiche per accedere al piano immaginale e riscoprire il proprio autentico progetto di vita e ci\u00f2 che ne ostacola la realizzazione, in una dimensione di &#8220;gioco&#8221; inteso nel suo significato pi\u00f9 profondo.<\/p>\n","protected":false},"featured_media":4723,"template":"","meta":{"_acf_changed":false},"product_brand":[],"product_cat":[86,140,174],"product_tag":[],"class_list":{"0":"post-2698","1":"product","2":"type-product","3":"status-publish","4":"has-post-thumbnail","6":"product_cat-dimensioni-della-coscienza-cat","7":"product_cat-lanterne","8":"product_cat-matteo-ficara-cat","10":"first","11":"instock","12":"shipping-taxable","13":"purchasable","14":"product-type-simple"},"acf":[],"_links":{"self":[{"href":"https:\/\/www.spaziointeriore.com\/casaeditrice\/wp-json\/wp\/v2\/product\/2698","targetHints":{"allow":["GET"]}}],"collection":[{"href":"https:\/\/www.spaziointeriore.com\/casaeditrice\/wp-json\/wp\/v2\/product"}],"about":[{"href":"https:\/\/www.spaziointeriore.com\/casaeditrice\/wp-json\/wp\/v2\/types\/product"}],"wp:featuredmedia":[{"embeddable":true,"href":"https:\/\/www.spaziointeriore.com\/casaeditrice\/wp-json\/wp\/v2\/media\/4723"}],"wp:attachment":[{"href":"https:\/\/www.spaziointeriore.com\/casaeditrice\/wp-json\/wp\/v2\/media?parent=2698"}],"wp:term":[{"taxonomy":"product_brand","embeddable":true,"href":"https:\/\/www.spaziointeriore.com\/casaeditrice\/wp-json\/wp\/v2\/product_brand?post=2698"},{"taxonomy":"product_cat","embeddable":true,"href":"https:\/\/www.spaziointeriore.com\/casaeditrice\/wp-json\/wp\/v2\/product_cat?post=2698"},{"taxonomy":"product_tag","embeddable":true,"href":"https:\/\/www.spaziointeriore.com\/casaeditrice\/wp-json\/wp\/v2\/product_tag?post=2698"}],"curies":[{"name":"wp","href":"https:\/\/api.w.org\/{rel}","templated":true}]}}