{"id":2701,"date":"2020-10-03T07:37:59","date_gmt":"2020-10-03T07:37:59","guid":{"rendered":"https:\/\/spaziointeriore.com\/casaeditrice\/shop\/guida-alla-consapevolezza-e-alla-quiete-profonda\/"},"modified":"2025-07-16T08:38:13","modified_gmt":"2025-07-16T08:38:13","slug":"guida-alla-consapevolezza-e-alla-quiete-profonda","status":"publish","type":"product","link":"https:\/\/www.spaziointeriore.com\/casaeditrice\/catalogo\/guida-alla-consapevolezza-e-alla-quiete-profonda\/","title":{"rendered":"GUIDA ALLA CONSAPEVOLEZZA E ALLA QUIETE PROFONDA"},"content":{"rendered":"<p>\u00abHo scoperto una tranquillit\u00e0 mentale e una pace interiore inimmaginabili, e con questa scoperta \u00e8 venuta l\u2019abilit\u00e0 di comunicarlo ad altri!\u00bb \u00c8 cos\u00ec che William Samuel, scrittore e mistico americano noto come il \u201cmaestro dei maestri\u201d, parla direttamente alla nostra consapevolezza per ricordarci la pace autentica che esiste sempre e ovunque, al di l\u00e0 delle agitazioni della vita quotidiana. Questa insolita e potente Guida spirituale riesce nel compito apparentemente impossibile di trasmettere al lettore la profondit\u00e0 insondabile del vivere in presenza, una condizione naturale nella quale meraviglia, serenit\u00e0 e miracoli sono all&#8217;ordine del giorno. Oltre i dettami delle religioni, delle correnti filosofiche e perfino della metafisica, esiste una verit\u00e0 imprescindibile alla quale \u00e8 sempre possibile attingere per ritrovare la consapevolezza del qui e ora, e Samuel ne svela il segreto sorprendentemente semplice, utilizzando un linguaggio chiaro, ricco di esempi, aneddoti e citazioni, e arricchito dai dialoghi con i suoi allievi e dalle numerose lettere scritte e ricevute nel corso degli anni, che aggiungono ulteriori e preziosi spunti pratici.<\/p>\n<p><em>\u00abAdesso va sempre tutto bene! Il presente \u00e8 colmo di bellezza, grazia e magnificenza, non contiene immagini, suoni o sensazioni che non siano assolutamente inoffensivi e totalmente perfetti. Ben presto vedrai e capirai \u2013 ancora prima di finire questo libro \u2013 che l\u2019adesso \u00e8 colmo di pace, serenit\u00e0, vivace e spumeggiante felicit\u00e0. \u00c8 straripante di tutto ci\u00f2 di cui possiamo aver bisogno. Dunque, quando ci distogliamo dai ricordi del passato e dai sogni sul futuro \u2013 ossia dal pensiero \u2013 non stiamo n\u00e9 ignorando la Realt\u00e0 (come sostiene il mondo) n\u00e9 nascondendo la testa nella sabbia per sfuggire alla \u201cpressione delle circostanze\u201d. Al contrario, accade che ritorniamo alla perfezione che abbiamo a portata di mano, per riscoprire che l\u2019adesso \u00e8 tutto ci\u00f2 che esiste e tutto ci\u00f2 di cui dobbiamo preoccuparci!\u00bb<\/em><\/p>\n","protected":false},"excerpt":{"rendered":"<p>Un&#8217;insolita quanto potente Guida spirituale che riesce a trasmettere al lettore i benefici del vivere in una condizione di piena presenza e consapevolezza, e gli strumenti per raggiungere un tale stato.<\/p>\n","protected":false},"featured_media":4725,"template":"","meta":{"_acf_changed":false},"product_brand":[],"product_cat":[140,90,205],"product_tag":[],"class_list":{"0":"post-2701","1":"product","2":"type-product","3":"status-publish","4":"has-post-thumbnail","6":"product_cat-lanterne","7":"product_cat-ricerca-interiore-cat","8":"product_cat-william-samuel-cat","10":"first","11":"instock","12":"shipping-taxable","13":"purchasable","14":"product-type-simple"},"acf":[],"_links":{"self":[{"href":"https:\/\/www.spaziointeriore.com\/casaeditrice\/wp-json\/wp\/v2\/product\/2701","targetHints":{"allow":["GET"]}}],"collection":[{"href":"https:\/\/www.spaziointeriore.com\/casaeditrice\/wp-json\/wp\/v2\/product"}],"about":[{"href":"https:\/\/www.spaziointeriore.com\/casaeditrice\/wp-json\/wp\/v2\/types\/product"}],"wp:featuredmedia":[{"embeddable":true,"href":"https:\/\/www.spaziointeriore.com\/casaeditrice\/wp-json\/wp\/v2\/media\/4725"}],"wp:attachment":[{"href":"https:\/\/www.spaziointeriore.com\/casaeditrice\/wp-json\/wp\/v2\/media?parent=2701"}],"wp:term":[{"taxonomy":"product_brand","embeddable":true,"href":"https:\/\/www.spaziointeriore.com\/casaeditrice\/wp-json\/wp\/v2\/product_brand?post=2701"},{"taxonomy":"product_cat","embeddable":true,"href":"https:\/\/www.spaziointeriore.com\/casaeditrice\/wp-json\/wp\/v2\/product_cat?post=2701"},{"taxonomy":"product_tag","embeddable":true,"href":"https:\/\/www.spaziointeriore.com\/casaeditrice\/wp-json\/wp\/v2\/product_tag?post=2701"}],"curies":[{"name":"wp","href":"https:\/\/api.w.org\/{rel}","templated":true}]}}