{"id":2704,"date":"2020-10-03T07:38:00","date_gmt":"2020-10-03T07:38:00","guid":{"rendered":"https:\/\/spaziointeriore.com\/casaeditrice\/shop\/le-case-astrologiche\/"},"modified":"2020-10-03T07:38:00","modified_gmt":"2020-10-03T07:38:00","slug":"le-case-astrologiche","status":"publish","type":"product","link":"https:\/\/www.spaziointeriore.com\/casaeditrice\/catalogo\/le-case-astrologiche\/","title":{"rendered":"LE CASE ASTROLOGICHE"},"content":{"rendered":"<p>Le case sono la componente terrestre dell\u2019astrologia e, insieme ai pianeti e ai segni, costituiscono gli ingredienti fondamentali del tema natale personale. In un libro che si rivela prezioso, tanto per il lettore che gi\u00e0 si intende di astrologia quanto per chi \u00e8 ancora alle prime armi, Lidia Fassio esplora e spiega il ruolo e l\u2019importanza che le case rivestono. Esse infatti scandiscono la successione temporale e le tappe del grande viaggio della vita, descrivendo gli ambiti in cui ciascuno di noi \u00e8 chiamato a sperimentarsi e a sviluppare ci\u00f2 che \u00e8 presente solo in potenza. Le case evidenziano il nostro modo di affrontare la vita e di interagire con l\u2019ambiente, e ci indicano le particolari attitudini e capacit\u00e0 che abbiamo a disposizione per raggiungere la piena fioritura del nostro autentico s\u00e9. Lidia Fassio offre quindi al lettore un utile strumento per raggiungere una profonda conoscenza della parte pi\u00f9 personale del tema natale \u2013 le case astrologiche \u2013 che consente di esplorare in che modo le nostre potenzialit\u00e0 iniziali abbiano la possibilit\u00e0 di svilupparsi o di restare ingabbiate tra le tante complessit\u00e0 dell\u2019ambiente in cui si nasce.<\/p>\n<p><em>\u00abLe case scandiscono la successione temporale e le tappe del nostro viaggio personale: descrivono gli ambiti in cui siamo chiamati a sperimentarci e a sviluppare ci\u00f2 che \u00e8 presente solo in potenza\u00bb<\/em>.<\/p>\n","protected":false},"excerpt":{"rendered":"<p>Lidia Fassio offre al lettore un utile strumento per raggiungere una profonda conoscenza della parte pi\u00f9 personale del tema natale &#8212; le case astrologiche &#8212; che consente di esplorare in che modo le nostre potenzialit\u00e0 iniziali abbiano la possibilit\u00e0 di svilupparsi o di restare ingabbiate tra le tante complessit\u00e0 dell&#8217;ambiente in cui si nasce.<\/p>\n","protected":false},"featured_media":4727,"template":"","meta":{"_acf_changed":false},"product_brand":[],"product_cat":[83,140,173],"product_tag":[],"class_list":{"0":"post-2704","1":"product","2":"type-product","3":"status-publish","4":"has-post-thumbnail","6":"product_cat-astrologia-cat","7":"product_cat-lanterne","8":"product_cat-lidia-fassio-cat","10":"first","11":"instock","12":"shipping-taxable","13":"purchasable","14":"product-type-simple"},"acf":[],"_links":{"self":[{"href":"https:\/\/www.spaziointeriore.com\/casaeditrice\/wp-json\/wp\/v2\/product\/2704","targetHints":{"allow":["GET"]}}],"collection":[{"href":"https:\/\/www.spaziointeriore.com\/casaeditrice\/wp-json\/wp\/v2\/product"}],"about":[{"href":"https:\/\/www.spaziointeriore.com\/casaeditrice\/wp-json\/wp\/v2\/types\/product"}],"wp:featuredmedia":[{"embeddable":true,"href":"https:\/\/www.spaziointeriore.com\/casaeditrice\/wp-json\/wp\/v2\/media\/4727"}],"wp:attachment":[{"href":"https:\/\/www.spaziointeriore.com\/casaeditrice\/wp-json\/wp\/v2\/media?parent=2704"}],"wp:term":[{"taxonomy":"product_brand","embeddable":true,"href":"https:\/\/www.spaziointeriore.com\/casaeditrice\/wp-json\/wp\/v2\/product_brand?post=2704"},{"taxonomy":"product_cat","embeddable":true,"href":"https:\/\/www.spaziointeriore.com\/casaeditrice\/wp-json\/wp\/v2\/product_cat?post=2704"},{"taxonomy":"product_tag","embeddable":true,"href":"https:\/\/www.spaziointeriore.com\/casaeditrice\/wp-json\/wp\/v2\/product_tag?post=2704"}],"curies":[{"name":"wp","href":"https:\/\/api.w.org\/{rel}","templated":true}]}}