{"id":2728,"date":"2020-10-03T07:39:02","date_gmt":"2020-10-03T07:39:02","guid":{"rendered":"https:\/\/spaziointeriore.com\/casaeditrice\/shop\/nessun-uomo-e-un-maestro\/"},"modified":"2023-01-04T08:03:40","modified_gmt":"2023-01-04T08:03:40","slug":"nessun-uomo-e-un-maestro","status":"publish","type":"product","link":"https:\/\/www.spaziointeriore.com\/casaeditrice\/catalogo\/nessun-uomo-e-un-maestro\/","title":{"rendered":"NESSUN UOMO \u00c8 UN MAESTRO"},"content":{"rendered":"<p>Gi\u00e0 Pitagora diceva: \u00abNon chiamatemi Maestro. Anche io sono uno studente. Non chiamate nessun uomo Maestro. Il Maestro \u00e8 in voi stessi\u00bb. Eppure, ogni ricercatore spirituale parte, soprattutto all&#8217;inizio del proprio viaggio, alla speranzosa ricerca di un guru che sappia indicargli la strada e a cui obbedire silenziosamente, o di una dottrina dentro la quale chiudersi come si fa, in genere, con le religioni. Joyce Collin-Smith, astrologa e tarologa britannica nota in tutto il mondo, ha cercato per gran parte della propria vita un Maestro e una corrente esoterica che potessero rispondere alle sue domande, scoprendo ogni volta il lato oscuro o ridicolo che si cela dietro agli uomini realizzati o ai movimenti spirituali. Da questi incontri \u00e8 nato Nessun uomo \u00e8 un Maestro, racconto sincero e dissacrante intorno allepi\u00f9 influenti dottrine esoteriche del Novecento e ai maggiori guru e maestri di Oriente e Occidente, ma soprattutto un invito a imboccare una Via propria, perch\u00e9 la lotta del singolo aspirante \u00e8 in se stessa la Via e alla fine conduce alle proprie risposte.<\/p>\n<p><em>\u00abIn tempi recenti ho lentamente maturato l\u2019idea che i mezzi per svilupparsi ed evolvere risiedano da qualche parte dentro al proprio s\u00e9 e che non dovremmo dimenticare questo fatto nemmeno per un momento. Difatti ci potrebbero essere dei maestri che hanno molte pi\u00f9 conoscenze e che in qualunque tempo hanno svolto delle opere di pregio nel mondo; ma ciascuno richiede un prezzo. E ogni prezzo che include vendere una parte della propria libert\u00e0 di crescere naturalmente per aprire i propri centri di consapevolezza a lungo termine si dimostrer\u00e0 troppo alto\u00bb<\/em>.<\/p>\n","protected":false},"excerpt":{"rendered":"<p>Arriva finalmente in Italia Nessun uomo \u00e8 un Maestro, l&#8217;affascinante storia della ricerca spirituale di Joyce Collin-Smith che ha affascinato i lettori di tutto il mondo fin dalla prima edizione.<\/p>\n","protected":false},"featured_media":3735,"template":"","meta":{"_acf_changed":false},"product_brand":[],"product_cat":[165,140,149,90],"product_tag":[],"class_list":{"0":"post-2728","1":"product","2":"type-product","3":"status-publish","4":"has-post-thumbnail","6":"product_cat-joyce-collin-smith-cat","7":"product_cat-lanterne","8":"product_cat-letteratura-di-risveglio-cat","9":"product_cat-ricerca-interiore-cat","11":"first","12":"instock","13":"shipping-taxable","14":"purchasable","15":"product-type-simple"},"acf":[],"_links":{"self":[{"href":"https:\/\/www.spaziointeriore.com\/casaeditrice\/wp-json\/wp\/v2\/product\/2728","targetHints":{"allow":["GET"]}}],"collection":[{"href":"https:\/\/www.spaziointeriore.com\/casaeditrice\/wp-json\/wp\/v2\/product"}],"about":[{"href":"https:\/\/www.spaziointeriore.com\/casaeditrice\/wp-json\/wp\/v2\/types\/product"}],"wp:featuredmedia":[{"embeddable":true,"href":"https:\/\/www.spaziointeriore.com\/casaeditrice\/wp-json\/wp\/v2\/media\/3735"}],"wp:attachment":[{"href":"https:\/\/www.spaziointeriore.com\/casaeditrice\/wp-json\/wp\/v2\/media?parent=2728"}],"wp:term":[{"taxonomy":"product_brand","embeddable":true,"href":"https:\/\/www.spaziointeriore.com\/casaeditrice\/wp-json\/wp\/v2\/product_brand?post=2728"},{"taxonomy":"product_cat","embeddable":true,"href":"https:\/\/www.spaziointeriore.com\/casaeditrice\/wp-json\/wp\/v2\/product_cat?post=2728"},{"taxonomy":"product_tag","embeddable":true,"href":"https:\/\/www.spaziointeriore.com\/casaeditrice\/wp-json\/wp\/v2\/product_tag?post=2728"}],"curies":[{"name":"wp","href":"https:\/\/api.w.org\/{rel}","templated":true}]}}