{"id":2731,"date":"2020-10-03T07:39:02","date_gmt":"2020-10-03T07:39:02","guid":{"rendered":"https:\/\/spaziointeriore.com\/casaeditrice\/shop\/genesi\/"},"modified":"2026-03-19T08:17:10","modified_gmt":"2026-03-19T08:17:10","slug":"genesi","status":"publish","type":"product","link":"https:\/\/www.spaziointeriore.com\/casaeditrice\/catalogo\/genesi\/","title":{"rendered":"GENESI"},"content":{"rendered":"<p>Conosciuto in tutto il mondo per le sue indagini intorno al fenomeno delle interferenze aliene, Corrado Malanga offre in questo libro una summa di tutto il lavoro portato avanti negli ultimi trent&#8217;anni. Analizzando i dati ottenuti nel corso di terapie e sedute su soggetti addotti, il ricercatore italiano ha elaborato una teoria straordinariamente originale per spiegare l&#8217;origine della vita su questo pianeta e il senso ultimo dell&#8217;esistenza umana. Grazie all&#8217;uso di un rigorosissimo metodo scientifico, Malanga mette in relazione queste rivelazioni con le pi\u00f9 importanti scoperte della fisica quantistica e, prospettiva forse ancor pi\u00f9 interessante, con le parole dei testi sacri e delle tradizioni esoteriche di tutte le culture antiche. Inizia cos\u00ec un viaggio attraverso le figure pi\u00f9 misteriose delle mitologie universali, nel corso del quale Malanga offre al lettore innumerevoli spunti di riflessione e di approfondimento, aprendo orizzonti di ricerca davvero sconosciuti fino a oggi.<\/p>\n<p><em>\u00abAvevo quindici anni quando ho cominciato a interessarmi del fenomeno ufologico in Italia. Avevo letto i libri di Peter Kolosimo, che tentava di dimostrare come il nostro pianeta fosse stato, in passato, visitato da soggetti alieni. Avevo pensato che, se gli alieni esistevano, allora, forse, sarebbe valsa la pena di sincerarsene. Tutte le domande che non avevano avuto risposta potevano essere rivolte a loro che, sicuramente, essendo pi\u00f9 evoluti di noi, ci avrebbero risparmiato la fatica di una ricerca lunga e inutile. Chi siamo? Da dove veniamo? Esiste Dio? E il bosone di Higgs?Avrei presto dovuto capire che le cose erano molto pi\u00f9 complicate. Gli alieni effettivamente esistevano, alcuni di loro venivano anche su questo pianeta, i nostri governanti sapevano tutto e nascondevano sapientemente una realt\u00e0 tremenda. Man mano che andremo avanti in questo percorso, il problema degli alieni sfumer\u00e0 per assumere colori sempre pi\u00f9 sbiaditi. Al suo posto prender\u00e0 invece prepotentemente spazio il problema della Coscienza umana. Alla fine chi sia l\u2019alieno e cosa voglia da noi diventer\u00e0 quasi un\u2019ovviet\u00e0, mentre il viaggio ci porter\u00e0 rapidamente alla scoperta delle nostre vere origini\u00bb<\/em>.<\/p>\n","protected":false},"excerpt":{"rendered":"<p>Conosciuto in tutto il mondo per le sue indagini intorno al fenomeno delle interferenze aliene, Corrado Malanga offre in questo libro una summa di tutto il lavoro portato avanti negli ultimi trent&#8217;anni. Analizzando i dati ottenuti nel corso di terapie e sedute su soggetti addotti, il ricercatore italiano ha elaborato una teoria straordinariamente originale per spiegare l&#8217;origine della vita su questo pianeta e il senso ultimo dell&#8217;esistenza umana.<\/p>\n","protected":false},"featured_media":3737,"template":"","meta":{"_acf_changed":false},"product_brand":[],"product_cat":[185,140,92],"product_tag":[],"class_list":{"0":"post-2731","1":"product","2":"type-product","3":"status-publish","4":"has-post-thumbnail","6":"product_cat-corrado-malanga-cat","7":"product_cat-lanterne","8":"product_cat-scienze-di-confine-cat","10":"first","11":"instock","12":"shipping-taxable","13":"purchasable","14":"product-type-simple"},"acf":[],"_links":{"self":[{"href":"https:\/\/www.spaziointeriore.com\/casaeditrice\/wp-json\/wp\/v2\/product\/2731","targetHints":{"allow":["GET"]}}],"collection":[{"href":"https:\/\/www.spaziointeriore.com\/casaeditrice\/wp-json\/wp\/v2\/product"}],"about":[{"href":"https:\/\/www.spaziointeriore.com\/casaeditrice\/wp-json\/wp\/v2\/types\/product"}],"wp:featuredmedia":[{"embeddable":true,"href":"https:\/\/www.spaziointeriore.com\/casaeditrice\/wp-json\/wp\/v2\/media\/3737"}],"wp:attachment":[{"href":"https:\/\/www.spaziointeriore.com\/casaeditrice\/wp-json\/wp\/v2\/media?parent=2731"}],"wp:term":[{"taxonomy":"product_brand","embeddable":true,"href":"https:\/\/www.spaziointeriore.com\/casaeditrice\/wp-json\/wp\/v2\/product_brand?post=2731"},{"taxonomy":"product_cat","embeddable":true,"href":"https:\/\/www.spaziointeriore.com\/casaeditrice\/wp-json\/wp\/v2\/product_cat?post=2731"},{"taxonomy":"product_tag","embeddable":true,"href":"https:\/\/www.spaziointeriore.com\/casaeditrice\/wp-json\/wp\/v2\/product_tag?post=2731"}],"curies":[{"name":"wp","href":"https:\/\/api.w.org\/{rel}","templated":true}]}}