{"id":2734,"date":"2020-10-03T07:39:03","date_gmt":"2020-10-03T07:39:03","guid":{"rendered":"https:\/\/spaziointeriore.com\/casaeditrice\/shop\/riprendiamoci-lanima\/"},"modified":"2020-10-03T07:39:03","modified_gmt":"2020-10-03T07:39:03","slug":"riprendiamoci-lanima","status":"publish","type":"product","link":"https:\/\/www.spaziointeriore.com\/casaeditrice\/catalogo\/riprendiamoci-lanima\/","title":{"rendered":"RIPRENDIAMOCI L&#8217;ANIMA!"},"content":{"rendered":"<p>Questo libro intende guidare amorevolmente il lettore in un processo di caccia all\u2019anima, attivando l\u2019intuizione per superare consapevolmente le prigioni dei condizionamenti, i roveti che imbrigliano l\u2019anima nell\u2019Ombra, i blocchi, gli equivoci e gli smarrimenti, le rinunce al potere creativo e all\u2019illuminazione interiore. Viene presentato un percorso di ribellione spirituale e di autoguarigione, arricchito da testimonianze ed esercizi di risveglio. Tale processo evolutivo \u00e8 individuale ma assume oggi un\u2019urgenza collettiva ed epocale, poich\u00e9 \u00e8 l\u2019unica possibilit\u00e0 per superare la grande crisi mondiale che sottilmente \u00e8 causata dalla negazione dell\u2019Anima. Favorendo in noi stessi la nascita di un uomo nuovo e integrato, pi\u00f9 consapevole ed energetico, siamo in grado di dare qui e ora un senso reale alla nostra presenza nel mondo; allora, con creativit\u00e0, amore, celebrazione e saggezza, possiamo salvarci dal gorgo inconscio della distruzione.<\/p>\n<p><em>\u00abL&#8217;idea stessa dell&#8217;anima \u2013 che non si vede ed \u00e8 quindi apparentemente trascurabile, ma che \u00e8 cos\u00ec afflitta dal tormento religioso \u2013 ci \u00e8 venuta a noia, tanto \u00e8 stata cucita con il filo spinato. Insomma, non ci chiediamo nemmeno pi\u00f9 se ce l\u2019abbiamo, un&#8217;anima; ma ci\u00f2 \u00e8 decisamente un male, perch\u00e9 essa \u00e8 la nostra pi\u00f9 intima natura, dove sono riposti i nostri veri tesori e la potenzialit\u00e0 di fonderci consapevolmente con il Tutto. Infatti la confidenza con l&#8217;anima pu\u00f2 condurci a realizzare il nostro pi\u00f9 alto potenziale; non in un ipotetico paradiso nel futuro, bens\u00ec nel riconoscimento di chi siamo qui-e-ora\u00bb<\/em>.<\/p>\n","protected":false},"excerpt":{"rendered":"<p>Autore di numerosi libri di successo, Satvat \u00e8 oggi un apprezzato artista visivo e conduttore di corsi e seminari esperienziali. In questo libro, l&#8217;autore si rivolge a chi desidera recuperare la parte pi\u00f9 autentica di S\u00e8 attraverso delle tecniche di risveglio interiore.<\/p>\n","protected":false},"featured_media":3739,"template":"","meta":{"_acf_changed":false},"product_brand":[],"product_cat":[140,90,206],"product_tag":[],"class_list":{"0":"post-2734","1":"product","2":"type-product","3":"status-publish","4":"has-post-thumbnail","6":"product_cat-lanterne","7":"product_cat-ricerca-interiore-cat","8":"product_cat-satvat-cat","10":"first","11":"instock","12":"shipping-taxable","13":"purchasable","14":"product-type-simple"},"acf":[],"_links":{"self":[{"href":"https:\/\/www.spaziointeriore.com\/casaeditrice\/wp-json\/wp\/v2\/product\/2734","targetHints":{"allow":["GET"]}}],"collection":[{"href":"https:\/\/www.spaziointeriore.com\/casaeditrice\/wp-json\/wp\/v2\/product"}],"about":[{"href":"https:\/\/www.spaziointeriore.com\/casaeditrice\/wp-json\/wp\/v2\/types\/product"}],"wp:featuredmedia":[{"embeddable":true,"href":"https:\/\/www.spaziointeriore.com\/casaeditrice\/wp-json\/wp\/v2\/media\/3739"}],"wp:attachment":[{"href":"https:\/\/www.spaziointeriore.com\/casaeditrice\/wp-json\/wp\/v2\/media?parent=2734"}],"wp:term":[{"taxonomy":"product_brand","embeddable":true,"href":"https:\/\/www.spaziointeriore.com\/casaeditrice\/wp-json\/wp\/v2\/product_brand?post=2734"},{"taxonomy":"product_cat","embeddable":true,"href":"https:\/\/www.spaziointeriore.com\/casaeditrice\/wp-json\/wp\/v2\/product_cat?post=2734"},{"taxonomy":"product_tag","embeddable":true,"href":"https:\/\/www.spaziointeriore.com\/casaeditrice\/wp-json\/wp\/v2\/product_tag?post=2734"}],"curies":[{"name":"wp","href":"https:\/\/api.w.org\/{rel}","templated":true}]}}