{"id":2740,"date":"2020-10-03T07:39:03","date_gmt":"2020-10-03T07:39:03","guid":{"rendered":"https:\/\/spaziointeriore.com\/casaeditrice\/shop\/essere-cio-che-siamo\/"},"modified":"2020-10-03T07:39:03","modified_gmt":"2020-10-03T07:39:03","slug":"essere-cio-che-siamo","status":"publish","type":"product","link":"https:\/\/www.spaziointeriore.com\/casaeditrice\/catalogo\/essere-cio-che-siamo\/","title":{"rendered":"ESSERE CI\u00d2 CHE SIAMO"},"content":{"rendered":"<p>Capire che non c\u2019\u00e8 pi\u00f9 tempo per diventare ci\u00f2 che siamo: attraverso quest\u2019opera Carlo Dorofatti mostra infatti l\u2019urgenza di incarnare fin da subito ci\u00f2 che si \u00e8, senza pi\u00f9 attendere un Maestro o la salvezza. Crollata la fiducia nelle religioni, nella politica e nell\u2019etica, quello che resta \u00e8 l\u2019affinamento personale dello spirito. Nell\u2019interazione tra le antiche tradizioni sapienziali e le recenti scoperte sulla coscienza si palesa l\u2019esigenza di alimentarsi finalmente con un sano esoterismo; per fare ci\u00f2, diventa necessario eliminare dal pasto evolutivo tutta le dolcezze della New Age, autrice di scandalose scopiazzature dai grandi Maestri del passato, da cui sono state rubate soltanto le pietanze fast-food, ossia quelle pi\u00f9 semplici, comode e gradevoli da vedere. L\u2019Autore descrive, con precisione e leggerezza, strumenti per lo sviluppo armonico dell\u2019individuo, adatti a chiunque sia interessato a vivere, in una maniera sorprendentemente nuova, la quotidiana discesa nel mondo.<\/p>\n<p><em>\u00ab\u00c8 bello voler creare e condividere opportunit\u00e0 sane, nuove e stimolanti, ma l\u2019individuo \u00e8, e deve rimanere, sempre al centro: protagonista responsabile, maestro e guaritore di se stesso, apprendista umile e intelligente, ricercatore libero e autodeterminato, unico e ultimo giudice di se stesso. Si parla tanto di Nuovo Ordine Mondiale: ebbene io sono per un nuovo ordine personale. Abbiamo bisogno, prima di tutto, di rientrare in noi stessi per creare le condizioni di un radicale risveglio (o forse ripristino?) dei valori umani e naturali. Dobbiamo uscire dai reiterati cicli dell\u2019illusione: non una Nuova Era, una New Age, ma una Non-Age!\u00bb<\/em><\/p>\n","protected":false},"excerpt":{"rendered":"<p>Capire che non c&#8217;\u00e8 pi\u00f9 tempo per diventare ci\u00f2 che siamo: attraverso quest&#8217;opera Carlo Dorofatti mostra infatti l&#8217;urgenza di incarnare fin da subito ci\u00f2 che si \u00e8, senza pi\u00f9 attendere un Maestro o la salvezza. Crollata la fiducia nelle religioni, nella politica e nell&#8217;etica, quello che resta \u00e8 l&#8217;affinamento personale dello spirito<\/p>\n","protected":false},"featured_media":3743,"template":"","meta":{"_acf_changed":false},"product_brand":[],"product_cat":[172,227,140,90,93],"product_tag":[],"class_list":{"0":"post-2740","1":"product","2":"type-product","3":"status-publish","4":"has-post-thumbnail","6":"product_cat-carlo-dorofatti-cat","7":"product_cat-esoterismo-cat","8":"product_cat-lanterne","9":"product_cat-ricerca-interiore-cat","10":"product_cat-sessualita-cat","12":"first","13":"instock","14":"shipping-taxable","15":"purchasable","16":"product-type-simple"},"acf":[],"_links":{"self":[{"href":"https:\/\/www.spaziointeriore.com\/casaeditrice\/wp-json\/wp\/v2\/product\/2740","targetHints":{"allow":["GET"]}}],"collection":[{"href":"https:\/\/www.spaziointeriore.com\/casaeditrice\/wp-json\/wp\/v2\/product"}],"about":[{"href":"https:\/\/www.spaziointeriore.com\/casaeditrice\/wp-json\/wp\/v2\/types\/product"}],"wp:featuredmedia":[{"embeddable":true,"href":"https:\/\/www.spaziointeriore.com\/casaeditrice\/wp-json\/wp\/v2\/media\/3743"}],"wp:attachment":[{"href":"https:\/\/www.spaziointeriore.com\/casaeditrice\/wp-json\/wp\/v2\/media?parent=2740"}],"wp:term":[{"taxonomy":"product_brand","embeddable":true,"href":"https:\/\/www.spaziointeriore.com\/casaeditrice\/wp-json\/wp\/v2\/product_brand?post=2740"},{"taxonomy":"product_cat","embeddable":true,"href":"https:\/\/www.spaziointeriore.com\/casaeditrice\/wp-json\/wp\/v2\/product_cat?post=2740"},{"taxonomy":"product_tag","embeddable":true,"href":"https:\/\/www.spaziointeriore.com\/casaeditrice\/wp-json\/wp\/v2\/product_tag?post=2740"}],"curies":[{"name":"wp","href":"https:\/\/api.w.org\/{rel}","templated":true}]}}