{"id":2743,"date":"2020-10-03T07:39:03","date_gmt":"2020-10-03T07:39:03","guid":{"rendered":"https:\/\/spaziointeriore.com\/casaeditrice\/shop\/no-time-for-karma\/"},"modified":"2026-03-24T08:24:34","modified_gmt":"2026-03-24T08:24:34","slug":"no-time-for-karma","status":"publish","type":"product","link":"https:\/\/www.spaziointeriore.com\/casaeditrice\/catalogo\/no-time-for-karma\/","title":{"rendered":"NO TIME FOR KARMA"},"content":{"rendered":"<p>Uscire dalla ruota del dolore e del conflitto, mettere in discussione le millenarie nozioni di karma, peccato, di possibile e impossibile, ridurre il limite tra il visibile e l&#8217;invisibile. Sono solo alcuni degli argomenti trattati in questo testo unico nel suo genere. Un lungo viaggio che ci porter\u00e0 a toccare con mano l&#8217;energia evolutiva dell&#8217;era dell&#8217;Acquario e a esplorare le nostre potenzialit\u00e0 come esseri dotati di potere psichico e di creatori di realt\u00e0. Frutto della raccolta di appunti provenienti da numerose conferenze e dall&#8217;esperienza di vita di Paxton Robey, ingegnere americano appassionato di spiritualit\u00e0 e metafisica, No Time For Karma arriva per la prima volta in questa nuova veste cartacea, dopo anni di presenza sul web, a mostrarci un possibile modo di mettere fine alla sofferenza umana. Da Un corso in miracoli ad Abraham Hicks, passando per il Metodo Silva e il contatto con la propria guida interiore, Paxton Robey ci condurr\u00e0 gentilmente a realizzare che non esiste l&#8217;errore, non esiste un l\u00e0 fuori separato dalla nostra coscienza e soprattutto non c&#8217;\u00e8 niente che non abbiamo il potere di cambiare.<\/p>\n<p><em>\u00abIl sentiero delle autorit\u00e0 \u00e8 molto utile alla crescita dell\u2019anima, ma \u00e8 terribilmente lento. \u00c8 il sentiero chiamato karma. Invece il sentiero insegnato dai grandi maestri \u00e8 autopotenziante, illuminante, divertente e, soprattutto, conveniente. Se sei stanco di rapporti che non ti divertono, delle limitazioni finanziarie e fisiche, che non sono affatto divertenti, allora forse potresti essere pronto a dichiarare che non hai tempo per il karma. Per sbarazzarci del sentiero karmico e dirigerci direttamente verso la gioia, il divertimento, l\u2019entusiasmo e la pace interiore dobbiamo seguire il consiglio di Re Salomone: \u00abA costo di tutto ci\u00f2 che possiedi ottieni la comprensione\u00bb<\/em>.<\/p>\n<p><span style=\"color: #1a75bb;\"><a style=\"color: #1a75bb;\" href=\"https:\/\/www.spaziointeriore.com\/casaeditrice\/catalogo\/no-time-for-karma-nuova-edizione\/\"><strong>Vai alla nuova edizione di questo libro<\/strong><\/a><\/span><\/p>\n","protected":false},"excerpt":{"rendered":"<p>Un lungo viaggio che ci porter\u00e0 a toccare con mano l&#8217;energia evolutiva dell&#8217;Era dell&#8217;Acquario e a esplorare le nostre potenzialit\u00e0 come esseri dotati di potere psichico e di creatori di realt\u00e0. Da Un corso in miracoli ad Abraham Hicks, passando per il metodo Silva e il contatto con la propria guida interiore, Paxton Robey ci condurr\u00e0 gentilmente a realizzare che non esiste l&#8217;errore, non esiste un l\u00e0 fuori separato dalla nostra coscienza e soprattutto non c&#8217;\u00e8 niente che non abbiamo il potere di cambiare.<\/p>\n<p><span style=\"color: #1a75bb;\"><a style=\"color: #1a75bb;\" href=\"https:\/\/www.spaziointeriore.com\/casaeditrice\/catalogo\/no-time-for-karma-nuova-edizione\/\"><strong>Vai alla nuova edizione di questo libro<\/strong><\/a><\/span><\/p>\n","protected":false},"featured_media":3745,"template":"","meta":{"_acf_changed":false},"product_brand":[],"product_cat":[140,202,90],"product_tag":[],"class_list":{"0":"post-2743","1":"product","2":"type-product","3":"status-publish","4":"has-post-thumbnail","6":"product_cat-lanterne","7":"product_cat-paxton-robey-cat","8":"product_cat-ricerca-interiore-cat","10":"first","11":"instock","12":"shipping-taxable","13":"purchasable","14":"product-type-simple"},"acf":[],"_links":{"self":[{"href":"https:\/\/www.spaziointeriore.com\/casaeditrice\/wp-json\/wp\/v2\/product\/2743","targetHints":{"allow":["GET"]}}],"collection":[{"href":"https:\/\/www.spaziointeriore.com\/casaeditrice\/wp-json\/wp\/v2\/product"}],"about":[{"href":"https:\/\/www.spaziointeriore.com\/casaeditrice\/wp-json\/wp\/v2\/types\/product"}],"wp:featuredmedia":[{"embeddable":true,"href":"https:\/\/www.spaziointeriore.com\/casaeditrice\/wp-json\/wp\/v2\/media\/3745"}],"wp:attachment":[{"href":"https:\/\/www.spaziointeriore.com\/casaeditrice\/wp-json\/wp\/v2\/media?parent=2743"}],"wp:term":[{"taxonomy":"product_brand","embeddable":true,"href":"https:\/\/www.spaziointeriore.com\/casaeditrice\/wp-json\/wp\/v2\/product_brand?post=2743"},{"taxonomy":"product_cat","embeddable":true,"href":"https:\/\/www.spaziointeriore.com\/casaeditrice\/wp-json\/wp\/v2\/product_cat?post=2743"},{"taxonomy":"product_tag","embeddable":true,"href":"https:\/\/www.spaziointeriore.com\/casaeditrice\/wp-json\/wp\/v2\/product_tag?post=2743"}],"curies":[{"name":"wp","href":"https:\/\/api.w.org\/{rel}","templated":true}]}}