{"id":2749,"date":"2020-10-03T07:39:03","date_gmt":"2020-10-03T07:39:03","guid":{"rendered":"https:\/\/spaziointeriore.com\/casaeditrice\/shop\/il-sentiero-della-consapevolezza-e-della-scoperta-di-se\/"},"modified":"2022-02-07T15:34:18","modified_gmt":"2022-02-07T15:34:18","slug":"il-sentiero-della-consapevolezza-e-della-scoperta-di-se","status":"publish","type":"product","link":"https:\/\/www.spaziointeriore.com\/casaeditrice\/catalogo\/il-sentiero-della-consapevolezza-e-della-scoperta-di-se\/","title":{"rendered":"IL SENTIERO DELLA CONSAPEVOLEZZA E DELLA SCOPERTA DI S\u00c9"},"content":{"rendered":"<p>Con uno stile volutamente caleidoscopico, che passa dal riso alla commozione alla riflessione all\u2019intuizione illuminante, W. Samuel accompagna il lettore alla scoperta della consapevolezza di S\u00e9, e cio\u00e8 della propria vera identit\u00e0. Questo libro \u2013 che costituisce il complemento e l\u2019approfondimento di Guida alla consapevolezza e alla quiete profonda \u2013 \u00e8 destinato a coloro che davvero vogliono la pace della mente e per questo sono disposti ad abbandonare i vecchi punti di riferimento, in primis l\u2019ego e ogni forma di intellettualismo. Attraverso parole semplici ed efficaci, esempi, aneddoti, riflessioni, provocazioni e scambi epistolari, parlando attraverso quel \u201clinguaggio del cuore\u201d che lo contraddistingue, l\u2019autore letteralmente pungola il lettore, spingendolo a liberarsi dagli schemi, strutture e forme predeterminate in cui \u00e8 ingabbiato per dirigersi verso un Nuovo Mondo di Luce e Amore: \u00abSolo la Luce pu\u00f2 vedere la Luce. Ma noi siamo la Luce; siamo quindi assolutamente in grado di scoprire la nostra vera Identit\u00e0, e di viverla\u00bb.<\/p>\n<p><em>\u00abGentile lettore, un libro che parla dell\u2019Assoluto non pu\u00f2 contenere nulla di ordinario. Non \u00e8 possibile leggere o scrivere la Verit\u00e0 senza mettere in discussione molti valori umani, il che non \u00e8 affatto facile per la nostra vecchia natura. L\u2019Assoluto richiede una nuova visione. E non solo: tale visione deve provenire da un S\u00e9 concepito in modo completamente nuovo, un\u2019identit\u00e0 del tutto diversa da quella che per una vita intera abbiamo sviluppato, istruito e perfezionato. Di certo la Luce dell\u2019Identit\u00e0 non pu\u00f2 essere vista dall\u2019ego, da quel senso personale del s\u00e9 che ci fa sentire terribilmente a disagio oppure, al contrario, fin troppo a nostro agio, autocompiaciuti e inconsciamente accecati. Spesso \u00e8 proprio il disagio che ci spinge a cercare Quello che, come ci suggerisce il cuore, deve sicuramente esistere.<br \/>\nSolo la Luce pu\u00f2 vedere la Luce. Ma noi <em>siamo <\/em>la Luce; siamo quindi assolutamente in grado di scoprire la nostra vera Identit\u00e0, e di viverla.<br \/>\nIn realt\u00e0, esiste solamente una Storia di Consapevolezza che si possa raccontare, qui o in qualunque altro posto. La tua. Questa storia \u00e8 il \u201cqui e ora\u201d che stai sperimentando adesso, mentre leggi queste parole. Lo ripeto: \u00e8 la <em>Consapevolezza dell\u2019Assoluto<\/em>, la Consapevolezza della scoperta di S\u00e9, che legge queste parole. Noi non siamo mai stati altro. Perci\u00f2, questo libro riguarda la tua <em>identit\u00e0<\/em>: la consapevolezza che Dio ha di se stesso, che \u00e8 \u201cte\u201d, che \u00e8 \u201cme\u201d, che \u00e8 l\u2019Unico. Felice e profonda lettura, e felice scoperta del S\u00e9!\u00bb<\/em><\/p>\n","protected":false},"excerpt":{"rendered":"<p>Con uno stile volutamente caleidoscopico, che passa dal riso alla commozione alla riflessione all&#8217;intuizione illuminante, W.  Samuel accompagna il lettore alla scoperta della consapevolezza di S\u00e9, e cio\u00e8 della propria vera identit\u00e0. Questo libro &#8212; che costituisce il complemento e l&#8217;approfondimento di Guida alla consapevolezza e alla quiete profonda &#8212; \u00e8 destinato a coloro che davvero vogliono la pace della mente e per questo sono disposti ad abbandonare i vecchi punti di riferimento, in primis l&#8217;ego e ogni forma di intellettualismo.<\/p>\n","protected":false},"featured_media":3749,"template":"","meta":{"_acf_changed":false},"product_brand":[],"product_cat":[140,90,205],"product_tag":[],"class_list":{"0":"post-2749","1":"product","2":"type-product","3":"status-publish","4":"has-post-thumbnail","6":"product_cat-lanterne","7":"product_cat-ricerca-interiore-cat","8":"product_cat-william-samuel-cat","10":"first","11":"instock","12":"shipping-taxable","13":"purchasable","14":"product-type-simple"},"acf":[],"_links":{"self":[{"href":"https:\/\/www.spaziointeriore.com\/casaeditrice\/wp-json\/wp\/v2\/product\/2749","targetHints":{"allow":["GET"]}}],"collection":[{"href":"https:\/\/www.spaziointeriore.com\/casaeditrice\/wp-json\/wp\/v2\/product"}],"about":[{"href":"https:\/\/www.spaziointeriore.com\/casaeditrice\/wp-json\/wp\/v2\/types\/product"}],"wp:featuredmedia":[{"embeddable":true,"href":"https:\/\/www.spaziointeriore.com\/casaeditrice\/wp-json\/wp\/v2\/media\/3749"}],"wp:attachment":[{"href":"https:\/\/www.spaziointeriore.com\/casaeditrice\/wp-json\/wp\/v2\/media?parent=2749"}],"wp:term":[{"taxonomy":"product_brand","embeddable":true,"href":"https:\/\/www.spaziointeriore.com\/casaeditrice\/wp-json\/wp\/v2\/product_brand?post=2749"},{"taxonomy":"product_cat","embeddable":true,"href":"https:\/\/www.spaziointeriore.com\/casaeditrice\/wp-json\/wp\/v2\/product_cat?post=2749"},{"taxonomy":"product_tag","embeddable":true,"href":"https:\/\/www.spaziointeriore.com\/casaeditrice\/wp-json\/wp\/v2\/product_tag?post=2749"}],"curies":[{"name":"wp","href":"https:\/\/api.w.org\/{rel}","templated":true}]}}