{"id":2758,"date":"2020-10-03T07:39:03","date_gmt":"2020-10-03T07:39:03","guid":{"rendered":"https:\/\/spaziointeriore.com\/casaeditrice\/shop\/la-via-della-forza\/"},"modified":"2022-06-28T14:26:58","modified_gmt":"2022-06-28T14:26:58","slug":"la-via-della-forza","status":"publish","type":"product","link":"https:\/\/www.spaziointeriore.com\/casaeditrice\/catalogo\/la-via-della-forza\/","title":{"rendered":"LA VIA DELLA FORZA"},"content":{"rendered":"<p>La via della forza \u00e8 la via verso la propria grandezza, lungo la quale le aspirazioni spirituali, la messa in opera dei propri talenti e il servire gli altri si uniscono in un unico percorso ricco di avventure e tranelli. I maghi erranti, i ricercatori spirituali, i jedi, i supereroi e i protagonisti di innumerevoli libri e fumetti sono simbolicamente lo stesso tipo di figura, la stessa energia: sono persone che cercano di crescere e realizzare qualcosa di pi\u00f9 grande nella propria vita, al pari di ogni singolo essere umano che sia ardentemente impegnato nella sfida della propria crescita interiore.  L\u2019epopea eroica di tali personaggi, le loro battaglie, vittorie, sconfitte e paure, si rivelano quindi parte integrante dell\u2019esperienza di vita del singolo lettore, che torna a essere il vero protagonista della saga della sua esistenza, riscoprendo \u2013 nell\u2019umana esperienza della vita quotidiana \u2013 la sua componente eroica, costantemente e continuamente chiamata a scegliere fra il lato chiaro e il lato oscuro della propria forza.<\/p>\n<p><em>\u00abIl sogno di possedere e usare la \u201cforza\u201d, un potere magico, la capacit\u00e0 di muovere le cose e gli eventi, \u00e8 sempre rimasto nel cassetto di ogni ragazzino. Credo che molti dei poteri cui si accenna nella letteratura fantastica e nei fumetti dei supereroi, cos\u00ec come lo stesso concetto di forza, siano tentativi di descrivere capacit\u00e0 che l&#8217;essere umano sa di possedere davvero, sepolte da qualche parte nel suo inconscio. Prima o poi, quale che sia il percorso scelto, si arriva a fare un\u2019esperienza diretta del \u201ccampo di forza\u201d in cui siamo immersi (o, meglio ancora, che noi stessi siamo) e di come esso funzioni, perch\u00e9 questo campo esiste. Ho scoperto negli anni che esiste in verit\u00e0 una \u201cvia della forza\u201d. Questa via \u00e8 tangibile e replicabile. \u00c8 una via che include la spiritualit\u00e0, la mistica, la magia, l\u2019arte di cambiare e di crescere, ed \u00e8 anche quella via che racconta come affrontare e risolvere il proprio lato oscuro\u00bb<\/em>.<\/p>\n","protected":false},"excerpt":{"rendered":"<p>Andrea Panatta, con il suo stile diretto e coinvolgente, ci accompagna nelle &#8220;guerre stellari&#8221; che ciascun individuo vive in prima persona nel corso della sua evoluzione interiore, mostrandoci come siamo tutti chiamati a scegliere, nella vita quotidiana, tra il lato chiaro e il lato oscuro della forza.<\/p>\n","protected":false},"featured_media":3755,"template":"","meta":{"_acf_changed":false},"product_brand":[],"product_cat":[153,68,90],"product_tag":[],"class_list":{"0":"post-2758","1":"product","2":"type-product","3":"status-publish","4":"has-post-thumbnail","6":"product_cat-andrea-panatta-cat","7":"product_cat-nonordinari","8":"product_cat-ricerca-interiore-cat","10":"first","11":"instock","12":"shipping-taxable","13":"purchasable","14":"product-type-simple"},"acf":[],"_links":{"self":[{"href":"https:\/\/www.spaziointeriore.com\/casaeditrice\/wp-json\/wp\/v2\/product\/2758","targetHints":{"allow":["GET"]}}],"collection":[{"href":"https:\/\/www.spaziointeriore.com\/casaeditrice\/wp-json\/wp\/v2\/product"}],"about":[{"href":"https:\/\/www.spaziointeriore.com\/casaeditrice\/wp-json\/wp\/v2\/types\/product"}],"wp:featuredmedia":[{"embeddable":true,"href":"https:\/\/www.spaziointeriore.com\/casaeditrice\/wp-json\/wp\/v2\/media\/3755"}],"wp:attachment":[{"href":"https:\/\/www.spaziointeriore.com\/casaeditrice\/wp-json\/wp\/v2\/media?parent=2758"}],"wp:term":[{"taxonomy":"product_brand","embeddable":true,"href":"https:\/\/www.spaziointeriore.com\/casaeditrice\/wp-json\/wp\/v2\/product_brand?post=2758"},{"taxonomy":"product_cat","embeddable":true,"href":"https:\/\/www.spaziointeriore.com\/casaeditrice\/wp-json\/wp\/v2\/product_cat?post=2758"},{"taxonomy":"product_tag","embeddable":true,"href":"https:\/\/www.spaziointeriore.com\/casaeditrice\/wp-json\/wp\/v2\/product_tag?post=2758"}],"curies":[{"name":"wp","href":"https:\/\/api.w.org\/{rel}","templated":true}]}}