{"id":2763,"date":"2020-10-03T07:39:03","date_gmt":"2020-10-03T07:39:03","guid":{"rendered":"https:\/\/spaziointeriore.com\/casaeditrice\/shop\/kambo\/"},"modified":"2023-10-19T09:37:11","modified_gmt":"2023-10-19T09:37:11","slug":"kambo","status":"publish","type":"product","link":"https:\/\/www.spaziointeriore.com\/casaeditrice\/catalogo\/kambo\/","title":{"rendered":"KAMBO"},"content":{"rendered":"<p>Nel cuore dell\u2019Amazzonia peruviana l\u2019esploratore e giornalista americano Peter Gorman entra in contatto con la misteriosa cultura degli Indios Mats\u00e9s, documentando usi e tradizioni di un mondo lontanissimo dalla civilt\u00e0 occidentale, un luogo remoto in cui uomo e natura vivono in profonda, talvolta incomprensibile, comunione. Il Mats\u00e9s Pablo introduce l\u2019autore alla purificazione del kambo o sapo \u2013 un \u201cveleno\u201d secreto dalla pelle della rana Phyllomedusa bicolor \u2013 che gli indigeni assumono come medicina e sostanza sacra per rafforzare corpo e spirito, e ad altre medicine ancestrali come il rap\u00e8 e l\u2019ayahuasca. Con uno stile giornalistico ravvivato da momenti di intensa poesia, le parole di Gorman accompagnano il lettore in un viaggio indimenticabile nel cuore dell\u2019Amazzonia, alla scoperta di tradizioni ataviche e della magica scienza del kambo, fornendo accurate informazioni sul suo utilizzo, anche in combinazione con ayahuasca e rap\u00e8. Un incontro ravvicinato con la rana magica e con le pi\u00f9 antiche medicine ancestrali della foresta che, nella loro danza congiunta, ci ricordano l\u2019immensa generosit\u00e0 della natura nei confronti dell\u2019essere umano.<\/p>\n<p><em>\u00ab\u00c8 interessante il fatto che in questo momento dell&#8217;evoluzione del pianeta si parli tanto del sapo\/kambo e della sua potente medicina, apprezzata \u2013 tra le altre cose \u2013 perch\u00e9 intensifica e migliora la capacit\u00e0 di reagire a una situazione di pericolo apportando maggiore lucidit\u00e0. \u00c8 solo l&#8217;ennesimo esempio di come la rana riesca a infondere calma e armonizzare gli opposti, qualit\u00e0 di particolare valore in un&#8217;era, come la nostra, segnata da crisi ecologica\u00bb<\/em>.<\/p>\n","protected":false},"excerpt":{"rendered":"<p>Nel cuore dell&#8217;Amazzonia peruviana l&#8217;esploratore e giornalista americano Peter Gorman entra in contatto con la misteriosa cultura degli Indios Mats\u00e9s, documentando usi e tradizioni di un mondo lontanissimo dalla civilt\u00e0 occidentale, un luogo remoto in cui uomo e natura vivono in profonda, talvolta incomprensibile, comunione.<\/p>\n","protected":false},"featured_media":3759,"template":"","meta":{"_acf_changed":false},"product_brand":[],"product_cat":[149,68,177,229,230],"product_tag":[],"class_list":{"0":"post-2763","1":"product","2":"type-product","3":"status-publish","4":"has-post-thumbnail","6":"product_cat-letteratura-di-risveglio-cat","7":"product_cat-nonordinari","8":"product_cat-peter-gorman-cat","9":"product_cat-piante-sacre-cat","10":"product_cat-sciamanesimo-cat","12":"first","13":"instock","14":"shipping-taxable","15":"purchasable","16":"product-type-simple"},"acf":[],"_links":{"self":[{"href":"https:\/\/www.spaziointeriore.com\/casaeditrice\/wp-json\/wp\/v2\/product\/2763","targetHints":{"allow":["GET"]}}],"collection":[{"href":"https:\/\/www.spaziointeriore.com\/casaeditrice\/wp-json\/wp\/v2\/product"}],"about":[{"href":"https:\/\/www.spaziointeriore.com\/casaeditrice\/wp-json\/wp\/v2\/types\/product"}],"wp:featuredmedia":[{"embeddable":true,"href":"https:\/\/www.spaziointeriore.com\/casaeditrice\/wp-json\/wp\/v2\/media\/3759"}],"wp:attachment":[{"href":"https:\/\/www.spaziointeriore.com\/casaeditrice\/wp-json\/wp\/v2\/media?parent=2763"}],"wp:term":[{"taxonomy":"product_brand","embeddable":true,"href":"https:\/\/www.spaziointeriore.com\/casaeditrice\/wp-json\/wp\/v2\/product_brand?post=2763"},{"taxonomy":"product_cat","embeddable":true,"href":"https:\/\/www.spaziointeriore.com\/casaeditrice\/wp-json\/wp\/v2\/product_cat?post=2763"},{"taxonomy":"product_tag","embeddable":true,"href":"https:\/\/www.spaziointeriore.com\/casaeditrice\/wp-json\/wp\/v2\/product_tag?post=2763"}],"curies":[{"name":"wp","href":"https:\/\/api.w.org\/{rel}","templated":true}]}}