{"id":2778,"date":"2020-10-03T07:39:04","date_gmt":"2020-10-03T07:39:04","guid":{"rendered":"https:\/\/spaziointeriore.com\/casaeditrice\/shop\/incarnazione\/"},"modified":"2020-10-03T07:39:04","modified_gmt":"2020-10-03T07:39:04","slug":"incarnazione","status":"publish","type":"product","link":"https:\/\/www.spaziointeriore.com\/casaeditrice\/catalogo\/incarnazione\/","title":{"rendered":"INCARNAZIONE"},"content":{"rendered":"<p>Sebastian \u00e8 un\u2019anima che studia su Sirio all\u2019Universit\u00e0 dell\u2019Incarnazione. Sceglie di incarnarsi su Terra per sciogliere un antico nodo denominato \u201cautocontrollo estremo\u201d. Dopo la firma del Contratto di Incarnazione, il saluto ai compagni di corso e alla sua donna, parte dalla stella e arriva a visualizzare il momento del suo concepimento. Vivr\u00e0 tutti i traumi e le difficolt\u00e0 della materia densa, a cominciare dalla gestazione e dal parto. Crescendo dimenticher\u00e0 da dove realmente proviene, dimenticher\u00e0 i suoi amici e il suo amore. Su Terra comincer\u00e0 a sperimentare tutta la bellezza e i limiti dell\u2019ego umano descrivendo una vita in salita, ma solo perch\u00e9 \u00e8 destinato ad arrivare \u2013 tornare \u2013 in alto. Il protagonista affronter\u00e0 le vicissitudini quotidiane, il rapporto con la madre, con la societ\u00e0 e con le persone attraverso emozioni altalenanti, in un susseguirsi di sorprese e scoperte che coinvolgono il lettore come fosse la sua storia personale.<\/p>\n<p><em>\u00abLa prima cosa che dimenticherai su terra sar\u00e0 chi sei e da dove vieni. Il corpo che ti verr\u00e0 affidato sar\u00e0 perfetto per ci\u00f2 che dovrai vivere. Ogni esperienza, ogni persona, ogni cosa che incontrerai sul tuo cammino\u2026 sar\u00e0 stata una tua scelta\u00bb<\/em>.<\/p>\n","protected":false},"excerpt":{"rendered":"<p>Sebastian \u00e8 un&#8217;anima che studia su Sirio all&#8217;Universit\u00e0 dell&#8217;Incarnazione. Sceglie di incarnarsi su Terra per sciogliere un antico nodo denominato &#8220;autocontrollo estremo&#8221;. Dopo la firma del Contratto di Incarnazione, il saluto ai compagni di corso e alla sua donna, parte dalla stella e arriva a visualizzare il momento del suo concepimento. Vivr\u00e0 tutti i traumi e le difficolt\u00e0 della materia densa, a cominciare dalla gestazione e dal parto. Crescendo dimenticher\u00e0 da dove realmente proviene, dimenticher\u00e0 i suoi amici e il suo amore.<\/p>\n","protected":false},"featured_media":3769,"template":"","meta":{"_acf_changed":false},"product_brand":[],"product_cat":[199,149,68],"product_tag":[],"class_list":{"0":"post-2778","1":"product","2":"type-product","3":"status-publish","4":"has-post-thumbnail","6":"product_cat-andrea-pietrangeli-cat","7":"product_cat-letteratura-di-risveglio-cat","8":"product_cat-nonordinari","10":"first","11":"instock","12":"shipping-taxable","13":"purchasable","14":"product-type-simple"},"acf":[],"_links":{"self":[{"href":"https:\/\/www.spaziointeriore.com\/casaeditrice\/wp-json\/wp\/v2\/product\/2778","targetHints":{"allow":["GET"]}}],"collection":[{"href":"https:\/\/www.spaziointeriore.com\/casaeditrice\/wp-json\/wp\/v2\/product"}],"about":[{"href":"https:\/\/www.spaziointeriore.com\/casaeditrice\/wp-json\/wp\/v2\/types\/product"}],"wp:featuredmedia":[{"embeddable":true,"href":"https:\/\/www.spaziointeriore.com\/casaeditrice\/wp-json\/wp\/v2\/media\/3769"}],"wp:attachment":[{"href":"https:\/\/www.spaziointeriore.com\/casaeditrice\/wp-json\/wp\/v2\/media?parent=2778"}],"wp:term":[{"taxonomy":"product_brand","embeddable":true,"href":"https:\/\/www.spaziointeriore.com\/casaeditrice\/wp-json\/wp\/v2\/product_brand?post=2778"},{"taxonomy":"product_cat","embeddable":true,"href":"https:\/\/www.spaziointeriore.com\/casaeditrice\/wp-json\/wp\/v2\/product_cat?post=2778"},{"taxonomy":"product_tag","embeddable":true,"href":"https:\/\/www.spaziointeriore.com\/casaeditrice\/wp-json\/wp\/v2\/product_tag?post=2778"}],"curies":[{"name":"wp","href":"https:\/\/api.w.org\/{rel}","templated":true}]}}