{"id":2784,"date":"2020-10-03T07:39:04","date_gmt":"2020-10-03T07:39:04","guid":{"rendered":"https:\/\/spaziointeriore.com\/casaeditrice\/shop\/nuove-frontiere-della-psicoterapia\/"},"modified":"2020-10-03T07:39:04","modified_gmt":"2020-10-03T07:39:04","slug":"nuove-frontiere-della-psicoterapia","status":"publish","type":"product","link":"https:\/\/www.spaziointeriore.com\/casaeditrice\/catalogo\/nuove-frontiere-della-psicoterapia\/","title":{"rendered":"NUOVE FRONTIERE DELLA PSICOTERAPIA"},"content":{"rendered":"<p>Scritto a partire da una conversazione fra Leo Zeff e Myron J. Stolaroff, due pionieri della terapia psichedelica, questo libro \u00e8 una testimonianza, viva e toccante, dell\u2019amore per gli stati non ordinari di coscienza e per il loro valore terapeutico. A partire dagli anni \u201960, Leo Zeff ha utilizzato con i suoi pazienti un\u2019ampia variet\u00e0 di psichedelici, fra cui lsd, funghi sacri, mescalina, mda, mdma, armalina (alcaloide contenuto nell\u2019ayahuasca) e ibogaina, ognuno dei quali porta a fare esperienza di mondi distinti dell\u2019essere, sviluppando metodi innovativi per il loro utilizzo in ambito clinico. Con i contributi originali di Stanislav Grof, Claudio Naranjo, Albert Hoffman, Alexander T. Shulgin.<\/p>\n<p><em>\u00abMolti di noi sono spaventati da ci\u00f2 che provano, cos\u00ec la parte oscura del nostro inconscio \u00e8 satura dei sentimenti che non abbiamo il coraggio di provare. Per\u00f2, una volta che impariamo come contattarli ed esprimerli, abbiamo modo di sperimentare quanto una loro genuina e sana manifestazione porti con s\u00e9 il piacere di sentirsi pienamente vivi\u00bb<\/em>.<\/p>\n","protected":false},"excerpt":{"rendered":"<p>Scritto a partire da una conversazione fra Leo Zeff e Myron J. Stolaroff, due pionieri della terapia psichedelica, questo libro \u00e8 una testimonianza, viva e toccante, dell&#8217;amore per gli stati non ordinari di coscienza e per il loro valore terapeutico.<\/p>\n","protected":false},"featured_media":3773,"template":"","meta":{"_acf_changed":false},"product_brand":[],"product_cat":[215,68,91,89],"product_tag":[],"class_list":{"0":"post-2784","1":"product","2":"type-product","3":"status-publish","4":"has-post-thumbnail","6":"product_cat-myron-j-stolaroff-cat","7":"product_cat-nonordinari","8":"product_cat-psichedelia-cat","9":"product_cat-psicologia-transpersonale-cat","11":"first","12":"instock","13":"shipping-taxable","14":"purchasable","15":"product-type-simple"},"acf":[],"_links":{"self":[{"href":"https:\/\/www.spaziointeriore.com\/casaeditrice\/wp-json\/wp\/v2\/product\/2784","targetHints":{"allow":["GET"]}}],"collection":[{"href":"https:\/\/www.spaziointeriore.com\/casaeditrice\/wp-json\/wp\/v2\/product"}],"about":[{"href":"https:\/\/www.spaziointeriore.com\/casaeditrice\/wp-json\/wp\/v2\/types\/product"}],"wp:featuredmedia":[{"embeddable":true,"href":"https:\/\/www.spaziointeriore.com\/casaeditrice\/wp-json\/wp\/v2\/media\/3773"}],"wp:attachment":[{"href":"https:\/\/www.spaziointeriore.com\/casaeditrice\/wp-json\/wp\/v2\/media?parent=2784"}],"wp:term":[{"taxonomy":"product_brand","embeddable":true,"href":"https:\/\/www.spaziointeriore.com\/casaeditrice\/wp-json\/wp\/v2\/product_brand?post=2784"},{"taxonomy":"product_cat","embeddable":true,"href":"https:\/\/www.spaziointeriore.com\/casaeditrice\/wp-json\/wp\/v2\/product_cat?post=2784"},{"taxonomy":"product_tag","embeddable":true,"href":"https:\/\/www.spaziointeriore.com\/casaeditrice\/wp-json\/wp\/v2\/product_tag?post=2784"}],"curies":[{"name":"wp","href":"https:\/\/api.w.org\/{rel}","templated":true}]}}