{"id":2813,"date":"2020-10-03T07:39:34","date_gmt":"2020-10-03T07:39:34","guid":{"rendered":"https:\/\/spaziointeriore.com\/casaeditrice\/shop\/libro-americano-dei-morti\/"},"modified":"2024-05-14T13:24:45","modified_gmt":"2024-05-14T13:24:45","slug":"libro-americano-dei-morti","status":"publish","type":"product","link":"https:\/\/www.spaziointeriore.com\/casaeditrice\/catalogo\/libro-americano-dei-morti\/","title":{"rendered":"LIBRO AMERICANO DEI MORTI"},"content":{"rendered":"<p>Con oltre 150.000 copie vendute, quest\u2019opera di E.J. Gold porta l\u2019insegnamento intramontabile del Bardo tibetano nel linguaggio e nella cultura occidentale contemporanei. Con i contributi di Claudio Naranjo, John Lilly e Salvatore Brizzi, questo libro \u00e8 uno strumento fondamentale per fornire un servizio spirituale al morente, sostituendo il lutto e l\u2019afflizione per il passaggio del defunto. La pratica, totalmente aconfessionale, \u00e8 molto semplice: si tratta di un programma di 49 giorni di letture lunghe tra i 10 e i 20 minuti. Il libro \u00e8 stato costantemente ripubblicato in America dal 1974 in varie edizioni, utilizzato in corsi universitari sulla morte e sul morire e adottato in ospizi e ospedali di tutto il mondo. \u00c8 stato tradotto in pi\u00f9 di 15 paesi, ed \u00e8 ormai considerato un classico.<\/p>\n<p><em>\u00abTutto lo sforzo per svegliarsi \u00e8 semplicemente un altro di quei giochi mentali progettati per mantenere il sonno. Non c\u2019\u00e8 alcuno sforzo che necessita di essere fatto per svegliarsi. Di fatto, \u00e8 proprio il contrario\u00bb<\/em>.<\/p>\n","protected":false},"excerpt":{"rendered":"<p>Con oltre 150.000 copie vendute, quest&#8217;opera di E.J. Gold porta l&#8217;insegnamento intramontabile del Bardo tibetano nel linguaggio e nella cultura occidentale contemporanei.<\/p>\n","protected":false},"featured_media":3795,"template":"","meta":{"_acf_changed":false},"product_brand":[],"product_cat":[86,175,68,90],"product_tag":[],"class_list":{"0":"post-2813","1":"product","2":"type-product","3":"status-publish","4":"has-post-thumbnail","6":"product_cat-dimensioni-della-coscienza-cat","7":"product_cat-ej-gold-cat","8":"product_cat-nonordinari","9":"product_cat-ricerca-interiore-cat","11":"first","12":"instock","13":"shipping-taxable","14":"purchasable","15":"product-type-simple"},"acf":[],"_links":{"self":[{"href":"https:\/\/www.spaziointeriore.com\/casaeditrice\/wp-json\/wp\/v2\/product\/2813","targetHints":{"allow":["GET"]}}],"collection":[{"href":"https:\/\/www.spaziointeriore.com\/casaeditrice\/wp-json\/wp\/v2\/product"}],"about":[{"href":"https:\/\/www.spaziointeriore.com\/casaeditrice\/wp-json\/wp\/v2\/types\/product"}],"wp:featuredmedia":[{"embeddable":true,"href":"https:\/\/www.spaziointeriore.com\/casaeditrice\/wp-json\/wp\/v2\/media\/3795"}],"wp:attachment":[{"href":"https:\/\/www.spaziointeriore.com\/casaeditrice\/wp-json\/wp\/v2\/media?parent=2813"}],"wp:term":[{"taxonomy":"product_brand","embeddable":true,"href":"https:\/\/www.spaziointeriore.com\/casaeditrice\/wp-json\/wp\/v2\/product_brand?post=2813"},{"taxonomy":"product_cat","embeddable":true,"href":"https:\/\/www.spaziointeriore.com\/casaeditrice\/wp-json\/wp\/v2\/product_cat?post=2813"},{"taxonomy":"product_tag","embeddable":true,"href":"https:\/\/www.spaziointeriore.com\/casaeditrice\/wp-json\/wp\/v2\/product_tag?post=2813"}],"curies":[{"name":"wp","href":"https:\/\/api.w.org\/{rel}","templated":true}]}}