{"id":2816,"date":"2020-10-03T07:39:35","date_gmt":"2020-10-03T07:39:35","guid":{"rendered":"https:\/\/spaziointeriore.com\/casaeditrice\/shop\/rievoluzione\/"},"modified":"2022-06-28T14:35:53","modified_gmt":"2022-06-28T14:35:53","slug":"rievoluzione","status":"publish","type":"product","link":"https:\/\/www.spaziointeriore.com\/casaeditrice\/catalogo\/rievoluzione\/","title":{"rendered":"RIEVOLUZIONE"},"content":{"rendered":"<p>Carlo Liberti \u00e8 un grafico trentenne, libero professionista e amante delle donne. Ha un rifiuto innato nei confronti dell\u2019autorit\u00e0 e disprezza tutte le istituzioni, eppure la sua esistenza \u00e8 uguale a quella di chiunque altro. Poi un giorno incontra Mario, una sorta di grillo parlante settantanovenne che inizia a parlargli di simboli, Vangeli, nemici della mente, numeri e immagini ricorrenti. Carlo inizia cos\u00ec a scoprire che la realt\u00e0 intorno a lui \u00e8 diversa da come aveva sempre immaginato, che \u00e8 intessuta di opportunit\u00e0 e segnali-guida. Impara cos\u00ec a riconoscere i condizionamenti e gli schemi che gli hanno impedito di diventare se stesso, e inizia a romperli uno alla volta. Il suo percorso di rievoluzione \u00e8 costantemente accompagnato dalle canzoni dei Pink Floyd, il cui contenuto esoterico diventa sempre pi\u00f9 chiaro nel corso del romanzo.<\/p>\n<p><em>\u00abQuello che sembra certo \u00e8 che siamo tutti legati da fili invisibili, immersi in un gioco che va scoperto giorno per giorno. La nostra verit\u00e0 ci viene continuamente raccontata da persone che non la conoscono, ma potremmo non accorgercene mai\u00bb<\/em>.<\/p>\n","protected":false},"excerpt":{"rendered":"<p>Carlo Liberti \u00e8 un grafico trentenne, libero professionista e amante delle donne. Ha un rifiuto innato nei confronti dell&#8217;autorit\u00e0 e disprezza tutte le istituzioni, eppure la sua esistenza \u00e8 uguale a quella di chiunque altro. Poi un giorno incontra Mario, una sorta di grillo parlante settantanovenne che inizia a parlargli di simboli, Vangeli, nemici della mente, numeri e immagini ricorrenti. Carlo inizia cos\u00ec a scoprire che la realt\u00e0 intorno a lui \u00e8 diversa da come aveva sempre immaginato<\/p>\n","protected":false},"featured_media":3797,"template":"","meta":{"_acf_changed":false},"product_brand":[],"product_cat":[199,149,68],"product_tag":[],"class_list":{"0":"post-2816","1":"product","2":"type-product","3":"status-publish","4":"has-post-thumbnail","6":"product_cat-andrea-pietrangeli-cat","7":"product_cat-letteratura-di-risveglio-cat","8":"product_cat-nonordinari","10":"first","11":"instock","12":"shipping-taxable","13":"purchasable","14":"product-type-simple"},"acf":[],"_links":{"self":[{"href":"https:\/\/www.spaziointeriore.com\/casaeditrice\/wp-json\/wp\/v2\/product\/2816","targetHints":{"allow":["GET"]}}],"collection":[{"href":"https:\/\/www.spaziointeriore.com\/casaeditrice\/wp-json\/wp\/v2\/product"}],"about":[{"href":"https:\/\/www.spaziointeriore.com\/casaeditrice\/wp-json\/wp\/v2\/types\/product"}],"wp:featuredmedia":[{"embeddable":true,"href":"https:\/\/www.spaziointeriore.com\/casaeditrice\/wp-json\/wp\/v2\/media\/3797"}],"wp:attachment":[{"href":"https:\/\/www.spaziointeriore.com\/casaeditrice\/wp-json\/wp\/v2\/media?parent=2816"}],"wp:term":[{"taxonomy":"product_brand","embeddable":true,"href":"https:\/\/www.spaziointeriore.com\/casaeditrice\/wp-json\/wp\/v2\/product_brand?post=2816"},{"taxonomy":"product_cat","embeddable":true,"href":"https:\/\/www.spaziointeriore.com\/casaeditrice\/wp-json\/wp\/v2\/product_cat?post=2816"},{"taxonomy":"product_tag","embeddable":true,"href":"https:\/\/www.spaziointeriore.com\/casaeditrice\/wp-json\/wp\/v2\/product_tag?post=2816"}],"curies":[{"name":"wp","href":"https:\/\/api.w.org\/{rel}","templated":true}]}}