{"id":2822,"date":"2020-10-03T07:39:35","date_gmt":"2020-10-03T07:39:35","guid":{"rendered":"https:\/\/spaziointeriore.com\/casaeditrice\/shop\/ayahuasca-medicina\/"},"modified":"2023-10-19T09:29:23","modified_gmt":"2023-10-19T09:29:23","slug":"ayahuasca-medicina","status":"publish","type":"product","link":"https:\/\/www.spaziointeriore.com\/casaeditrice\/catalogo\/ayahuasca-medicina\/","title":{"rendered":"AYAHUASCA MEDICINA"},"content":{"rendered":"<p>Alan Shoemaker racconta in questo libro il variegato percorso che l\u2019ha portato a viaggiare dagli Stati Uniti in Ecuador e in Per\u00f9, dove vive attualmente, alla scoperta dei segreti del curanderismo e delle piante sacre dell\u2019Amazzonia. Un percorso ricchissimo e avventuroso, costellato di episodi e personaggi ai limiti dell\u2019ordinario, che offre al lettore una prospettiva privilegiata sul mondo dello sciamanesimo: non solo rituali, percorsi iniziatici e guarigioni miracolose, ma anche ci\u00f2 che accade dietro le quinte, le inevitabili contraddizioni e alcuni preziosi consigli per chi desidera intraprendere questo tipo di cammino. Il tutto arricchito da profondi spunti di riflessione e puntuali informazioni scientifiche e culturali, scritte in un linguaggio accessibile e presentate dal punto di vista di chi ha vissuto ogni esperienza sulla propria pelle. Un contributo fondamentale per conoscere pi\u00f9 da vicino la cultura sciamanica e il potere delle piante sacre come strumenti di profonda guarigione ed evoluzione spirituale.<\/p>\n<p><em>\u00abLa medicina pi\u00f9 efficace \u00e8 quella che possiamo produrre dentro il nostro corpo. Per arrivare a tanto, \u00e8 necessario entrare in contatto con il medico interiore. \u00c8 qui che risiede la capacit\u00e0 di autoguarigione, perch\u00e9 il corpo manifesta chiaramente ci\u00f2 di cui ha bisogno per curarsi. Pertanto, dobbiamo praticare un metodo per attivare questo guaritore che abbiamo dentro. L\u2019ingestione delle Sacre Piante di Potere facilita moltissimo questo compito: non solo sgombra la mente, ma nel farlo crea lo spazio necessario per rendere possibili i poteri di guarigione del curanderismo. Ognuno di noi ha dentro questo <\/em>curandero<em>, il sommo guaritore. Il segreto \u00e8 andare oltre tutte le programmazioni del sistema educativo, religioso e sociale che ha plasmato la nostra realt\u00e0 di oggi\u00bb<\/em>.<\/p>\n","protected":false},"excerpt":{"rendered":"<p>Alan Shoemaker racconta in questo libro il variegato percorso che l&#8217;ha portato a viaggiare dagli Stati Uniti in Ecuador e in Per\u00f9, dove vive attualmente, alla scoperta dei segreti del curanderismo e delle piante sacre dell&#8217;Amazzonia. Un percorso ricchissimo e avventuroso, costellato di episodi e personaggi ai limiti dell&#8217;ordinario, che offre al lettore una prospettiva privilegiata sul mondo dello sciamanesimo: non solo rituali, percorsi iniziatici e guarigioni miracolose, ma anche ci\u00f2 che accade dietro le quinte, le inevitabili contraddizioni e alcuni preziosi consigli per chi desidera intraprendere questo tipo di cammino.<\/p>\n","protected":false},"featured_media":3801,"template":"","meta":{"_acf_changed":false},"product_brand":[],"product_cat":[209,149,68,229,230],"product_tag":[],"class_list":{"0":"post-2822","1":"product","2":"type-product","3":"status-publish","4":"has-post-thumbnail","6":"product_cat-alan-shoemaker-cat","7":"product_cat-letteratura-di-risveglio-cat","8":"product_cat-nonordinari","9":"product_cat-piante-sacre-cat","10":"product_cat-sciamanesimo-cat","12":"first","13":"instock","14":"shipping-taxable","15":"purchasable","16":"product-type-simple"},"acf":[],"_links":{"self":[{"href":"https:\/\/www.spaziointeriore.com\/casaeditrice\/wp-json\/wp\/v2\/product\/2822","targetHints":{"allow":["GET"]}}],"collection":[{"href":"https:\/\/www.spaziointeriore.com\/casaeditrice\/wp-json\/wp\/v2\/product"}],"about":[{"href":"https:\/\/www.spaziointeriore.com\/casaeditrice\/wp-json\/wp\/v2\/types\/product"}],"wp:featuredmedia":[{"embeddable":true,"href":"https:\/\/www.spaziointeriore.com\/casaeditrice\/wp-json\/wp\/v2\/media\/3801"}],"wp:attachment":[{"href":"https:\/\/www.spaziointeriore.com\/casaeditrice\/wp-json\/wp\/v2\/media?parent=2822"}],"wp:term":[{"taxonomy":"product_brand","embeddable":true,"href":"https:\/\/www.spaziointeriore.com\/casaeditrice\/wp-json\/wp\/v2\/product_brand?post=2822"},{"taxonomy":"product_cat","embeddable":true,"href":"https:\/\/www.spaziointeriore.com\/casaeditrice\/wp-json\/wp\/v2\/product_cat?post=2822"},{"taxonomy":"product_tag","embeddable":true,"href":"https:\/\/www.spaziointeriore.com\/casaeditrice\/wp-json\/wp\/v2\/product_tag?post=2822"}],"curies":[{"name":"wp","href":"https:\/\/api.w.org\/{rel}","templated":true}]}}