{"id":2825,"date":"2020-10-03T07:39:35","date_gmt":"2020-10-03T07:39:35","guid":{"rendered":"https:\/\/spaziointeriore.com\/casaeditrice\/shop\/il-maestro-nel-cuore\/"},"modified":"2022-06-28T14:38:22","modified_gmt":"2022-06-28T14:38:22","slug":"il-maestro-nel-cuore","status":"publish","type":"product","link":"https:\/\/www.spaziointeriore.com\/casaeditrice\/catalogo\/il-maestro-nel-cuore\/","title":{"rendered":"IL MAESTRO NEL CUORE"},"content":{"rendered":"<p>Scritto con uno stile delicato e nel contempo incisivo, questo libro risponde alle necessit\u00e0 di \u00ablavoro spirituale\u00bb nella Nuova Era, offrendo strumenti, conoscenze e tecniche per ricordare al lettore la propria origine divina e guidarlo scientificamente nell\u2019entrare in rapporto evolutivo con l\u2019Anima. Unendo con sapienza gli aspetti pratici tipici di un manuale e le cognizioni teoriche che caratterizzano un agile trattato, quest\u2019opera risponde alle domande che sono alla base di ogni percorso di evoluzione spirituale: \u00abChi sono realmente?\u00bb, \u00abCos\u2019\u00e8 l\u2019Anima?\u00bb, \u00abCome posso entrare in contatto con il mio Maestro Interiore?\u00bb, \u00abPerch\u00e9 le prove della vita offrono un\u2019occasione speciale di trasformazione?\u00bb L\u2019autore, infatti, veicolando gli insegnamenti della Saggezza Antica, definita \u201cScienza dello Spirito\u201d, in un linguaggio comprensibile e fruibile da chiunque, fornisce al lettore l\u2019indispensabile chiave di comprensione e di utilizzo dei pi\u00f9 antichi e preziosi insegnamenti esoterici.<\/p>\n<p><em>\u00abVi viene chiesto di inaugurare una Nuova Et\u00e0 dell\u2019Oro che durer\u00e0 circa ventiseimila anni. Per adempiere a questo prezioso compito dovete puntare in direzione del vero obiettivo spirituale della vostra vita (e di tutte le vostre incarnazioni): il ricordo della vostra essenza divina e immortale, la magia e il miracolo contenuti nel vostro Potere di plasmare la materia e spiritualizzarla, elevarla e trasformarla positivamente. Non siete \u201cpolvere che torner\u00e0 alla polvere\u201d ma <\/em>Luce che, guardandosi allo specchio, vedr\u00e0 la sua stessa Luce e, ricordandosi di s\u00e9, in quella Luce, inizier\u00e0 a irradiare Luce<em>. L\u2019uomo \u00e8 ansioso di risolvere tutti i suoi problemi attraverso nuove scoperte tecnologiche. Eppure, senza la qualit\u00e0 dell\u2019amore, ogni scoperta e comodit\u00e0 in pi\u00f9, finisce per impoverirlo spiritualmente. Occorre un cambio di paradigma\u00bb<\/em>.<\/p>\n","protected":false},"excerpt":{"rendered":"<p>A met\u00e0 strada tra il manuale e il trattato, quest&#8217;opera offre gli strumenti, le tecniche e le conoscenze indispensabili per comprendere e utilizzare i pi\u00f9 antichi e preziosi insegnamenti esoterici al fine di entrare in rapporto evolutivo con la propria Anima.<\/p>\n","protected":false},"featured_media":3803,"template":"","meta":{"_acf_changed":false},"product_brand":[],"product_cat":[222,86,227,68,90],"product_tag":[],"class_list":{"0":"post-2825","1":"product","2":"type-product","3":"status-publish","4":"has-post-thumbnail","6":"product_cat-andrea-zurlini-cat","7":"product_cat-dimensioni-della-coscienza-cat","8":"product_cat-esoterismo-cat","9":"product_cat-nonordinari","10":"product_cat-ricerca-interiore-cat","12":"first","13":"instock","14":"shipping-taxable","15":"purchasable","16":"product-type-simple"},"acf":[],"_links":{"self":[{"href":"https:\/\/www.spaziointeriore.com\/casaeditrice\/wp-json\/wp\/v2\/product\/2825","targetHints":{"allow":["GET"]}}],"collection":[{"href":"https:\/\/www.spaziointeriore.com\/casaeditrice\/wp-json\/wp\/v2\/product"}],"about":[{"href":"https:\/\/www.spaziointeriore.com\/casaeditrice\/wp-json\/wp\/v2\/types\/product"}],"wp:featuredmedia":[{"embeddable":true,"href":"https:\/\/www.spaziointeriore.com\/casaeditrice\/wp-json\/wp\/v2\/media\/3803"}],"wp:attachment":[{"href":"https:\/\/www.spaziointeriore.com\/casaeditrice\/wp-json\/wp\/v2\/media?parent=2825"}],"wp:term":[{"taxonomy":"product_brand","embeddable":true,"href":"https:\/\/www.spaziointeriore.com\/casaeditrice\/wp-json\/wp\/v2\/product_brand?post=2825"},{"taxonomy":"product_cat","embeddable":true,"href":"https:\/\/www.spaziointeriore.com\/casaeditrice\/wp-json\/wp\/v2\/product_cat?post=2825"},{"taxonomy":"product_tag","embeddable":true,"href":"https:\/\/www.spaziointeriore.com\/casaeditrice\/wp-json\/wp\/v2\/product_tag?post=2825"}],"curies":[{"name":"wp","href":"https:\/\/api.w.org\/{rel}","templated":true}]}}