{"id":2837,"date":"2020-10-03T07:39:35","date_gmt":"2020-10-03T07:39:35","guid":{"rendered":"https:\/\/spaziointeriore.com\/casaeditrice\/shop\/costellazioni-familiari\/"},"modified":"2022-05-17T10:33:38","modified_gmt":"2022-05-17T10:33:38","slug":"costellazioni-familiari","status":"publish","type":"product","link":"https:\/\/www.spaziointeriore.com\/casaeditrice\/catalogo\/costellazioni-familiari\/","title":{"rendered":"COSTELLAZIONI FAMILIARI"},"content":{"rendered":"<p>Nate nel 1980 da un\u2019intuizione di Bert Hellinger, le Costellazioni Familiari sono oggi praticate in tutto il mondo. Nel corso di una Costellazione, il terapeuta ha la possibilit\u00e0 di far emergere e mettere in scena le dinamiche psichiche complesse di un soggetto, spesso legate al suo Albero genealogico. Grazie al fatto che la rappresentazione lavora sul piano simbolico, attingendo alla dimensione dell\u2019inconscio collettivo, essa pu\u00f2 costituire uno strumento di conoscenza e di trasformazione. Perch\u00e9 questo accada, \u00e8 necessario che il terapista guidi un gruppo di persone disponibili a ristrutturare le proprie dinamiche inconsce, collaborando con loro al raggiungimento di un preciso obiettivo: il ripristino di un equilibrio dinamico, di un ordine dentro il sistema delle relazioni.<\/p>\n<p><em>\u00abNelle Costellazioni Familiari, spesso viene utilizzata come strumento preparatorio l\u2019analisi dell\u2019albero psicogenealogico, ossia una valutazione attenta di elementi oggettivi che risultino influenti anche sulla sfera psichica del consultante, prendendo in esame diverse generazioni. \u00c8 provato che tali elementi svolgano un ruolo fondamentale nella costituzione dell\u2019inconscio collettivo di una determinata linea familiare, all\u2019interno del quale pu\u00f2 collocarsi il giusto senso di vissuti esistenziali che condizionano in modo talvolta molto negativo la vita presente delle persone. Si tratta, dunque, di uno strumento diagnostico molto prezioso\u00bb<\/em>.<\/p>\n","protected":false},"excerpt":{"rendered":"<p>Nate nel 1980 da un&#8217;intuizione di Bert Hellinger, le Costellazioni Familiari sono oggi praticate in tutto il mondo. Nel corso di una Costellazione, il terapeuta ha la possibilit\u00e0 di far emergere e mettere in scena le dinamiche psichiche complesse di un soggetto, spesso legate al suo Albero genealogico.<\/p>\n","protected":false},"featured_media":3811,"template":"","meta":{"_acf_changed":false},"product_brand":[],"product_cat":[164,95,145],"product_tag":[],"class_list":{"0":"post-2837","1":"product","2":"type-product","3":"status-publish","4":"has-post-thumbnail","6":"product_cat-anna-laura-cannamela-embergher-cat","7":"product_cat-guarigione-olistica-cat","8":"product_cat-universo-olistico","10":"first","11":"instock","12":"shipping-taxable","13":"purchasable","14":"product-type-simple"},"acf":[],"_links":{"self":[{"href":"https:\/\/www.spaziointeriore.com\/casaeditrice\/wp-json\/wp\/v2\/product\/2837","targetHints":{"allow":["GET"]}}],"collection":[{"href":"https:\/\/www.spaziointeriore.com\/casaeditrice\/wp-json\/wp\/v2\/product"}],"about":[{"href":"https:\/\/www.spaziointeriore.com\/casaeditrice\/wp-json\/wp\/v2\/types\/product"}],"wp:featuredmedia":[{"embeddable":true,"href":"https:\/\/www.spaziointeriore.com\/casaeditrice\/wp-json\/wp\/v2\/media\/3811"}],"wp:attachment":[{"href":"https:\/\/www.spaziointeriore.com\/casaeditrice\/wp-json\/wp\/v2\/media?parent=2837"}],"wp:term":[{"taxonomy":"product_brand","embeddable":true,"href":"https:\/\/www.spaziointeriore.com\/casaeditrice\/wp-json\/wp\/v2\/product_brand?post=2837"},{"taxonomy":"product_cat","embeddable":true,"href":"https:\/\/www.spaziointeriore.com\/casaeditrice\/wp-json\/wp\/v2\/product_cat?post=2837"},{"taxonomy":"product_tag","embeddable":true,"href":"https:\/\/www.spaziointeriore.com\/casaeditrice\/wp-json\/wp\/v2\/product_tag?post=2837"}],"curies":[{"name":"wp","href":"https:\/\/api.w.org\/{rel}","templated":true}]}}