{"id":2843,"date":"2020-10-03T07:39:35","date_gmt":"2020-10-03T07:39:35","guid":{"rendered":"https:\/\/spaziointeriore.com\/casaeditrice\/shop\/le-avventure-di-putifarre\/"},"modified":"2020-10-03T07:39:35","modified_gmt":"2020-10-03T07:39:35","slug":"le-avventure-di-putifarre","status":"publish","type":"product","link":"https:\/\/www.spaziointeriore.com\/casaeditrice\/catalogo\/le-avventure-di-putifarre\/","title":{"rendered":"LE AVVENTURE DI PUTIFARRE"},"content":{"rendered":"<p>Il libro narra di Putifarre, un dispettoso diavoletto dei bambini incapace di giocare e di celebrare la vita. Grazie all\u2019incontro con una bambina, capace di vederlo senza pregiudizi e perci\u00f2 di accoglierlo e aiutarlo a evolversi, Putifarre scopre la propria creativit\u00e0 interiore che, una volta lasciata libera di esprimersi, porta alla luce i suoi talenti nascosti e la sua capacit\u00e0 di amare. Scoprendosi sensibile e generoso, il diavoletto vive entusiasmanti avventure dove si mette coraggiosamente alla prova per aiutare i suoi amici e far trionfare il bene: il suo carattere ombroso viene cos\u00ec sempre pi\u00f9 rischiarato dalla saggia luce del cuore. Le storie di Putifarre ci ricordano che le amicizie vissute con amore, creativit\u00e0 e innocenza sono sempre l&#8217;occasione per uno scambio profondo tra Anime, che trascende le diversit\u00e0 apparenti per tramutarsi in una reciproca crescita evolutiva. Con 27 illustrazioni da colorare.<\/p>\n<p><em>\u00abI giochi sono davvero tantissimi, praticamente infiniti, dato che si possono inventare in modi sempre nuovi e sorprendenti. Mi dispiace tanto che tu non conosca il giocare, ma se vuoi te lo posso insegnare\u00bb<\/em>.<\/p>\n","protected":false},"excerpt":{"rendered":"<p>Il libro narra di Putifarre, un dispettoso diavoletto dei bambini incapace di giocare e di celebrare la vita. Grazie all&#8217;incontro con una bambina, capace di vederlo senza pregiudizi e perci\u00f2 di accoglierlo e aiutarlo a evolversi, Putifarre scopre la propria creativit\u00e0 interiore che, una volta lasciata libera di esprimersi, porta alla luce i suoi talenti nascosti e la sua capacit\u00e0 di amare.<\/p>\n","protected":false},"featured_media":3815,"template":"","meta":{"_acf_changed":false},"product_brand":[],"product_cat":[85,138,206],"product_tag":[],"class_list":{"0":"post-2843","1":"product","2":"type-product","3":"status-publish","4":"has-post-thumbnail","6":"product_cat-bambino-interiore-cat","7":"product_cat-ghiande","8":"product_cat-satvat-cat","10":"first","11":"instock","12":"shipping-taxable","13":"purchasable","14":"product-type-simple"},"acf":[],"_links":{"self":[{"href":"https:\/\/www.spaziointeriore.com\/casaeditrice\/wp-json\/wp\/v2\/product\/2843","targetHints":{"allow":["GET"]}}],"collection":[{"href":"https:\/\/www.spaziointeriore.com\/casaeditrice\/wp-json\/wp\/v2\/product"}],"about":[{"href":"https:\/\/www.spaziointeriore.com\/casaeditrice\/wp-json\/wp\/v2\/types\/product"}],"wp:featuredmedia":[{"embeddable":true,"href":"https:\/\/www.spaziointeriore.com\/casaeditrice\/wp-json\/wp\/v2\/media\/3815"}],"wp:attachment":[{"href":"https:\/\/www.spaziointeriore.com\/casaeditrice\/wp-json\/wp\/v2\/media?parent=2843"}],"wp:term":[{"taxonomy":"product_brand","embeddable":true,"href":"https:\/\/www.spaziointeriore.com\/casaeditrice\/wp-json\/wp\/v2\/product_brand?post=2843"},{"taxonomy":"product_cat","embeddable":true,"href":"https:\/\/www.spaziointeriore.com\/casaeditrice\/wp-json\/wp\/v2\/product_cat?post=2843"},{"taxonomy":"product_tag","embeddable":true,"href":"https:\/\/www.spaziointeriore.com\/casaeditrice\/wp-json\/wp\/v2\/product_tag?post=2843"}],"curies":[{"name":"wp","href":"https:\/\/api.w.org\/{rel}","templated":true}]}}