{"id":2850,"date":"2020-10-03T07:39:35","date_gmt":"2020-10-03T07:39:35","guid":{"rendered":"https:\/\/spaziointeriore.com\/casaeditrice\/shop\/come-as-you-are\/"},"modified":"2020-10-03T07:39:35","modified_gmt":"2020-10-03T07:39:35","slug":"come-as-you-are","status":"publish","type":"product","link":"https:\/\/www.spaziointeriore.com\/casaeditrice\/catalogo\/come-as-you-are\/","title":{"rendered":"COME AS YOU ARE"},"content":{"rendered":"<p>COME AS YOU ARE \u00e8 una guida alla sessualit\u00e0 femminile unica nel suo genere. Si rivolge direttamente alle donne \u2013 ma \u00e8 utilissima anche per gli uomini \u2013 offrendo una miniera di informazioni supportate dalle pi\u00f9 attuali conoscenze scientifiche. Prendendo spunto dalle esperienze reali di moltissime donne con cui \u00e8 entrata in contatto grazie al suo lavoro di educatrice sessuale, l\u2019Autrice parte dalle nozioni di base (l\u2019anatomia e il funzionamento degli organi genitali, il meccanismo cerebrale dell\u2019eccitazione) fino ad arrivare al raggiungimento dell\u2019orgasmo estatico, in un viaggio che conduce il lettore sempre pi\u00f9 in profondit\u00e0 attraverso la gestione delle emozioni, l\u2019importanza del contesto, l\u2019amore, la consapevolezza e il non-giudizio. Nozioni semplici ma dalla portata rivoluzionaria, in grado di trasformare concretamente la nostra vita (in ambito sessuale e non solo), illustrate con uno straordinario mix di rigorosit\u00e0 scientifica e umorismo scanzonato che rende la lettura piacevole e stimolante.<\/p>\n<p><em>\u00abSei nata con il pieno diritto a godere tutto il piacere che il tuo corpo \u00e8 in grado di sperimentare. Sei nata con il pieno diritto a vivere il piacere in qualunque maniera il tuo corpo lo senta, in qualunque contesto e nella quantit\u00e0 che tu desideri. Il tuo piacere appartiene a te, e sei tu a scegliere se condividerlo o tenertelo stretto, se esplorarlo o no, se abbracciarlo oppure starne alla larga. Non so quanto ti senti a casa nel giardino privato della tua sessualit\u00e0. Ma so che sei tu il giardiniere. E che pi\u00f9 coltivi il tuo giardino con le sue caratteristiche innate, pi\u00f9 crescer\u00e0 sano e rigoglioso. So che sei bella cos\u00ec come sei, pienamente in grado di vivere il sesso con gioia e fiducia. So che sei normale. Questo libro \u00e8 una raccolta di risposte. Sono risposte che ho visto cambiare la vita a certe donne, risposte basate sulle conoscenze scientifiche pi\u00f9 attuali e sulle storie personali di donne che, grazie a una migliore comprensione del sesso, hanno trasformato il rapporto con il proprio corpo. Queste donne sono le mie eroine, e spero che raccontando le loro storie metter\u00f2 anche te nelle condizioni di seguire il tuo percorso verso la piena realizzazione del tuo profondo e unico potenziale sessuale\u00bb<\/em>.<\/p>\n","protected":false},"excerpt":{"rendered":"<p>Come as you are \u00e8 una guida alla sessualit\u00e0 femminile unica nel suo genere. Si rivolge direttamente alle donne &#8212; ma \u00e8 utilissima anche per gli uomini &#8212; offrendo una miniera di informazioni supportate dalle pi\u00f9 attuali conoscenze scientifiche. Prendendo spunto dalle esperienze reali di moltissime donne con cui \u00e8 entrata in contatto grazie al suo lavoro di educatrice sessuale, l&#8217;Autrice parte dalle nozioni di base (l&#8217;anatomia e il funzionamento degli organi genitali, il meccanismo cerebrale dell&#8217;eccitazione) fino ad arrivare al raggiungimento dell&#8217;orgasmo estatico, in un viaggio che conduce il lettore sempre pi\u00f9 in profondit\u00e0 attraverso la gestione delle emozioni, l&#8217;importanza del contesto, l&#8217;amore, la consapevolezza e il non-giudizio.<\/p>\n","protected":false},"featured_media":3819,"template":"","meta":{"_acf_changed":false},"product_brand":[],"product_cat":[193,141,93],"product_tag":[],"class_list":{"0":"post-2850","1":"product","2":"type-product","3":"status-publish","4":"has-post-thumbnail","6":"product_cat-emily-nagoski-cat","7":"product_cat-luxor","8":"product_cat-sessualita-cat","10":"first","11":"instock","12":"shipping-taxable","13":"purchasable","14":"product-type-simple"},"acf":[],"_links":{"self":[{"href":"https:\/\/www.spaziointeriore.com\/casaeditrice\/wp-json\/wp\/v2\/product\/2850","targetHints":{"allow":["GET"]}}],"collection":[{"href":"https:\/\/www.spaziointeriore.com\/casaeditrice\/wp-json\/wp\/v2\/product"}],"about":[{"href":"https:\/\/www.spaziointeriore.com\/casaeditrice\/wp-json\/wp\/v2\/types\/product"}],"wp:featuredmedia":[{"embeddable":true,"href":"https:\/\/www.spaziointeriore.com\/casaeditrice\/wp-json\/wp\/v2\/media\/3819"}],"wp:attachment":[{"href":"https:\/\/www.spaziointeriore.com\/casaeditrice\/wp-json\/wp\/v2\/media?parent=2850"}],"wp:term":[{"taxonomy":"product_brand","embeddable":true,"href":"https:\/\/www.spaziointeriore.com\/casaeditrice\/wp-json\/wp\/v2\/product_brand?post=2850"},{"taxonomy":"product_cat","embeddable":true,"href":"https:\/\/www.spaziointeriore.com\/casaeditrice\/wp-json\/wp\/v2\/product_cat?post=2850"},{"taxonomy":"product_tag","embeddable":true,"href":"https:\/\/www.spaziointeriore.com\/casaeditrice\/wp-json\/wp\/v2\/product_tag?post=2850"}],"curies":[{"name":"wp","href":"https:\/\/api.w.org\/{rel}","templated":true}]}}