{"id":2853,"date":"2020-10-03T07:39:35","date_gmt":"2020-10-03T07:39:35","guid":{"rendered":"https:\/\/spaziointeriore.com\/casaeditrice\/shop\/la-via-del-corpo\/"},"modified":"2024-11-04T10:49:27","modified_gmt":"2024-11-04T10:49:27","slug":"la-via-del-corpo","status":"publish","type":"product","link":"https:\/\/www.spaziointeriore.com\/casaeditrice\/catalogo\/la-via-del-corpo\/","title":{"rendered":"LA VIA DEL CORPO"},"content":{"rendered":"<p>In un momento storico contraddistinto dalla riscoperta del valore del corpo e della sessualit\u00e0, non pi\u00f9 visti come impedimenti all\u2019elevazione dello Spirito, bens\u00ec come strumenti al servizio di esso, questo libro accompagna il lettore nel cammino che dalla carnalit\u00e0 si solleva gradualmente fino al traguardo dell\u2019amore umano, inteso come massimo grado di unione che due esseri incarnati possano raggiungere. Con un linguaggio semplice e fruibile, gli autori offrono al lettore una serie di indicazioni pratiche, coadiuvate da illustrazioni \u2013 portata immediatamente chiarificatrice \u2013 dei corpi energetici, che spiegano in che modo il sesso possa essere utilizzato in funzione di una crescita personale. Pagina dopo pagina, percorrendo appunto la Via del Corpo, viene indicato e insegnato quale sia e come possa essere tradotto in atto l\u2019immenso potenziale insito nella sessualit\u00e0 umana, in grado di rivelarsi una porta di accesso a un \u201coltre\u201d dai risvolti preziosi in termini evolutivi.<\/p>\n<p><em>\u00abL\u2019Unione \u00e8 l\u2019unico vero obiettivo dell\u2019Amore. Quando si \u00e8 in questa condizione si entra a far parte di una dinamica, la dinamica dell\u2019Amore appunto, in cui non \u00e8 pi\u00f9 la costruzione mentale ed emotiva a governare il rapporto, ma \u00e8 il corpo stesso abbinato a qualcosa di pi\u00f9 elevato: una specie di magica corrente che nel suo fluire provoca l\u2019unione tra i nostri corpi o, ancor pi\u00f9 in alto, tra i corpi e le anime. Questo stato non \u00e8 per nulla emotivo ed \u00e8 estremamente appagante: non si sentono pi\u00f9 i nostri confini personali e si entra in una specie di fusione con il partner, che viene percepito come una parte di noi stessi. Unione, fusione, ampliamento dei propri confini&#8230; tutte parole che indicano la stessa cosa: essere riusciti a entrare nella dinamica dell\u2019Amore. Il sesso, il semplice sesso, appare allora solo come uno strumento che alimenta questa Unione, una specie di calore che permette al ghiaccio di sciogliersi in un\u2019acqua che pu\u00f2 cos\u00ec finalmente mescolarsi a quella che le sta vicina\u00bb<\/em>.<\/p>\n","protected":false},"excerpt":{"rendered":"<p>Una guida teorico-pratica per scoprire ed esplorare le potenzialit\u00e0 evolutive del sesso. R. Rio e F. Alessandrini conducono, in maniera semplice e immediata, alla scoperta di come il corpo e la sua sessualit\u00e0 possano tradursi in strumenti di crescita personale.<\/p>\n","protected":false},"featured_media":3821,"template":"","meta":{"_acf_changed":false},"product_brand":[],"product_cat":[154,141,201,93],"product_tag":[],"class_list":{"0":"post-2853","1":"product","2":"type-product","3":"status-publish","4":"has-post-thumbnail","6":"product_cat-francesco-alessandrini-cat","7":"product_cat-luxor","8":"product_cat-roberta-rio-cat","9":"product_cat-sessualita-cat","11":"first","12":"instock","13":"shipping-taxable","14":"purchasable","15":"product-type-simple"},"acf":[],"_links":{"self":[{"href":"https:\/\/www.spaziointeriore.com\/casaeditrice\/wp-json\/wp\/v2\/product\/2853","targetHints":{"allow":["GET"]}}],"collection":[{"href":"https:\/\/www.spaziointeriore.com\/casaeditrice\/wp-json\/wp\/v2\/product"}],"about":[{"href":"https:\/\/www.spaziointeriore.com\/casaeditrice\/wp-json\/wp\/v2\/types\/product"}],"wp:featuredmedia":[{"embeddable":true,"href":"https:\/\/www.spaziointeriore.com\/casaeditrice\/wp-json\/wp\/v2\/media\/3821"}],"wp:attachment":[{"href":"https:\/\/www.spaziointeriore.com\/casaeditrice\/wp-json\/wp\/v2\/media?parent=2853"}],"wp:term":[{"taxonomy":"product_brand","embeddable":true,"href":"https:\/\/www.spaziointeriore.com\/casaeditrice\/wp-json\/wp\/v2\/product_brand?post=2853"},{"taxonomy":"product_cat","embeddable":true,"href":"https:\/\/www.spaziointeriore.com\/casaeditrice\/wp-json\/wp\/v2\/product_cat?post=2853"},{"taxonomy":"product_tag","embeddable":true,"href":"https:\/\/www.spaziointeriore.com\/casaeditrice\/wp-json\/wp\/v2\/product_tag?post=2853"}],"curies":[{"name":"wp","href":"https:\/\/api.w.org\/{rel}","templated":true}]}}