{"id":2862,"date":"2020-10-03T07:39:35","date_gmt":"2020-10-03T07:39:35","guid":{"rendered":"https:\/\/spaziointeriore.com\/casaeditrice\/shop\/daimon\/"},"modified":"2022-06-28T14:34:38","modified_gmt":"2022-06-28T14:34:38","slug":"daimon","status":"publish","type":"product","link":"https:\/\/www.spaziointeriore.com\/casaeditrice\/catalogo\/daimon\/","title":{"rendered":"DAIMON"},"content":{"rendered":"<p>Con il suo stile ammaliante e coinvolgente, dosando con sapienza narrazione e riflessioni sui grandi temi della vita, l\u2019Autore ci racconta, senza veli e senza astrattismi, come trasformare la propria coscienza e il proprio corpo in un laboratorio sempre all\u2019opera. Dalla meditazione alla magia cerimoniale, dalle esperienze di alterazione della percezione all\u2019erotismo magicomistico e alle possessioni dionisiache, in un mosaico di esperienze in continua oscillazione tra le vette e gli abissi, questo libro si rivela un lungo e affascinante viaggio lungo le tappe di costruzione e dissoluzione dell\u2019edificio della propria interiorit\u00e0. Un testo che \u00e8 pura pratica di vita, in cui ciascuno pu\u00f2 ritrovare chi \u00e8, chi \u00e8 stato, chi avrebbe potuto essere e chi vorrebbe divenire. Una guida all\u2019esplorazione della propria coscienza attraverso l\u2019esperienza, il racconto, il confronto, lo scontro, l\u2019attrazione e la repulsione, in grado di risvegliare la consapevolezza della vita in quanto vita, al di l\u00e0 del bene e del male in ogni suo singolo istante.<\/p>\n<p><em>\u00abL\u2019oppositore si trova a separare, sottrarre, togliere, eliminare, fino a fare spazio. Uno spazio vuoto. Quel vuoto \u00e8 la chiave. Un vuoto che rispecchia perfettamente l\u2019assenza di qualunque cosa riconducibile a se stessi. Un momento in cui, non volendo alcunch\u00e9 o forse volendo proprio il nulla, si pu\u00f2 <em>creare<\/em>. Ripartire da se stessi credendo di esser fatti in un certo modo \u00e8 un\u2019illusione: ci si deve creare <em>ex novo<\/em>. Perch\u00e9 fuori dal vuoto, aperto dalla strategia della distruzione dei condizionamenti esterni, non si esiste affatto. Non c\u2019\u00e8 alcun s\u00e9 ad attenderti dopo la fatica della guerra. Ci\u00f2 che non puoi trovare, lo devi creare\u00bb<\/em>.<\/p>\n","protected":false},"excerpt":{"rendered":"<p>Con il suo stile ammaliante e coinvolgente, dosando con sapienza narrazione e riflessioni sui grandi temi della vita, l&#8217;Autore ci racconta, senza veli e senza astrattismi, come trasformare la propria coscienza e il proprio corpo in un laboratorio sempre all&#8217;opera. Dalla meditazione alla magia cerimoniale, dalle esperienze di alterazione della percezione all&#8217;erotismo magicomistico e alle possessioni dionisiache, in un mosaico di esperienze in continua oscillazione tra le vette e gli abissi, questo libro si rivela un lungo e affascinante viaggio lungo le tappe di costruzione e dissoluzione dell&#8217;edificio della propria interiorit\u00e0.<\/p>\n","protected":false},"featured_media":3827,"template":"","meta":{"_acf_changed":false},"product_brand":[],"product_cat":[186,227,149,228,144],"product_tag":[],"class_list":{"0":"post-2862","1":"product","2":"type-product","3":"status-publish","4":"has-post-thumbnail","6":"product_cat-claudio-marucchi-cat","7":"product_cat-esoterismo-cat","8":"product_cat-letteratura-di-risveglio-cat","9":"product_cat-magia-cat","10":"product_cat-talismani","12":"first","13":"instock","14":"shipping-taxable","15":"purchasable","16":"product-type-simple"},"acf":[],"_links":{"self":[{"href":"https:\/\/www.spaziointeriore.com\/casaeditrice\/wp-json\/wp\/v2\/product\/2862","targetHints":{"allow":["GET"]}}],"collection":[{"href":"https:\/\/www.spaziointeriore.com\/casaeditrice\/wp-json\/wp\/v2\/product"}],"about":[{"href":"https:\/\/www.spaziointeriore.com\/casaeditrice\/wp-json\/wp\/v2\/types\/product"}],"wp:featuredmedia":[{"embeddable":true,"href":"https:\/\/www.spaziointeriore.com\/casaeditrice\/wp-json\/wp\/v2\/media\/3827"}],"wp:attachment":[{"href":"https:\/\/www.spaziointeriore.com\/casaeditrice\/wp-json\/wp\/v2\/media?parent=2862"}],"wp:term":[{"taxonomy":"product_brand","embeddable":true,"href":"https:\/\/www.spaziointeriore.com\/casaeditrice\/wp-json\/wp\/v2\/product_brand?post=2862"},{"taxonomy":"product_cat","embeddable":true,"href":"https:\/\/www.spaziointeriore.com\/casaeditrice\/wp-json\/wp\/v2\/product_cat?post=2862"},{"taxonomy":"product_tag","embeddable":true,"href":"https:\/\/www.spaziointeriore.com\/casaeditrice\/wp-json\/wp\/v2\/product_tag?post=2862"}],"curies":[{"name":"wp","href":"https:\/\/api.w.org\/{rel}","templated":true}]}}