{"id":2868,"date":"2020-10-03T07:39:36","date_gmt":"2020-10-03T07:39:36","guid":{"rendered":"https:\/\/spaziointeriore.com\/casaeditrice\/shop\/pronoia-e-lantidoto-alla-paranoia\/"},"modified":"2024-01-22T12:04:58","modified_gmt":"2024-01-22T12:04:58","slug":"pronoia-e-lantidoto-alla-paranoia","status":"publish","type":"product","link":"https:\/\/www.spaziointeriore.com\/casaeditrice\/catalogo\/pronoia-e-lantidoto-alla-paranoia\/","title":{"rendered":"PRONOIA \u00c8 L&#8217;ANTIDOTO ALLA PARANOIA"},"content":{"rendered":"<p>A rendere famoso in tutto il mondo l\u2019oroscopo di Robert Brezsny \u00e8 stato il continuo ricorso a parabole argute, detti popolari, miti, storielle e citazioni, che hanno arricchito i suoi pronostici giocosi e vivaci. La stessa sensibilit\u00e0 si trova in Pronoia, che il New York Times ha definito \u00abun libro di auto-aiuto per le persone che non leggerebbero mai un libro di auto-aiuto\u00bb. Il tentativo di Brezsny \u00e8 quello di restituire al lettore un\u2019idea positiva dell\u2019Universo, lontana dalla visione cinica e desolante di chi crede che l\u2019esistenza umana sia frutto del caso. La vita, al contrario, \u00e8 un gioco sublime creato per il nostro divertimento e ha come fine l\u2019illuminazione. E proprio come la vita, Pronoia si pu\u00f2 percorrere in totale libert\u00e0, iniziando dalla prima pagina o dall\u2019ultima, leggendo velocemente o lentamente, saltando i capitoli oppure aprendo a caso, per trarne stimolo o ispirazione.<\/p>\n<p><em>\u00abAlcune persone sono convinte che sia normale vivere una vita di conflitto e sofferenza. Altre giurano che siamo nati nel peccato e che soltanto il paradiso ci potr\u00e0 donare pace e comprensione. La pronoia, invece, ci dice che l\u2019essere vivi su questo pianeta verde e blu \u00e8 un onore e un privilegio. \u00c8 un invito a creare meraviglie e realizzare miracoli che non potrebbero essere possibili in nessuno stato di nirvana, terra promessa o vita dopo la morte. Non sto n\u00e9 esagerando n\u00e9 indulgendo con metafore poetiche quando vi dico che stiamo gi\u00e0 vivendo in paradiso. Provate a visualizzarlo, se ne avete il coraggio. Quella dolcezza che appaga tutti i nostri desideri non \u00e8 poi cos\u00ec lontana, non \u00e8 in un altro tempo e in un altro spazio. \u00c8 qui e ora\u00bb<\/em>.<\/p>\n","protected":false},"excerpt":{"rendered":"<p>A rendere famoso in tutto il mondo l&#8217;oroscopo di Robert Brezsny \u00e8 stato il continuo ricorso a parabole argute, detti popolari, miti, storielle e citazioni, che hanno arricchito i suoi pronostici giocosi e vivaci. La stessa sensibilit\u00e0 si trova in Pronoia, che il New York Times ha definito \u00abun libro di auto-aiuto per le persone che non leggerebbero mai un libro di auto-aiuto\u00bb.<\/p>\n","protected":false},"featured_media":3831,"template":"","meta":{"_acf_changed":false},"product_brand":[],"product_cat":[146,149,90,161],"product_tag":[],"class_list":{"0":"post-2868","1":"product","2":"type-product","3":"status-publish","4":"has-post-thumbnail","6":"product_cat-fuori-collana","7":"product_cat-letteratura-di-risveglio-cat","8":"product_cat-ricerca-interiore-cat","9":"product_cat-rob-brezsny-cat","11":"first","12":"instock","13":"shipping-taxable","14":"purchasable","15":"product-type-simple"},"acf":[],"_links":{"self":[{"href":"https:\/\/www.spaziointeriore.com\/casaeditrice\/wp-json\/wp\/v2\/product\/2868","targetHints":{"allow":["GET"]}}],"collection":[{"href":"https:\/\/www.spaziointeriore.com\/casaeditrice\/wp-json\/wp\/v2\/product"}],"about":[{"href":"https:\/\/www.spaziointeriore.com\/casaeditrice\/wp-json\/wp\/v2\/types\/product"}],"wp:featuredmedia":[{"embeddable":true,"href":"https:\/\/www.spaziointeriore.com\/casaeditrice\/wp-json\/wp\/v2\/media\/3831"}],"wp:attachment":[{"href":"https:\/\/www.spaziointeriore.com\/casaeditrice\/wp-json\/wp\/v2\/media?parent=2868"}],"wp:term":[{"taxonomy":"product_brand","embeddable":true,"href":"https:\/\/www.spaziointeriore.com\/casaeditrice\/wp-json\/wp\/v2\/product_brand?post=2868"},{"taxonomy":"product_cat","embeddable":true,"href":"https:\/\/www.spaziointeriore.com\/casaeditrice\/wp-json\/wp\/v2\/product_cat?post=2868"},{"taxonomy":"product_tag","embeddable":true,"href":"https:\/\/www.spaziointeriore.com\/casaeditrice\/wp-json\/wp\/v2\/product_tag?post=2868"}],"curies":[{"name":"wp","href":"https:\/\/api.w.org\/{rel}","templated":true}]}}