{"id":2886,"date":"2020-10-03T07:39:36","date_gmt":"2020-10-03T07:39:36","guid":{"rendered":"https:\/\/spaziointeriore.com\/casaeditrice\/shop\/resilienza-alimentare\/"},"modified":"2022-06-28T14:41:35","modified_gmt":"2022-06-28T14:41:35","slug":"resilienza-alimentare","status":"publish","type":"product","link":"https:\/\/www.spaziointeriore.com\/casaeditrice\/catalogo\/resilienza-alimentare\/","title":{"rendered":"RESILIENZA ALIMENTARE"},"content":{"rendered":"<p>Sentirsi meglio ogni giorno \u00e8 questione di scelte quotidiane, come rivelano le antiche tradizioni sapienziali in cui le scienze all\u2019avanguardia trovano sempre pi\u00f9 corrispondenze. In questo libro sono spiegati in modo semplice e ricco di esempi concreti i principi di uno stile di vita basato sulla resilienza alimentare, che favorisce il nutrimento integrale, completo e naturale, dell\u2019essere umano a vantaggio della salute umana, della Terra e di tutti i suoi abitanti. Resilienza alimentare consente di rispondere proattivamente alle pressioni della vita contemporanea, recuperando la capacit\u00e0 di orientare coscientemente l\u2019esistenza e di attingere naturalmente all\u2019energia necessaria al raggiungimento dei propri obiettivi in qualunque ambito. Ampie sezioni sono dedicate alla pratica e agli esercizi che giorno dopo giorno possono fare la differenza nel determinare la qualit\u00e0 della vita quotidiana e la consapevolezza dell\u2019individuo sempre pi\u00f9 cosciente, sano e vitale.<\/p>\n<p><em>\u00abQuesto libro \u00e8 stato scritto per coloro che sono stanchi di mangimi, intrattenimento, falsit\u00e0 e delusioni. \u00c8 stato scritto per l\u2019umanit\u00e0, perch\u00e9 un futuro migliore \u00e8 possibile, adesso. \u00c8 stato scritto per te, che lasci risuonare queste parole fin dentro al luogo senza spazio e senza tempo in cui puoi sentirne la verit\u00e0 e affermare <\/em>io sono<em>, <\/em>io voglio<em>, <\/em>io posso<em>\u00bb<\/em>.<\/p>\n","protected":false},"excerpt":{"rendered":"<p>Sentirsi meglio ogni giorno \u00e8 questione di scelte quotidiane, come rivelano le antiche tradizioni sapienziali in cui le scienze all&#8217;avanguardia trovano sempre pi\u00f9 corrispondenze. In questo libro sono spiegati in modo semplice e ricco di esempi concreti i principi di uno stile di vita basato sulla resilienza alimentare, che favorisce il nutrimento integrale, completo e naturale, dell&#8217;essere umano a vantaggio della salute umana, della Terra e di tutti i suoi abitanti<\/p>\n","protected":false},"featured_media":3842,"template":"","meta":{"_acf_changed":false},"product_brand":[],"product_cat":[146,95,213],"product_tag":[],"class_list":{"0":"post-2886","1":"product","2":"type-product","3":"status-publish","4":"has-post-thumbnail","6":"product_cat-fuori-collana","7":"product_cat-guarigione-olistica-cat","8":"product_cat-mariavittoria-spina-cat","10":"first","11":"instock","12":"shipping-taxable","13":"purchasable","14":"product-type-simple"},"acf":[],"_links":{"self":[{"href":"https:\/\/www.spaziointeriore.com\/casaeditrice\/wp-json\/wp\/v2\/product\/2886","targetHints":{"allow":["GET"]}}],"collection":[{"href":"https:\/\/www.spaziointeriore.com\/casaeditrice\/wp-json\/wp\/v2\/product"}],"about":[{"href":"https:\/\/www.spaziointeriore.com\/casaeditrice\/wp-json\/wp\/v2\/types\/product"}],"wp:featuredmedia":[{"embeddable":true,"href":"https:\/\/www.spaziointeriore.com\/casaeditrice\/wp-json\/wp\/v2\/media\/3842"}],"wp:attachment":[{"href":"https:\/\/www.spaziointeriore.com\/casaeditrice\/wp-json\/wp\/v2\/media?parent=2886"}],"wp:term":[{"taxonomy":"product_brand","embeddable":true,"href":"https:\/\/www.spaziointeriore.com\/casaeditrice\/wp-json\/wp\/v2\/product_brand?post=2886"},{"taxonomy":"product_cat","embeddable":true,"href":"https:\/\/www.spaziointeriore.com\/casaeditrice\/wp-json\/wp\/v2\/product_cat?post=2886"},{"taxonomy":"product_tag","embeddable":true,"href":"https:\/\/www.spaziointeriore.com\/casaeditrice\/wp-json\/wp\/v2\/product_tag?post=2886"}],"curies":[{"name":"wp","href":"https:\/\/api.w.org\/{rel}","templated":true}]}}