{"id":2893,"date":"2020-10-03T07:39:58","date_gmt":"2020-10-03T07:39:58","guid":{"rendered":"https:\/\/spaziointeriore.com\/casaeditrice\/shop\/il-piacere-prima-di-tutto\/"},"modified":"2022-06-28T14:39:54","modified_gmt":"2022-06-28T14:39:54","slug":"il-piacere-prima-di-tutto","status":"publish","type":"product","link":"https:\/\/www.spaziointeriore.com\/casaeditrice\/catalogo\/il-piacere-prima-di-tutto\/","title":{"rendered":"IL PIACERE PRIMA DI TUTTO"},"content":{"rendered":"<p>Il Piacere, nella sua accezione pi\u00f9 elevata, costituisce il motore e lo scopo dell\u2019esistenza, \u00e8 il principio che permea tutte le cose e l\u2019oggetto della ricerca della maggior parte di noi. Eppure, cosa sia realmente il Piacere rimane oggi un totale mistero per la maggio\u00adranza delle persone: continua a essere uno dei fenomeni pi\u00f9 in\u00adcompresi e fraintesi, quando invece potrebbe essere uno di quelli pi\u00f9 familiari. Simurgh accompagna il lettore a svelare questo grande mistero, andando al di l\u00e0 di tutto ci\u00f2 che possiamo fare per \u201cgestire\u201d il bisogno insoddisfatto del Piacere (cibo, vacanze, sesso, sport, l\u2019ultimo prodotto di grido) per giungere sino alla sua vera essenza e perci\u00f2 imparare a viverlo pienamente. L\u2019intero vo\u00adlume rappresenta cos\u00ec un\u2019ideale chiamata a raccolta di pensatori, poeti, scienziati, avventurieri e Maestri spirituali per condurre il lettore in un\u2019immersione tra le meraviglie della Creazione, nel\u00adla celebrazione della sua bellezza, nella contemplazione e nel pie\u00adno apprezzamento delle sue forze primordiali.<\/p>\n<p><em>\u00abIn un mondo in cui gli esseri umani sono educati a vivere in superficie, con tutte le conseguenze di malessere e disagio che questo comporta, io ho scoperto un approccio totalmente diverso per passeggiare insieme in questa realt\u00e0: lasciati andare al Piacere, incomincia da qui! Perch\u00e9 sono certo che quando ti muoverai per la Terra consapevolmente, sull\u2019onda del Piacere, ti accorgerai che qualcun altro, tra chi ti \u00e8 vicino, avr\u00e0 iniziato a respirare la tua stessa Libert\u00e0\u00bb<\/em>.<\/p>\n","protected":false},"excerpt":{"rendered":"<p>Il Piacere \u00e8 il motore e lo scopo dell&#8217;esistenza. Questo libro, un vero invito al Piacere, conducendo il lettore in un&#8217;immersione tra le meraviglie della Creazione, costituisce una guida per imparare a riconoscerne la reale &#8212; ma spesso fraintesa &#8212; essenza e perci\u00f2 a viverlo pienamente.<\/p>\n","protected":false},"featured_media":3847,"template":"","meta":{"_acf_changed":false},"product_brand":[],"product_cat":[212,90,144],"product_tag":[],"class_list":{"0":"post-2893","1":"product","2":"type-product","3":"status-publish","4":"has-post-thumbnail","6":"product_cat-david-simurgh-cat","7":"product_cat-ricerca-interiore-cat","8":"product_cat-talismani","10":"first","11":"instock","12":"shipping-taxable","13":"purchasable","14":"product-type-simple"},"acf":[],"_links":{"self":[{"href":"https:\/\/www.spaziointeriore.com\/casaeditrice\/wp-json\/wp\/v2\/product\/2893","targetHints":{"allow":["GET"]}}],"collection":[{"href":"https:\/\/www.spaziointeriore.com\/casaeditrice\/wp-json\/wp\/v2\/product"}],"about":[{"href":"https:\/\/www.spaziointeriore.com\/casaeditrice\/wp-json\/wp\/v2\/types\/product"}],"wp:featuredmedia":[{"embeddable":true,"href":"https:\/\/www.spaziointeriore.com\/casaeditrice\/wp-json\/wp\/v2\/media\/3847"}],"wp:attachment":[{"href":"https:\/\/www.spaziointeriore.com\/casaeditrice\/wp-json\/wp\/v2\/media?parent=2893"}],"wp:term":[{"taxonomy":"product_brand","embeddable":true,"href":"https:\/\/www.spaziointeriore.com\/casaeditrice\/wp-json\/wp\/v2\/product_brand?post=2893"},{"taxonomy":"product_cat","embeddable":true,"href":"https:\/\/www.spaziointeriore.com\/casaeditrice\/wp-json\/wp\/v2\/product_cat?post=2893"},{"taxonomy":"product_tag","embeddable":true,"href":"https:\/\/www.spaziointeriore.com\/casaeditrice\/wp-json\/wp\/v2\/product_tag?post=2893"}],"curies":[{"name":"wp","href":"https:\/\/api.w.org\/{rel}","templated":true}]}}