{"id":2903,"date":"2020-10-03T07:39:58","date_gmt":"2020-10-03T07:39:58","guid":{"rendered":"https:\/\/spaziointeriore.com\/casaeditrice\/shop\/il-controllore-del-tempo\/"},"modified":"2020-10-03T07:39:58","modified_gmt":"2020-10-03T07:39:58","slug":"il-controllore-del-tempo","status":"publish","type":"product","link":"https:\/\/www.spaziointeriore.com\/casaeditrice\/catalogo\/il-controllore-del-tempo\/","title":{"rendered":"IL CONTROLLORE DEL TEMPO"},"content":{"rendered":"<p>Questo racconto magico, che narra lo straordinario viaggio di un elfo e di un drago alla ricerca di una pergamena del tempo perduta, \u00e8 la preziosa intuizione di una talentuosa bambina. Anna Ramone, che a soli dieci anni pu\u00f2 gi\u00e0 vantare la pubblicazione di un libro e di tre racconti, conduce i bambini di tutte le et\u00e0 in un viaggio alla scoperta dei pi\u00f9 profondi valori del vivere umano. Attraverso le avventure di Metronomo, il controllore del tempo, e Sim, un drago dai modi garbati, il lettore sar\u00e0 catapultato in un\u2019avventura a tutto tondo alla conquista del tempo che fugge. Questo libro, dallo stile puro, evocativo, autentico e al contempo straordinariamente profondo, \u00e8 in grado di parlare al cuore del bambino che \u00e8 in ognuno di noi, e costituisce un divertente invito all\u2019umanit\u00e0 a gestire il proprio tempo senza rincorrere le futilit\u00e0 che minacciano il quieto vivere, ma godendo appieno dei sentimenti, come l\u2019amicizia, che la vita offre. <strong>Con 27 illustrazioni da colorare.<\/strong><\/p>\n<p><em>\u00abQuesta \u00e8 la storia di una grande avventura, \/ vissuta da un personaggio che avventuroso non era affatto per natura. \/ Per lui era pi\u00f9 facile avere paura. \/ Questa volta per\u00f2 si era dovuto impegnare a dismisura, \/ la riuscita era insicura, \/ c\u2019era stata una congiura \/ Ma tranquilli, questa non \u00e8 una storia oscura, \/con protagonista un\u2019orrida creatura!\u00bb<\/em><\/p>\n","protected":false},"excerpt":{"rendered":"<p>Un libro magico, scritto da una bambina e rivolto ai bambini di tutte le et\u00e0, che racchiude il gioioso invito all&#8217;umanit\u00e0 a gestire il proprio tempo &#8212; che fugge per tutti &#8212; godendo appieno dei tanti sentimenti, come l&#8217;amicizia, che la vita offre<\/p>\n","protected":false},"featured_media":3855,"template":"","meta":{"_acf_changed":false},"product_brand":[],"product_cat":[200,85,138],"product_tag":[],"class_list":{"0":"post-2903","1":"product","2":"type-product","3":"status-publish","4":"has-post-thumbnail","6":"product_cat-anna-ramone-cat","7":"product_cat-bambino-interiore-cat","8":"product_cat-ghiande","10":"first","11":"instock","12":"shipping-taxable","13":"purchasable","14":"product-type-simple"},"acf":[],"_links":{"self":[{"href":"https:\/\/www.spaziointeriore.com\/casaeditrice\/wp-json\/wp\/v2\/product\/2903","targetHints":{"allow":["GET"]}}],"collection":[{"href":"https:\/\/www.spaziointeriore.com\/casaeditrice\/wp-json\/wp\/v2\/product"}],"about":[{"href":"https:\/\/www.spaziointeriore.com\/casaeditrice\/wp-json\/wp\/v2\/types\/product"}],"wp:featuredmedia":[{"embeddable":true,"href":"https:\/\/www.spaziointeriore.com\/casaeditrice\/wp-json\/wp\/v2\/media\/3855"}],"wp:attachment":[{"href":"https:\/\/www.spaziointeriore.com\/casaeditrice\/wp-json\/wp\/v2\/media?parent=2903"}],"wp:term":[{"taxonomy":"product_brand","embeddable":true,"href":"https:\/\/www.spaziointeriore.com\/casaeditrice\/wp-json\/wp\/v2\/product_brand?post=2903"},{"taxonomy":"product_cat","embeddable":true,"href":"https:\/\/www.spaziointeriore.com\/casaeditrice\/wp-json\/wp\/v2\/product_cat?post=2903"},{"taxonomy":"product_tag","embeddable":true,"href":"https:\/\/www.spaziointeriore.com\/casaeditrice\/wp-json\/wp\/v2\/product_tag?post=2903"}],"curies":[{"name":"wp","href":"https:\/\/api.w.org\/{rel}","templated":true}]}}