{"id":2906,"date":"2020-10-03T07:39:58","date_gmt":"2020-10-03T07:39:58","guid":{"rendered":"https:\/\/spaziointeriore.com\/casaeditrice\/shop\/simbologia-di-mercurio\/"},"modified":"2020-10-03T07:39:58","modified_gmt":"2020-10-03T07:39:58","slug":"simbologia-di-mercurio","status":"publish","type":"product","link":"https:\/\/www.spaziointeriore.com\/casaeditrice\/catalogo\/simbologia-di-mercurio\/","title":{"rendered":"SIMBOLOGIA DI MERCURIO"},"content":{"rendered":"<p>Nella lettura di un tema natale \u00e8 fondamentale un\u2019analisi accurata e completa dei pianeti personali \u2013 Mercurio, Venere e Marte \u2013 che accompagnano l\u2019Io nella sua strutturazione e crescita, sostenendolo nel delicato processo di adattamento e fornendogli gli strumenti utili a forgiare un\u2019identit\u00e0 solida ed elastica. In questo libro \u2013 il primo della preziosa trilogia dedicata ai tre pianeti personali \u2013 L. Fassio analizza in modo chiaro ed esaustivo il simbolismo e le funzioni psichiche dell\u2019archetipo di Mercurio, fornendo al lettore la chiave per una piena comprensione del suo significato. Dalle riflessioni sul reale significato del mito, all\u2019analisi del rapporto con gli elementi e i segni, fino all\u2019esame degli aspetti che forma con gli altri pianeti e alla portata del suo rapporto con il Sole e la Luna nella definizione dell\u2019Io, quest\u2019opera si rivela una fondamentale guida teorico-pratica per leggere, comprendere, approfondire e utilizzare al meglio questo potente strumento<\/p>\n<p><em>\u00abMercurio \u00e8 un archetipo dal simbolismo ricco e variegato, al punto che alcune delle sue sfaccettatura sembrano contemplare dei paradossi: egli, infatti, divide e al tempo stesso integra; \u00e8 androgino, e come tale pu\u00f2 parimenti servire sia il maschile che il femminile; contiene in s\u00e9 tutti i principi solari (vedremo in seguito come questo sia rappresentato nel mito) e, di conseguenza, contiene gli opposti, proprio per riuscire a servire ogni tipo di Sole\u00bb<\/em>.<\/p>\n","protected":false},"excerpt":{"rendered":"<p>Un&#8217;opera completa e accessibile a tutti sul simbolismo e le funzioni del pianeta Mercurio, che costituisce una preziosa guida teorico-pratica per una sua efficace lettura, comprensione e utilizzo nell&#8217;ambito del tema natale.<\/p>\n","protected":false},"featured_media":3857,"template":"","meta":{"_acf_changed":false},"product_brand":[],"product_cat":[83,140,173],"product_tag":[],"class_list":{"0":"post-2906","1":"product","2":"type-product","3":"status-publish","4":"has-post-thumbnail","6":"product_cat-astrologia-cat","7":"product_cat-lanterne","8":"product_cat-lidia-fassio-cat","10":"first","11":"instock","12":"shipping-taxable","13":"purchasable","14":"product-type-simple"},"acf":[],"_links":{"self":[{"href":"https:\/\/www.spaziointeriore.com\/casaeditrice\/wp-json\/wp\/v2\/product\/2906","targetHints":{"allow":["GET"]}}],"collection":[{"href":"https:\/\/www.spaziointeriore.com\/casaeditrice\/wp-json\/wp\/v2\/product"}],"about":[{"href":"https:\/\/www.spaziointeriore.com\/casaeditrice\/wp-json\/wp\/v2\/types\/product"}],"wp:featuredmedia":[{"embeddable":true,"href":"https:\/\/www.spaziointeriore.com\/casaeditrice\/wp-json\/wp\/v2\/media\/3857"}],"wp:attachment":[{"href":"https:\/\/www.spaziointeriore.com\/casaeditrice\/wp-json\/wp\/v2\/media?parent=2906"}],"wp:term":[{"taxonomy":"product_brand","embeddable":true,"href":"https:\/\/www.spaziointeriore.com\/casaeditrice\/wp-json\/wp\/v2\/product_brand?post=2906"},{"taxonomy":"product_cat","embeddable":true,"href":"https:\/\/www.spaziointeriore.com\/casaeditrice\/wp-json\/wp\/v2\/product_cat?post=2906"},{"taxonomy":"product_tag","embeddable":true,"href":"https:\/\/www.spaziointeriore.com\/casaeditrice\/wp-json\/wp\/v2\/product_tag?post=2906"}],"curies":[{"name":"wp","href":"https:\/\/api.w.org\/{rel}","templated":true}]}}