{"id":2937,"date":"2020-10-03T07:40:04","date_gmt":"2020-10-03T07:40:04","guid":{"rendered":"https:\/\/spaziointeriore.com\/casaeditrice\/shop\/22realta\/"},"modified":"2020-10-03T07:40:04","modified_gmt":"2020-10-03T07:40:04","slug":"22realta","status":"publish","type":"product","link":"https:\/\/www.spaziointeriore.com\/casaeditrice\/catalogo\/22realta\/","title":{"rendered":"2+2=REALT\u00c0"},"content":{"rendered":"<p>Un libro dal potenziale inversamente proporzionale alle sue dimensioni: piccolo nel formato e gigantesco nelle sue intuizioni. Un vero amuleto in grado di condurre alla piena percezione della perfezione del momento presente e perci\u00f2 a una profonda quiete, reale fondamento di una vita piena e felice. \u00abCosa c\u2019\u00e8 di pi\u00f9 reale della Realt\u00e0?\u00bb chiede Samuel all\u2019inizio di questo compendio di genialit\u00e0. <em>2+2=Realt\u00e0<\/em> \u00e8 un libro piccolo ma che contiene in s\u00e9 la potenza degli insegnamenti pi\u00f9 grandi e preziosi. Samuel, con la lucidit\u00e0 che caratterizza le sue opere, illumina il percorso di ricerca del lettore nella scoperta della propria definizione di Dio, identificata dall\u2019autore nella Realt\u00e0 di tutti i giorni, in un processo di recupero della ricchezza e importanza del Qui e Ora che accompagner\u00e0 il lettore a scoprire la costante meraviglia che lo circonda.<\/p>\n<p><em>\u00abTutti vorrebbero sperimentare l\u2019assenza di mancanze, limitazioni, pressioni e paure. Tutti desiderano provare un senso di quiete e di pace interiore. C\u2019\u00e8 un modo per riuscirci, caro lettore, ma esiste una sola porta da cui entrare. Si tratta esclusivamente di stabilire cosa \u00e8 Verit\u00e0 e cosa \u00e8 finzione riguardo a te stesso e alla Realt\u00e0\u00bb<\/em>.<\/p>\n","protected":false},"excerpt":{"rendered":"<p>Un libro dal potenziale inversamente proporzionale alle sue dimensioni: piccolo nel formato e gigantesco nelle sue intuizioni. Un vero amuleto in grado di condurre alla piena percezione della perfezione del momento presente e perci\u00f2 a una profonda quiete, reale fondamento di una vita piena e felice. \u00abCosa c&#8217;\u00e8 di pi\u00f9 reale della Realt\u00e0?\u00bb chiede Samuel all&#8217;inizio di questo compendio di genialit\u00e0.<\/p>\n","protected":false},"featured_media":3881,"template":"","meta":{"_acf_changed":false},"product_brand":[],"product_cat":[137,90,205],"product_tag":[],"class_list":{"0":"post-2937","1":"product","2":"type-product","3":"status-publish","4":"has-post-thumbnail","6":"product_cat-amuleti","7":"product_cat-ricerca-interiore-cat","8":"product_cat-william-samuel-cat","10":"first","11":"instock","12":"shipping-taxable","13":"purchasable","14":"product-type-simple"},"acf":[],"_links":{"self":[{"href":"https:\/\/www.spaziointeriore.com\/casaeditrice\/wp-json\/wp\/v2\/product\/2937","targetHints":{"allow":["GET"]}}],"collection":[{"href":"https:\/\/www.spaziointeriore.com\/casaeditrice\/wp-json\/wp\/v2\/product"}],"about":[{"href":"https:\/\/www.spaziointeriore.com\/casaeditrice\/wp-json\/wp\/v2\/types\/product"}],"wp:featuredmedia":[{"embeddable":true,"href":"https:\/\/www.spaziointeriore.com\/casaeditrice\/wp-json\/wp\/v2\/media\/3881"}],"wp:attachment":[{"href":"https:\/\/www.spaziointeriore.com\/casaeditrice\/wp-json\/wp\/v2\/media?parent=2937"}],"wp:term":[{"taxonomy":"product_brand","embeddable":true,"href":"https:\/\/www.spaziointeriore.com\/casaeditrice\/wp-json\/wp\/v2\/product_brand?post=2937"},{"taxonomy":"product_cat","embeddable":true,"href":"https:\/\/www.spaziointeriore.com\/casaeditrice\/wp-json\/wp\/v2\/product_cat?post=2937"},{"taxonomy":"product_tag","embeddable":true,"href":"https:\/\/www.spaziointeriore.com\/casaeditrice\/wp-json\/wp\/v2\/product_tag?post=2937"}],"curies":[{"name":"wp","href":"https:\/\/api.w.org\/{rel}","templated":true}]}}