{"id":2940,"date":"2020-10-03T07:40:04","date_gmt":"2020-10-03T07:40:04","guid":{"rendered":"https:\/\/spaziointeriore.com\/casaeditrice\/shop\/dmt-la-molecola-dello-spirito-2\/"},"modified":"2026-03-24T10:55:39","modified_gmt":"2026-03-24T10:55:39","slug":"dmt-la-molecola-dello-spirito-2","status":"publish","type":"product","link":"https:\/\/www.spaziointeriore.com\/casaeditrice\/catalogo\/dmt-la-molecola-dello-spirito-2\/","title":{"rendered":"DMT \u2013 LA MOLECOLA DELLO SPIRITO"},"content":{"rendered":"<p>Dal 1990 al 1995 il dottor Rick Strassman ha condotto una ricerca clinica approvata dalla dea (l\u2019agenzia federale antidroga statunitense) nell\u2019Universit\u00e0 del New Mexico, durante la quale ha sperimentato su sessanta volontari la dmt, uno degli psichedelici pi\u00f9 conosciuti al mondo. Il suo resoconto dettagliato di queste sessioni \u00e8 un\u2019indagine straordinariamente avvincente sulla natura della menta umana e sul potenziale terapeutico degli psichedelici. <\/p>\n<p>La dmt, una sostanza chimica di origine vegetale oltre che un prodotto del cervello umano, \u00e8 costantemente rilasciata durante le esperienze mistiche e di pre-morte. Molti volontari hanno riferito di incontri particolarmente vividi con entit\u00e0 intelligenti non umane, in particolar modo \u201calieni\u201d, e tutti affermano che le esperienze vissute durante tale ricerca siano state tra le pi\u00f9 profonde della loro vita. La ricerca di Strassman connette la dmt con la ghiandola pineale, considerata dagli Ind\u00f9 come il luogo del settimo chakra e da Ren\u00e9 Descartes come la sede dell\u2019anima, e non solo fornisce una notevole quantit\u00e0 di dati biologici e psicologici, ma offre altres\u00ec un\u2019ampia panoramica del ruolo che questa sostanza svolge nella nostra vita. <\/p>\n<p><em>dmt \u2013 La molecola dello spirito<\/em> lancia l\u2019ipotesi audace che tale sostanza, rilasciata naturalmente dalla ghiandola pineale, faciliti il movimento dell\u2019anima dentro e fuori dal corpo, e che sia inoltre parte integrante delle esperienze di nascita e morte, cos\u00ec come gli stati pi\u00f9 alti di meditazione e perfino di trascendenza sessuale. Strassman, infine, \u00e8 convinto che le esperienze di <em>abduction<\/em> aliene siano causate da emissioni accidentali di dmt. Se usata saggiamente, la dmt potrebbe aprire la strada verso numerosi quanto notevoli progressi nell\u2019esplorazione scientifica delle regioni pi\u00f9 mistiche della mente umana e dell\u2019anima<\/p>\n<p><em>\u00abUna molecola dello spirito deve generare, con un certo grado di attendibilit\u00e0, determinati stati psicologici che consideriamo \u201cspirituali\u201d: stati d\u2019animo di immensa gioia ed eternit\u00e0, e la certezza che ci\u00f2 che stiamo sperimentando sia \u201cpi\u00f9 reale della realt\u00e0\u201d. Una sostanza di questo tipo ci potrebbe condurre all\u2019accettazione della coesistenza degli opposti, come la vita e la morte, il bene e il male; alla consapevolezza che la coscienza continua dopo la morte; a una profonda comprensione dell\u2019unit\u00e0 di fondo di tutti i fenomeni; a una sensazione di saggezza e amore che pervade tutta l\u2019esistenza\u00bb<\/em>.<\/p>\n","protected":false},"excerpt":{"rendered":"<p>Torna in una nuova edizione, arricchita da una prefazione inedita dell&#8217;Autore, uno dei libri pi\u00f9 amati e apprezzati sulla natura della mente umana e sul potenziale terapeutico degli psichedelici.  Avvincente resoconto della sperimentazione della DMT, uno degli psichedelici pi\u00f9 noti al mondo, condotta all&#8217;inizio degli anni &#8217;90 su sessanta volontari, quest&#8217;opera ripercorre le varie tappe della ricerca, riportandone difficolt\u00e0 e risultati, nonch\u00e9 le testimonianze di coloro che ebbero a sottoporsi all&#8217;esperimento, concordi nell&#8217;affermare che tali sessioni siano state tra le pi\u00f9 profonde esperienze della loro vita.<\/p>\n","protected":false},"featured_media":3883,"template":"","meta":{"_acf_changed":false},"product_brand":[],"product_cat":[142,91,216],"product_tag":[],"class_list":{"0":"post-2940","1":"product","2":"type-product","3":"status-publish","4":"has-post-thumbnail","6":"product_cat-portali","7":"product_cat-psichedelia-cat","8":"product_cat-rick-strassman-cat","10":"first","11":"instock","12":"shipping-taxable","13":"purchasable","14":"product-type-simple"},"acf":[],"_links":{"self":[{"href":"https:\/\/www.spaziointeriore.com\/casaeditrice\/wp-json\/wp\/v2\/product\/2940","targetHints":{"allow":["GET"]}}],"collection":[{"href":"https:\/\/www.spaziointeriore.com\/casaeditrice\/wp-json\/wp\/v2\/product"}],"about":[{"href":"https:\/\/www.spaziointeriore.com\/casaeditrice\/wp-json\/wp\/v2\/types\/product"}],"wp:featuredmedia":[{"embeddable":true,"href":"https:\/\/www.spaziointeriore.com\/casaeditrice\/wp-json\/wp\/v2\/media\/3883"}],"wp:attachment":[{"href":"https:\/\/www.spaziointeriore.com\/casaeditrice\/wp-json\/wp\/v2\/media?parent=2940"}],"wp:term":[{"taxonomy":"product_brand","embeddable":true,"href":"https:\/\/www.spaziointeriore.com\/casaeditrice\/wp-json\/wp\/v2\/product_brand?post=2940"},{"taxonomy":"product_cat","embeddable":true,"href":"https:\/\/www.spaziointeriore.com\/casaeditrice\/wp-json\/wp\/v2\/product_cat?post=2940"},{"taxonomy":"product_tag","embeddable":true,"href":"https:\/\/www.spaziointeriore.com\/casaeditrice\/wp-json\/wp\/v2\/product_tag?post=2940"}],"curies":[{"name":"wp","href":"https:\/\/api.w.org\/{rel}","templated":true}]}}